{"id":3045,"date":"2026-03-03T22:27:14","date_gmt":"2026-03-03T22:27:14","guid":{"rendered":"https:\/\/artdeserttours.com\/?page_id=3045"},"modified":"2026-03-03T22:42:22","modified_gmt":"2026-03-03T22:42:22","slug":"terms-conditions","status":"publish","type":"page","link":"https:\/\/artdeserttours.com\/es\/terms-conditions\/","title":{"rendered":"T\u00e9rminos y condiciones"},"content":{"rendered":"<h2 class=\"wp-block-heading\"><strong>-Condiciones de pago:<\/strong><\/h2>\n\n\n\n<p>El pago del coste total del viaje deber\u00e1 realizarse al inicio de los servicios o durante su prestaci\u00f3n, salvo que se haya acordado previamente otra forma de pago.<\/p>\n\n\n\n<p>Para viajes organizados en grupo, se aplican t\u00e9rminos y condiciones espec\u00edficos, que var\u00edan seg\u00fan el tama\u00f1o del grupo, las opciones de alojamiento y la \u00e9poca del a\u00f1o. No dude en ponerse en contacto con nosotros para obtener m\u00e1s detalles.<\/p>\n\n\n\n<p>Cualquier modificaci\u00f3n o adici\u00f3n a su reserva debe enviarse por escrito y transmitirse a nosotros por correo electr\u00f3nico o WhatsApp. Para evitar cualquier posible confusi\u00f3n, es esencial obtener una confirmaci\u00f3n de la cancelaci\u00f3n o modificaci\u00f3n por parte de nuestro equipo.<\/p>\n\n\n\n<h2 class=\"wp-block-heading\"><strong>-Formas de pago:<\/strong><\/h2>\n\n\n\n<p>Aceptamos pagos a trav\u00e9s de cualquiera de las siguientes opciones:<\/p>\n\n\n\n<p>   <strong>\u25ba Tarjeta de cr\u00e9dito.<\/strong><\/p>\n\n\n\n<p>   <strong>\u25ba PayPal.<\/strong><\/p>\n\n\n\n<p>   <strong>\u25ba Pago en efectivo.<\/strong><\/p>\n\n\n\n<p>Tenga en cuenta que cualquier comisi\u00f3n bancaria relacionada con las transferencias de dinero correr\u00e1 a cargo del remitente.<\/p>\n\n\n\n<h2 class=\"wp-block-heading\"><strong>-Prices:<\/strong><\/h2>\n\n\n\n<p>-The cost of a journey is determined by the participant count, the season, and the specific services included in the booking, for instance, conveyance alone or comprehensive lodging for the whole or part of the trip.<\/p>\n\n\n\n<p>-Todos los precios est\u00e1n sujetos a negociaci\u00f3n.<\/p>\n\n\n\n<h2 class=\"wp-block-heading\"><strong>-Dep\u00f3sito:<\/strong><\/h2>\n\n\n\n<p>-A <strong>30%<\/strong> Se requiere el pago por adelantado de la tarifa total del servicio como dep\u00f3sito.<\/p>\n\n\n\n<p class=\"has-black-color has-text-color has-link-color wp-elements-dfe6ca6c5180fe7ed862cdf1279ad6d5\">-Le informamos que los gastos de transacci\u00f3n (ya sean por transferencias bancarias u otras transmisiones monetarias) no est\u00e1n incluidos en el <a href=\"https:\/\/moroccotoursdata.com\/\" title=\"\">visita <\/a>price; such expenses are to be fully covered by you.<\/p>\n\n\n\n<h2 class=\"wp-block-heading\"><strong>-Pol\u00edtica de reembolso:<\/strong><\/h2>\n\n\n\n<ul class=\"wp-block-list\">\n<li>Se reembolsar\u00e1 el importe \u00edntegro (100 %) del dep\u00f3sito en caso de cancelaciones realizadas con una antelaci\u00f3n m\u00ednima de 20 d\u00edas respecto a la fecha prevista para la excursi\u00f3n.<\/li>\n\n\n\n<li>Se reembolsar\u00e1 el 50 % del dep\u00f3sito por las cancelaciones realizadas entre 10 y 19 d\u00edas antes de la fecha prevista para la excursi\u00f3n.<\/li>\n\n\n\n<li>Se reembolsar\u00e1 el 10 % del dep\u00f3sito por las cancelaciones realizadas entre 5 y 9 d\u00edas antes de la fecha prevista para la excursi\u00f3n.<\/li>\n\n\n\n<li>No se reembolsar\u00e1 el dep\u00f3sito en caso de cancelaciones realizadas dentro de los 5 d\u00edas anteriores a la fecha prevista para la excursi\u00f3n.<\/li>\n<\/ul>\n\n\n\n<h2 class=\"wp-block-heading\"><strong>Categor\u00edas de nuestras cancelaciones:<\/strong><\/h2>\n\n\n\n<p><strong>Cancelaciones por causas de fuerza mayor:<\/strong>&nbsp;Art Desert Tours Company se reserva el derecho de cancelar cualquier excursi\u00f3n cuando la seguridad de los viajeros pueda verse comprometida, incluyendo casos de cat\u00e1strofes naturales o el estallido de un conflicto armado. La devoluci\u00f3n de todo el dinero recaudado constituye una indemnizaci\u00f3n completa.<\/p>\n\n\n\n<p><strong>Cancelaciones por circunstancias imprevistas:<\/strong>&nbsp;Los mandatos oficiales que impidan la ejecuci\u00f3n prevista de la excursi\u00f3n pueden obligar a su cancelaci\u00f3n. Nos reservamos el derecho de cancelar una excursi\u00f3n si la valoraci\u00f3n de la moneda fluct\u00faa m\u00e1s de un 25 %, lo que afectar\u00eda al coste; en tal caso, podr\u00edamos rescindir la reserva y devolver todos los fondos remitidos o proponer la realizaci\u00f3n de la excursi\u00f3n con el tipo de cambio revisado. Si no pudi\u00e9ramos realizar la excursi\u00f3n debido a acontecimientos o crisis adicionales impredecibles, se devolver\u00edan todos los pagos recibidos hasta la fecha como satisfacci\u00f3n total.<\/p>\n\n\n\n<p>Todas las estipulaciones y condiciones son aplicables a <a href=\"https:\/\/artdeserttours.com\/en\/morocco-tours\/\" title=\"\">excursiones <\/a>y cualquier otra reserva finalizada a trav\u00e9s de la <a href=\"https:\/\/artdeserttours.com\/es\/\" title=\"\">Art Desert Tours<\/a> sitio web.<\/p>\n\n\n\n<p><\/p>","protected":false},"excerpt":{"rendered":"<p>-Payment Terms: Settlement of the entire tour cost must be made at the start of the services, or during their provision, unless alternative arrangements have been agreed upon in advance. For organized group travel, distinct terms and conditions are applicable,<\/p>\n<div class=\"padding-top text-center\"><a href=\"https:\/\/artdeserttours.com\/es\/terms-conditions\/\" class=\"atbtn atbtn--medium atbtn--rounded atbtn--transparent\"><i class=\"atbtn__icon atbtn__icon--right fa fa-long-arrow-right\"><\/i><\/a><\/div>","protected":false},"author":1,"featured_media":0,"parent":0,"menu_order":0,"comment_status":"closed","ping_status":"closed","template":"","meta":{"_monsterinsights_skip_tracking":false,"_monsterinsights_sitenote_active":false,"_monsterinsights_sitenote_note":"","_monsterinsights_sitenote_category":0,"_uf_show_specific_survey":0,"_uf_disable_surveys":false,"footnotes":""},"class_list":["post-3045","page","type-page","status-publish","hentry"],"aioseo_notices":[],"_links":{"self":[{"href":"https:\/\/artdeserttours.com\/es\/wp-json\/wp\/v2\/pages\/3045","targetHints":{"allow":["GET"]}}],"collection":[{"href":"https:\/\/artdeserttours.com\/es\/wp-json\/wp\/v2\/pages"}],"about":[{"href":"https:\/\/artdeserttours.com\/es\/wp-json\/wp\/v2\/types\/page"}],"author":[{"embeddable":true,"href":"https:\/\/artdeserttours.com\/es\/wp-json\/wp\/v2\/users\/1"}],"replies":[{"embeddable":true,"href":"https:\/\/artdeserttours.com\/es\/wp-json\/wp\/v2\/comments?post=3045"}],"version-history":[{"count":4,"href":"https:\/\/artdeserttours.com\/es\/wp-json\/wp\/v2\/pages\/3045\/revisions"}],"predecessor-version":[{"id":3053,"href":"https:\/\/artdeserttours.com\/es\/wp-json\/wp\/v2\/pages\/3045\/revisions\/3053"}],"wp:attachment":[{"href":"https:\/\/artdeserttours.com\/es\/wp-json\/wp\/v2\/media?parent=3045"}],"curies":[{"name":"wp","href":"https:\/\/api.w.org\/{rel}","templated":true}]}}