{"id":1334,"date":"2024-09-21T18:58:47","date_gmt":"2024-09-21T18:58:47","guid":{"rendered":"https:\/\/artdeserttours.com\/?post_type=product&#038;p=1334"},"modified":"2026-05-17T10:37:55","modified_gmt":"2026-05-17T10:37:55","slug":"10-days-grand-tour-from-marrakech","status":"publish","type":"product","link":"https:\/\/artdeserttours.com\/es\/tours\/gran-recorrido-de-10-dias-desde-marrakech\/","title":{"rendered":"gran viaje de 10 d\u00edas desde marrakech"},"content":{"rendered":"<div>\n<div>\n<div><span style=\"color: #000080;\"><strong> gran viaje de 10 d\u00edas desde marrakech:<\/strong><\/span> Emprenda un incre\u00edble viaje de 10 d\u00edas desde Marrakech para descubrir las coloridas ciudades y los impresionantes paisajes de Marruecos. Llegue a Marrakech y reciba una c\u00e1lida bienvenida antes de viajar a Essaouira, un tesoro costero famoso por su vibrante puerto y su encantadora medina. Experimente la riqueza hist\u00f3rica y cultural de Marrakech realizando a su regreso una visita guiada por sus lugares m\u00e1s importantes. Viaje al valle del Dades a trav\u00e9s de las impresionantes monta\u00f1as del Alto Atlas, y pase la noche bajo las estrellas en el desierto del S\u00e1hara. Descubra los sorprendentes contrastes entre <strong><span style=\"color: #8f3a1b;\"><a style=\"color: #8f3a1b;\" href=\"https:\/\/artdeserttours.com\/es\/tour-category\/tours-from-fes\/\">Fez<\/a><\/span><\/strong>, Chefchaouen y T\u00e1nger, cada una de las cuales ofrece una visi\u00f3n profunda de la cultura y la historia locales. Por \u00faltimo, explore las pintorescas calles azules de <span style=\"color: #8f3a1b;\"><strong><a style=\"color: #8f3a1b;\" href=\"https:\/\/en.wikipedia.org\/wiki\/Chefchaouen\">Chefchaouen<\/a> <\/strong><\/span>antes de regresar a T\u00e1nger para efectuar su salida.<\/div>\n<\/div>\n<\/div>\n<table class=\"table table-bordered tours-tabs__table\" style=\"height: 233px;\" width=\"862\">\n<tbody>\n<tr>\n<td><strong>LUGAR DE SALIDA<\/strong><\/td>\n<td>T\u00e1nger<\/td>\n<\/tr>\n<tr>\n<td><strong>LUGAR DE DESTINO<\/strong><\/td>\n<td>Marrakech<\/td>\n<\/tr>\n<tr>\n<td><strong>INCLUIDO<\/strong><\/td>\n<td>\n<table class=\"table table-bordered\" style=\"height: 384px;\" width=\"514\">\n<tbody>\n<tr>\n<td><i class=\"fa fa-check icon-tick icon-tick--on\"><\/i><span style=\"font-family: inherit; font-size: inherit;\">Pasar una noche en un campamento n\u00f3mada del desierto con una tienda privada (cama, cena, desayuno, Wifi)<\/span><\/td>\n<td><i class=\"fa fa-check icon-tick icon-tick--on\"><\/i><span style=\"font-family: inherit; font-size: inherit;\">Gu\u00eda de habla espa\u00f1ol con <\/span><span style=\"font-family: inherit; font-size: inherit;\">Conductor <\/span><span style=\"font-family: inherit; font-size: inherit;\">durante la visita<\/span><\/td>\n<\/tr>\n<tr>\n<td><i class=\"fa fa-check icon-tick icon-tick--on\"><\/i><span style=\"font-family: inherit; font-size: inherit;\">Excursi\u00f3n en camello por las dunas de Merzouga<\/span><\/td>\n<td><i class=\"fa fa-check icon-tick icon-tick--on\"><\/i><span style=\"font-family: inherit; font-size: inherit;\">Recogida y entrega en su<\/span>\n<p><span style=\"font-family: inherit; font-size: inherit;\">alojamiento<\/span><\/p><\/td>\n<\/tr>\n<\/tbody>\n<\/table>\n<\/td>\n<\/tr>\n<tr>\n<td><b>NO INCLUIDO<\/b><\/td>\n<td>\n<table class=\"table table-bordered\" style=\"height: 62px;\" width=\"300\">\n<tbody>\n<tr>\n<td><i class=\"fa fa-times icon-tick icon-tick--off\"><\/i><span style=\"font-family: inherit; font-size: inherit;\">Billetes de avi\u00f3n<\/span><\/td>\n<\/tr>\n<tr>\n<td><i class=\"fa fa-times icon-tick icon-tick--off\"><\/i>Comidas, Bebidas<\/td>\n<\/tr>\n<\/tbody>\n<\/table>\n<\/td>\n<\/tr>\n<\/tbody>\n<\/table>\n<p>&nbsp;<\/p>","protected":false},"excerpt":{"rendered":"<p><span style=\"color: #000080;\">gran viaje de 10 d\u00edas desde marrakech:<\/span> Emb\u00e1rcate en un incre\u00edble viaje de 10 d\u00edas desde Marrakech para descubrir las coloridas ciudades y los impresionantes paisajes de Marruecos.<\/p>","protected":false},"featured_media":1646,"comment_status":"closed","ping_status":"closed","template":"","meta":{"_monsterinsights_skip_tracking":false,"_monsterinsights_sitenote_active":false,"_monsterinsights_sitenote_note":"","_monsterinsights_sitenote_category":0},"product_brand":[],"product_cat":[21],"product_tag":[72,97,87,98,86,75,96],"class_list":{"0":"post-1334","1":"product","2":"type-product","3":"status-publish","4":"has-post-thumbnail","6":"product_cat-moroccan-tours","7":"product_tag-10-days","8":"product_tag-10-days-grand-tour-from-marrakech","9":"product_tag-art-desert-tours","10":"product_tag-marrakech-to-tangier","11":"product_tag-morocco-desert-tour","12":"product_tag-sahara-desert","13":"product_tag-tours-from-marrakech","14":"tour_category-tours-from-marrakech","16":"first","17":"instock","18":"shipping-taxable","19":"product-type-tour"},"aioseo_notices":[],"_links":{"self":[{"href":"https:\/\/artdeserttours.com\/es\/wp-json\/wp\/v2\/product\/1334","targetHints":{"allow":["GET"]}}],"collection":[{"href":"https:\/\/artdeserttours.com\/es\/wp-json\/wp\/v2\/product"}],"about":[{"href":"https:\/\/artdeserttours.com\/es\/wp-json\/wp\/v2\/types\/product"}],"replies":[{"embeddable":true,"href":"https:\/\/artdeserttours.com\/es\/wp-json\/wp\/v2\/comments?post=1334"}],"wp:featuredmedia":[{"embeddable":true,"href":"https:\/\/artdeserttours.com\/es\/wp-json\/wp\/v2\/media\/1646"}],"wp:attachment":[{"href":"https:\/\/artdeserttours.com\/es\/wp-json\/wp\/v2\/media?parent=1334"}],"wp:term":[{"taxonomy":"product_brand","embeddable":true,"href":"https:\/\/artdeserttours.com\/es\/wp-json\/wp\/v2\/product_brand?post=1334"},{"taxonomy":"product_cat","embeddable":true,"href":"https:\/\/artdeserttours.com\/es\/wp-json\/wp\/v2\/product_cat?post=1334"},{"taxonomy":"product_tag","embeddable":true,"href":"https:\/\/artdeserttours.com\/es\/wp-json\/wp\/v2\/product_tag?post=1334"}],"curies":[{"name":"wp","href":"https:\/\/api.w.org\/{rel}","templated":true}]}}