{"id":1337,"date":"2024-09-21T19:06:27","date_gmt":"2024-09-21T19:06:27","guid":{"rendered":"https:\/\/artdeserttours.com\/?post_type=product&#038;p=1337"},"modified":"2026-05-17T14:53:29","modified_gmt":"2026-05-17T14:53:29","slug":"12-days-tour-from-tangier-to-sahara","status":"publish","type":"product","link":"https:\/\/artdeserttours.com\/es\/tours\/viaje-de-12-dias-desde-tanger-al-sahara\/","title":{"rendered":"Viaje de 12 d\u00edas desde T\u00e1nger al S\u00e1hara"},"content":{"rendered":"<div>\n<div>\n<div><span style=\"color: #000080;\"><strong> circuito de 12 d\u00edas de tanger al sahara:<\/strong><\/span> Emprenda un apasionante viaje de 12 d\u00edas desde T\u00e1nger y explore la variada topograf\u00eda y la rica historia de Marruecos. T\u00e1nger, una pr\u00f3spera ciudad conocida por su mezcla de culturas y su encanto ancestral, es el punto de partida de este extenso recorrido. Conocer\u00e1 la magnificencia de Fez, con su conocida medina y sus edificios hist\u00f3ricos, as\u00ed como las pintorescas callejuelas azules de <span style=\"color: #8f3a1b;\"><strong><a style=\"color: #8f3a1b;\" href=\"https:\/\/en.wikipedia.org\/wiki\/Chefchaouen\">Chefchaouen<\/a> <\/strong><\/span>y los antiguos romanos<\/div>\n<div>restos de Volubilis. Cada d\u00eda ofrece nuevas sorpresas, desde las imponentes dunas de Merzouga y<\/div>\n<div>las impresionantes Gargantas del Todra hasta las vibrantes callejuelas de <span style=\"color: #8f3a1b;\"><strong><a style=\"color: #8f3a1b;\" href=\"https:\/\/artdeserttours.com\/es\/tour-category\/tours-from-marrakech\/\">Marrakech<\/a> <\/strong><\/span>y el tranquilo balneario de Essaouira. Visite Rabat y Casablanca para disfrutar de la magnificencia de la historia y la arquitectura marroqu\u00edes.<\/div>\n<\/div>\n<\/div>\n<table class=\"table table-bordered tours-tabs__table\" style=\"height: 233px;\" width=\"862\">\n<tbody>\n<tr>\n<td><strong>LUGAR DE SALIDA<\/strong><\/td>\n<td>Rabat<\/td>\n<\/tr>\n<tr>\n<td><strong>LUGAR DE DESTINO<\/strong><\/td>\n<td>T\u00e1nger<\/td>\n<\/tr>\n<tr>\n<td><strong>INCLUIDO<\/strong><\/td>\n<td>\n<table class=\"table table-bordered\" style=\"height: 384px;\" width=\"514\">\n<tbody>\n<tr>\n<td><i class=\"fa fa-check icon-tick icon-tick--on\"><\/i><span style=\"font-family: inherit; font-size: inherit;\">Pasar una noche en el campamento n\u00f3mada del desierto con una tienda privada (Wifi, cama, dormitorio disponible)<\/span><\/td>\n<td><i class=\"fa fa-check icon-tick icon-tick--on\"><\/i><span style=\"font-family: inherit; font-size: inherit;\">Gu\u00eda de habla espa\u00f1ol con <\/span><span style=\"font-family: inherit; font-size: inherit;\">Conductor <\/span><span style=\"font-family: inherit; font-size: inherit;\">durante la visita<\/span><\/td>\n<\/tr>\n<tr>\n<td><i class=\"fa fa-check icon-tick icon-tick--on\"><\/i>1 <span style=\"font-family: inherit; font-size: inherit;\">Excursi\u00f3n en camello por las dunas de Merzouga(por persona)<\/span><\/td>\n<td><i class=\"fa fa-check icon-tick icon-tick--on\"><\/i><span style=\"font-family: inherit; font-size: inherit;\">Recogida y entrega en su<\/span>\n<p><span style=\"font-family: inherit; font-size: inherit;\">alojamiento<\/span><\/p><\/td>\n<\/tr>\n<\/tbody>\n<\/table>\n<p><i class=\"fa fa-check icon-tick icon-tick--on\"><\/i> 11 noches de alojamiento en la categor\u00eda de hotel elegida.(Desayuno diario,Cena)<\/p><\/td>\n<\/tr>\n<tr>\n<td><b>NO INCLUIDO<\/b><\/td>\n<td>\n<table class=\"table table-bordered\" style=\"height: 62px;\" width=\"300\">\n<tbody>\n<tr>\n<td><i class=\"fa fa-times icon-tick icon-tick--off\"><\/i><span style=\"font-family: inherit; font-size: inherit;\">Billetes de avi\u00f3n<\/span><\/td>\n<\/tr>\n<tr>\n<td><i class=\"fa fa-times icon-tick icon-tick--off\"><\/i>Comidas, Bebidas<\/td>\n<\/tr>\n<\/tbody>\n<\/table>\n<\/td>\n<\/tr>\n<\/tbody>\n<\/table>\n<p>&nbsp;<\/p>","protected":false},"excerpt":{"rendered":"<p><span style=\"color: #000080;\">circuito de 12 d\u00edas de tanger al sahara:<\/span> Emb\u00e1rcate en un fascinante viaje de 12 d\u00edas desde T\u00e1nger y explora la variada topograf\u00eda y la rica historia de Marruecos.<\/p>","protected":false},"featured_media":1314,"comment_status":"closed","ping_status":"closed","template":"","meta":{"_monsterinsights_skip_tracking":false,"_monsterinsights_sitenote_active":false,"_monsterinsights_sitenote_note":"","_monsterinsights_sitenote_category":0},"product_brand":[],"product_cat":[21],"product_tag":[107,106,87,74,110,111,109,105,108],"class_list":{"0":"post-1337","1":"product","2":"type-product","3":"status-publish","4":"has-post-thumbnail","6":"product_cat-moroccan-tours","7":"product_tag-12-days","8":"product_tag-12-days-tour-from-tangier-to-sahara","9":"product_tag-art-desert-tours","10":"product_tag-merzouga","11":"product_tag-morocco-sahara-tours","12":"product_tag-sahara-tours","13":"product_tag-tangier","14":"product_tag-tours-from-tangier","15":"product_tag-what-to-do-in-tangier","16":"tour_category-tours-from-tangier","18":"first","19":"instock","20":"shipping-taxable","21":"product-type-tour"},"aioseo_notices":[],"_links":{"self":[{"href":"https:\/\/artdeserttours.com\/es\/wp-json\/wp\/v2\/product\/1337","targetHints":{"allow":["GET"]}}],"collection":[{"href":"https:\/\/artdeserttours.com\/es\/wp-json\/wp\/v2\/product"}],"about":[{"href":"https:\/\/artdeserttours.com\/es\/wp-json\/wp\/v2\/types\/product"}],"replies":[{"embeddable":true,"href":"https:\/\/artdeserttours.com\/es\/wp-json\/wp\/v2\/comments?post=1337"}],"wp:featuredmedia":[{"embeddable":true,"href":"https:\/\/artdeserttours.com\/es\/wp-json\/wp\/v2\/media\/1314"}],"wp:attachment":[{"href":"https:\/\/artdeserttours.com\/es\/wp-json\/wp\/v2\/media?parent=1337"}],"wp:term":[{"taxonomy":"product_brand","embeddable":true,"href":"https:\/\/artdeserttours.com\/es\/wp-json\/wp\/v2\/product_brand?post=1337"},{"taxonomy":"product_cat","embeddable":true,"href":"https:\/\/artdeserttours.com\/es\/wp-json\/wp\/v2\/product_cat?post=1337"},{"taxonomy":"product_tag","embeddable":true,"href":"https:\/\/artdeserttours.com\/es\/wp-json\/wp\/v2\/product_tag?post=1337"}],"curies":[{"name":"wp","href":"https:\/\/api.w.org\/{rel}","templated":true}]}}