{"id":1339,"date":"2024-09-21T19:19:41","date_gmt":"2024-09-21T19:19:41","guid":{"rendered":"https:\/\/artdeserttours.com\/?post_type=product&#038;p=1339"},"modified":"2026-05-17T10:26:10","modified_gmt":"2026-05-17T10:26:10","slug":"5-days-tour-from-fes-to-marrakech","status":"publish","type":"product","link":"https:\/\/artdeserttours.com\/es\/tours\/viaje-de-5-dias-de-fes-a-marrakech\/","title":{"rendered":"circuito de 5 d\u00edas de fes a marrakech"},"content":{"rendered":"<div>\n<div>\n<div><span style=\"color: #000080;\"><strong> excursi\u00f3n de 5 d\u00edas de fes a marrakech:<\/strong><\/span> Esta excursi\u00f3n de 5 d\u00edas de Fez a Marrakech le permitir\u00e1 conocer a fondo la cultura marroqu\u00ed. Explore primero Fez, con la famosa Medersa Bouinania, la Medina y sus antiguas mellahs. Explore las impresionantes regiones de Azrou y <span style=\"color: #8f3a1b;\"><strong><a style=\"color: #8f3a1b;\" href=\"https:\/\/en.wikipedia.org\/wiki\/Ifrane\">Ifrane,<\/a><\/strong><\/span>Pase una noche en las dunas de Merzouga y monte en camello para vivir una aut\u00e9ntica experiencia en el desierto del S\u00e1hara. Contin\u00fae hacia Ouarzazate, famosa por su pasado cinematogr\u00e1fico y sus impresionantes Kasbahs. Por \u00faltimo, viaje a trav\u00e9s de las monta\u00f1as del Atlas para llegar a <span style=\"color: #8f3a1b;\"><strong><a style=\"color: #8f3a1b;\" href=\"https:\/\/artdeserttours.com\/es\/tour-category\/tours-from-marrakech\/\">Marrakech<\/a><\/strong><\/span>, donde podr\u00e1 descubrir su din\u00e1mica cultura y lugares notables, como la conocida plaza Jemaa El Fna.<\/div>\n<\/div>\n<\/div>\n<table class=\"table table-bordered tours-tabs__table\" style=\"height: 233px;\" width=\"862\">\n<tbody>\n<tr>\n<td><strong>LUGAR DE SALIDA<\/strong><\/td>\n<td>Marrakech<\/td>\n<\/tr>\n<tr>\n<td><strong>LUGAR DE DESTINO<\/strong><\/td>\n<td>Fez<\/td>\n<\/tr>\n<tr>\n<td><strong>INCLUIDO<\/strong><\/td>\n<td>\n<table class=\"table table-bordered\" style=\"height: 384px;\" width=\"514\">\n<tbody>\n<tr>\n<td><i class=\"fa fa-check icon-tick icon-tick--on\"><\/i><span style=\"font-family: inherit; font-size: inherit;\">Pasar una noche en campamento n\u00f3mada en el desierto con tienda privada<\/span><\/td>\n<td><i class=\"fa fa-check icon-tick icon-tick--on\"><\/i><span style=\"font-family: inherit; font-size: inherit;\">Gu\u00eda de habla espa\u00f1ol con <\/span><span style=\"font-family: inherit; font-size: inherit;\">Conductor <\/span><span style=\"font-family: inherit; font-size: inherit;\">durante la visita<\/span><\/td>\n<\/tr>\n<tr>\n<td><i class=\"fa fa-check icon-tick icon-tick--on\"><\/i><span style=\"font-family: inherit; font-size: inherit;\">Excursi\u00f3n en camello por las dunas de Merzouga<\/span><\/td>\n<td><i class=\"fa fa-check icon-tick icon-tick--on\"><\/i><span style=\"font-family: inherit; font-size: inherit;\">Recogida y entrega en su<\/span>\n<p><span style=\"font-family: inherit; font-size: inherit;\">alojamiento<\/span><\/p><\/td>\n<\/tr>\n<\/tbody>\n<\/table>\n<p><i class=\"fa fa-check icon-tick icon-tick--on\"><\/i>Desayunos\/cenas<\/p><\/td>\n<\/tr>\n<tr>\n<td><b>NO INCLUIDO<\/b><\/td>\n<td>\n<table class=\"table table-bordered\" style=\"height: 62px;\" width=\"300\">\n<tbody>\n<tr>\n<td><i class=\"fa fa-times icon-tick icon-tick--off\"><\/i><span style=\"font-family: inherit; font-size: inherit;\">Billetes de avi\u00f3n<\/span><\/td>\n<\/tr>\n<tr>\n<td><i class=\"fa fa-times icon-tick icon-tick--off\"><\/i>Comidas, Bebidas<\/td>\n<\/tr>\n<\/tbody>\n<\/table>\n<\/td>\n<\/tr>\n<\/tbody>\n<\/table>\n<p>&nbsp;<\/p>","protected":false},"excerpt":{"rendered":"<p><span style=\"color: #000080;\">excursi\u00f3n de 5 d\u00edas de fes a marrakech:<\/span> excursi\u00f3n de 5 d\u00edas de fes a marrakech: Esta excursi\u00f3n de 5 d\u00edas de Fez a Marrakech le permitir\u00e1 conocer a fondo la cultura marroqu\u00ed.<\/p>","protected":false},"featured_media":1647,"comment_status":"closed","ping_status":"closed","template":"","meta":{"_monsterinsights_skip_tracking":false,"_monsterinsights_sitenote_active":false,"_monsterinsights_sitenote_note":"","_monsterinsights_sitenote_category":0},"product_brand":[],"product_cat":[21],"product_tag":[95,94,88,74,75,89],"class_list":{"0":"post-1339","1":"product","2":"type-product","3":"status-publish","4":"has-post-thumbnail","6":"product_cat-moroccan-tours","7":"product_tag-5-days","8":"product_tag-5-days-tour-from-fes-to-marrakech","9":"product_tag-fes-tours","10":"product_tag-merzouga","11":"product_tag-sahara-desert","12":"product_tag-tours-from-fes","13":"tour_category-tours-from-fes","15":"first","16":"instock","17":"shipping-taxable","18":"product-type-tour"},"aioseo_notices":[],"_links":{"self":[{"href":"https:\/\/artdeserttours.com\/es\/wp-json\/wp\/v2\/product\/1339","targetHints":{"allow":["GET"]}}],"collection":[{"href":"https:\/\/artdeserttours.com\/es\/wp-json\/wp\/v2\/product"}],"about":[{"href":"https:\/\/artdeserttours.com\/es\/wp-json\/wp\/v2\/types\/product"}],"replies":[{"embeddable":true,"href":"https:\/\/artdeserttours.com\/es\/wp-json\/wp\/v2\/comments?post=1339"}],"wp:featuredmedia":[{"embeddable":true,"href":"https:\/\/artdeserttours.com\/es\/wp-json\/wp\/v2\/media\/1647"}],"wp:attachment":[{"href":"https:\/\/artdeserttours.com\/es\/wp-json\/wp\/v2\/media?parent=1339"}],"wp:term":[{"taxonomy":"product_brand","embeddable":true,"href":"https:\/\/artdeserttours.com\/es\/wp-json\/wp\/v2\/product_brand?post=1339"},{"taxonomy":"product_cat","embeddable":true,"href":"https:\/\/artdeserttours.com\/es\/wp-json\/wp\/v2\/product_cat?post=1339"},{"taxonomy":"product_tag","embeddable":true,"href":"https:\/\/artdeserttours.com\/es\/wp-json\/wp\/v2\/product_tag?post=1339"}],"curies":[{"name":"wp","href":"https:\/\/api.w.org\/{rel}","templated":true}]}}