{"id":1341,"date":"2024-09-21T19:35:50","date_gmt":"2024-09-21T19:35:50","guid":{"rendered":"https:\/\/artdeserttours.com\/?post_type=product&#038;p=1341"},"modified":"2026-05-17T10:29:53","modified_gmt":"2026-05-17T10:29:53","slug":"6-days-tour-from-fes-to-desert-landscape","status":"publish","type":"product","link":"https:\/\/artdeserttours.com\/es\/tours\/viaje-de-6-dias-desde-fez-al-paisaje-desertico\/","title":{"rendered":"excursi\u00f3n de 6 d\u00edas de fes al desierto"},"content":{"rendered":"<div>\n<div>\n<div><span style=\"color: #000080;\"><strong> excursi\u00f3n de 6 d\u00edas desde fes al paisaje des\u00e9rtico:<\/strong> <\/span>Emprenda un viaje de 6 d\u00edas desde Fez para explorar las cautivadoras regiones des\u00e9rticas de Marruecos. Explore la rica historia de Fez al comienzo de su aventura antes de dirigirse al desierto de Merzouga. Recorra en coche las monta\u00f1as del Atlas Medio, deteni\u00e9ndose en pintorescos pueblos como <span style=\"color: #8f3a1b;\"><strong><a style=\"color: #8f3a1b;\" href=\"https:\/\/en.wikipedia.org\/wiki\/Azrou\">Azrou<\/a> <\/strong><\/span>e Ifrane. El senderismo comele y los intercambios culturales con los n\u00f3madas locales son excelentes formas de experimentar el encanto del desierto. Dir\u00edjase a Ouarzazate, famosa por su papel en la historia del cine, y atraviese despu\u00e9s las monta\u00f1as del Alto Atlas para llegar a <span style=\"color: #8f3a1b;\"><strong><a style=\"color: #8f3a1b;\" href=\"https:\/\/artdeserttours.com\/es\/tour-category\/tours-from-marrakech\/\">Marrakech<\/a><\/strong><\/span>. Explore la din\u00e1mica cultura de Marrakech, que incluye tanto la bulliciosa plaza Jemaa El Fna como las atracciones hist\u00f3ricas.  Este viaje ofrece una investigaci\u00f3n en profundidad de la variada topograf\u00eda y las joyas culturales de Marruecos.<\/div>\n<\/div>\n<\/div>\n<table class=\"table table-bordered tours-tabs__table\" style=\"height: 233px;\" width=\"862\">\n<tbody>\n<tr>\n<td><strong>LUGAR DE SALIDA<\/strong><\/td>\n<td>Marrakech<\/td>\n<\/tr>\n<tr>\n<td><strong>LUGAR DE DESTINO<\/strong><\/td>\n<td>Fez<\/td>\n<\/tr>\n<tr>\n<td><strong>INCLUIDO<\/strong><\/td>\n<td>\n<table class=\"table table-bordered\" style=\"height: 384px;\" width=\"514\">\n<tbody>\n<tr>\n<td><i class=\"fa fa-check icon-tick icon-tick--on\"><\/i><span style=\"font-family: inherit; font-size: inherit;\">Pasar una noche en campamento n\u00f3mada en el desierto con tienda privada<\/span><\/td>\n<td><i class=\"fa fa-check icon-tick icon-tick--on\"><\/i><span style=\"font-family: inherit; font-size: inherit;\">Gu\u00eda de habla espa\u00f1ol con <\/span><span style=\"font-family: inherit; font-size: inherit;\">Conductor <\/span><span style=\"font-family: inherit; font-size: inherit;\">durante la visita<\/span><\/td>\n<\/tr>\n<tr>\n<td><i class=\"fa fa-check icon-tick icon-tick--on\"><\/i><span style=\"font-family: inherit; font-size: inherit;\">Excursi\u00f3n en camello por las dunas de Merzouga<\/span><\/td>\n<td><i class=\"fa fa-check icon-tick icon-tick--on\"><\/i><span style=\"font-family: inherit; font-size: inherit;\">Recogida y entrega en su<\/span>\n<p><span style=\"font-family: inherit; font-size: inherit;\">alojamiento<\/span><\/p><\/td>\n<\/tr>\n<\/tbody>\n<\/table>\n<p><i class=\"fa fa-check icon-tick icon-tick--on\"><\/i>Desayunos \/ Cenas<\/p><\/td>\n<\/tr>\n<tr>\n<td><b>NO INCLUIDO<\/b><\/td>\n<td>\n<table class=\"table table-bordered\" style=\"height: 62px;\" width=\"300\">\n<tbody>\n<tr>\n<td><i class=\"fa fa-times icon-tick icon-tick--off\"><\/i><span style=\"font-family: inherit; font-size: inherit;\">Billetes de avi\u00f3n<\/span><\/td>\n<\/tr>\n<tr>\n<td><i class=\"fa fa-times icon-tick icon-tick--off\"><\/i>Comidas, Bebidas<\/td>\n<\/tr>\n<\/tbody>\n<\/table>\n<\/td>\n<\/tr>\n<\/tbody>\n<\/table>\n<p>&nbsp;<\/p>","protected":false},"excerpt":{"rendered":"<p><span style=\"color: #000080;\">excursi\u00f3n de 6 d\u00edas desde fes al paisaje des\u00e9rtico: <\/span>viaje de 6 d\u00edas desde fes al paisaje des\u00e9rtico Emprenda un viaje de 6 d\u00edas desde Fez para explorar las cautivadoras regiones des\u00e9rticas de Marruecos. Explore la rica historia<\/p>","protected":false},"featured_media":1307,"comment_status":"closed","ping_status":"closed","template":"","meta":{"_monsterinsights_skip_tracking":false,"_monsterinsights_sitenote_active":false,"_monsterinsights_sitenote_note":"","_monsterinsights_sitenote_category":0},"product_brand":[],"product_cat":[21],"product_tag":[93,92,87,88,85,89],"class_list":{"0":"post-1341","1":"product","2":"type-product","3":"status-publish","4":"has-post-thumbnail","6":"product_cat-moroccan-tours","7":"product_tag-6-days","8":"product_tag-6-days-tour-from-fes-to-desert-landscape","9":"product_tag-art-desert-tours","10":"product_tag-fes-tours","11":"product_tag-sahara-desert-tours","12":"product_tag-tours-from-fes","13":"tour_category-tours-from-fes","15":"first","16":"instock","17":"shipping-taxable","18":"product-type-tour"},"aioseo_notices":[],"_links":{"self":[{"href":"https:\/\/artdeserttours.com\/es\/wp-json\/wp\/v2\/product\/1341","targetHints":{"allow":["GET"]}}],"collection":[{"href":"https:\/\/artdeserttours.com\/es\/wp-json\/wp\/v2\/product"}],"about":[{"href":"https:\/\/artdeserttours.com\/es\/wp-json\/wp\/v2\/types\/product"}],"replies":[{"embeddable":true,"href":"https:\/\/artdeserttours.com\/es\/wp-json\/wp\/v2\/comments?post=1341"}],"wp:featuredmedia":[{"embeddable":true,"href":"https:\/\/artdeserttours.com\/es\/wp-json\/wp\/v2\/media\/1307"}],"wp:attachment":[{"href":"https:\/\/artdeserttours.com\/es\/wp-json\/wp\/v2\/media?parent=1341"}],"wp:term":[{"taxonomy":"product_brand","embeddable":true,"href":"https:\/\/artdeserttours.com\/es\/wp-json\/wp\/v2\/product_brand?post=1341"},{"taxonomy":"product_cat","embeddable":true,"href":"https:\/\/artdeserttours.com\/es\/wp-json\/wp\/v2\/product_cat?post=1341"},{"taxonomy":"product_tag","embeddable":true,"href":"https:\/\/artdeserttours.com\/es\/wp-json\/wp\/v2\/product_tag?post=1341"}],"curies":[{"name":"wp","href":"https:\/\/api.w.org\/{rel}","templated":true}]}}