{"id":1343,"date":"2024-09-21T19:59:27","date_gmt":"2024-09-21T19:59:27","guid":{"rendered":"https:\/\/artdeserttours.com\/?post_type=product&#038;p=1343"},"modified":"2026-05-17T10:42:59","modified_gmt":"2026-05-17T10:42:59","slug":"3-days-tour-from-marrakech-to-fes","status":"publish","type":"product","link":"https:\/\/artdeserttours.com\/es\/tours\/viaje-de-3-dias-de-marrakech-a-fes\/","title":{"rendered":"Tour de 3 d\u00edas desde Marrakech"},"content":{"rendered":"<div>\n<div>\n<div><span style=\"color: #000080;\"><strong>the best 3 days tour from marrakech to fes:<\/strong><\/span> Explore los variados paisajes de Marruecos durante este viaje de tres d\u00edas de Marrakech a Fez. Comience viajando por las impresionantes monta\u00f1as del Alto Atlas hasta el valle del Dades, donde podr\u00e1 detenerse en lugares famosos de pel\u00edculas como Ait Ben Haddou y Ouarzazate. Vaya del Dades a la fascinante <span style=\"color: #8f3a1b;\"><strong><a style=\"color: #8f3a1b;\" href=\"https:\/\/en.wikipedia.org\/wiki\/Merzouga\">Merzouga<\/a> <\/strong><\/span>Concluya su viaje con un amanecer en el desierto y un pintoresco viaje a trav\u00e9s de las monta\u00f1as del Atlas, pasando por Erfoud y Midelt, antes de llegar a la hist\u00f3rica ciudad de <span style=\"color: #8f3a1b;\"><strong><a style=\"color: #8f3a1b;\" href=\"https:\/\/artdeserttours.com\/es\/tour-category\/tours-from-fes\/\">Fez<\/a><\/strong><\/span>.<\/div>\n<div>Este recorrido ofrece una mezcla de patrimonio cultural, belleza natural y memorables experiencias en el desierto.<\/div>\n<\/div>\n<\/div>\n<table class=\"table table-bordered tours-tabs__table\" style=\"height: 233px;\" width=\"862\">\n<tbody>\n<tr>\n<td><strong>LUGAR DE SALIDA<\/strong><\/td>\n<td>Fez<\/td>\n<\/tr>\n<tr>\n<td><strong>LUGAR DE DESTINO<\/strong><\/td>\n<td>Marrakech<\/td>\n<\/tr>\n<tr>\n<td><strong>INCLUIDO<\/strong><\/td>\n<td>\n<table class=\"table table-bordered\" style=\"height: 384px;\" width=\"514\">\n<tbody>\n<tr>\n<td><i class=\"fa fa-check icon-tick icon-tick--on\"><\/i><span style=\"font-family: inherit; font-size: inherit;\">Pasar una noche en campamento n\u00f3mada en el desierto con tienda privada<\/span><\/td>\n<td><i class=\"fa fa-check icon-tick icon-tick--on\"><\/i><span style=\"font-family: inherit; font-size: inherit;\">Gu\u00eda de habla espa\u00f1ol con <\/span><span style=\"font-family: inherit; font-size: inherit;\">Conductor <\/span><span style=\"font-family: inherit; font-size: inherit;\">durante la visita<\/span><\/td>\n<\/tr>\n<tr>\n<td><i class=\"fa fa-check icon-tick icon-tick--on\"><\/i><span style=\"font-family: inherit; font-size: inherit;\">Excursi\u00f3n en camello por las dunas de Merzouga<\/span><\/td>\n<td><i class=\"fa fa-check icon-tick icon-tick--on\"><\/i><span style=\"font-family: inherit; font-size: inherit;\">Recogida y entrega en su<\/span>\n<p><span style=\"font-family: inherit; font-size: inherit;\">alojamiento<\/span><\/p><\/td>\n<\/tr>\n<\/tbody>\n<\/table>\n<p><i class=\"fa fa-check icon-tick icon-tick--on\"><\/i><span style=\"font-family: inherit; font-size: inherit;\">Sandboard, fogata...<\/span><i class=\"fa fa-check icon-tick icon-tick--on\"><\/i>(Cena, desayuno, cama)<\/p><\/td>\n<\/tr>\n<tr>\n<td><b>NO INCLUIDO<\/b><\/td>\n<td>\n<table class=\"table table-bordered\" style=\"height: 62px;\" width=\"300\">\n<tbody>\n<tr>\n<td><i class=\"fa fa-times icon-tick icon-tick--off\"><\/i><span style=\"font-family: inherit; font-size: inherit;\">Billetes de avi\u00f3n<\/span><\/td>\n<\/tr>\n<tr>\n<td><i class=\"fa fa-times icon-tick icon-tick--off\"><\/i>Comidas, Bebidas<\/td>\n<\/tr>\n<\/tbody>\n<\/table>\n<\/td>\n<\/tr>\n<\/tbody>\n<\/table>\n<p>&nbsp;<\/p>","protected":false},"excerpt":{"rendered":"<p><span style=\"color: #000080;\">excursi\u00f3n de 3 d\u00edas de marrakech a fes:<\/span> Explora los variados paisajes de Marruecos durante este viaje de tres d\u00edas desde Marrakech a Fez.<\/p>","protected":false},"featured_media":2651,"comment_status":"closed","ping_status":"closed","template":"","meta":{"_monsterinsights_skip_tracking":false,"_monsterinsights_sitenote_active":false,"_monsterinsights_sitenote_note":"","_monsterinsights_sitenote_category":0},"product_brand":[],"product_cat":[21],"product_tag":[100,99,87,86,75,96],"class_list":{"0":"post-1343","1":"product","2":"type-product","3":"status-publish","4":"has-post-thumbnail","6":"product_cat-moroccan-tours","7":"product_tag-3-days","8":"product_tag-3-days-tour-from-marrakech-to-fes","9":"product_tag-art-desert-tours","10":"product_tag-morocco-desert-tour","11":"product_tag-sahara-desert","12":"product_tag-tours-from-marrakech","13":"tour_category-tours-from-marrakech","15":"first","16":"instock","17":"shipping-taxable","18":"product-type-tour"},"aioseo_notices":[],"_links":{"self":[{"href":"https:\/\/artdeserttours.com\/es\/wp-json\/wp\/v2\/product\/1343","targetHints":{"allow":["GET"]}}],"collection":[{"href":"https:\/\/artdeserttours.com\/es\/wp-json\/wp\/v2\/product"}],"about":[{"href":"https:\/\/artdeserttours.com\/es\/wp-json\/wp\/v2\/types\/product"}],"replies":[{"embeddable":true,"href":"https:\/\/artdeserttours.com\/es\/wp-json\/wp\/v2\/comments?post=1343"}],"wp:featuredmedia":[{"embeddable":true,"href":"https:\/\/artdeserttours.com\/es\/wp-json\/wp\/v2\/media\/2651"}],"wp:attachment":[{"href":"https:\/\/artdeserttours.com\/es\/wp-json\/wp\/v2\/media?parent=1343"}],"wp:term":[{"taxonomy":"product_brand","embeddable":true,"href":"https:\/\/artdeserttours.com\/es\/wp-json\/wp\/v2\/product_brand?post=1343"},{"taxonomy":"product_cat","embeddable":true,"href":"https:\/\/artdeserttours.com\/es\/wp-json\/wp\/v2\/product_cat?post=1343"},{"taxonomy":"product_tag","embeddable":true,"href":"https:\/\/artdeserttours.com\/es\/wp-json\/wp\/v2\/product_tag?post=1343"}],"curies":[{"name":"wp","href":"https:\/\/api.w.org\/{rel}","templated":true}]}}