{"id":1345,"date":"2024-09-21T20:23:44","date_gmt":"2024-09-21T20:23:44","guid":{"rendered":"https:\/\/artdeserttours.com\/?post_type=product&#038;p=1345"},"modified":"2026-05-17T10:50:49","modified_gmt":"2026-05-17T10:50:49","slug":"4-days-tour-from-marrakech-to-merzouga","status":"publish","type":"product","link":"https:\/\/artdeserttours.com\/es\/tours\/viaje-de-4-dias-desde-marrakech-a-merzouga\/","title":{"rendered":"Viaje de 4 d\u00edas desde Marrakech a Merzouga"},"content":{"rendered":"<div>\n<div>\n<div><span style=\"color: #000080;\"><strong> excursi\u00f3n de 4 d\u00edas de marrakech a merzouga:<\/strong><\/span> Emprenda una apasionante excursi\u00f3n de 4 d\u00edas al fascinante desierto de Merzouga desde Marrakech. Comience su viaje atravesando las magn\u00edficas monta\u00f1as del Alto Atlas, con paradas en el pintoresco Valle del Dades y la Kasbah de Ait Ben Haddou, declarada Patrimonio de la Humanidad por la UNESCO. Contin\u00fae hacia el cautivador desierto de Ouzina, donde podr\u00e1 sumergirse de lleno en la cultura bereber, a trav\u00e9s de las pintorescas gargantas del Todra. D\u00e9 un paseo en dromedario para descubrir el encanto de las dunas de Erg Chebbi y pase la noche bajo las estrellas en el desierto de Ouzina. <span style=\"color: #8f3a1b;\"><strong><a style=\"color: #8f3a1b;\" href=\"https:\/\/en.wikipedia.org\/wiki\/Merzouga\">Sahara<\/a><\/strong><\/span>. El \u00faltimo d\u00eda, presencie el amanecer en el desierto y regrese a <span style=\"color: #8f3a1b;\"><strong><a style=\"color: #8f3a1b;\" href=\"https:\/\/artdeserttours.com\/es\/tour-category\/tours-from-marrakech\/\">Marrakech<\/a> <\/strong><\/span>a trav\u00e9s de rutas panor\u00e1micas, incluyendo paradas en lugares hist\u00f3ricos y pintorescos a lo largo del camino. Este recorrido ofrece una mezcla de belleza natural, inmersi\u00f3n cultural y experiencias inolvidables en el desierto.<\/div>\n<\/div>\n<\/div>\n<table class=\"table table-bordered tours-tabs__table\" style=\"height: 233px;\" width=\"862\">\n<tbody>\n<tr>\n<td><strong>LUGAR DE SALIDA<\/strong><\/td>\n<td>Marrakech<\/td>\n<\/tr>\n<tr>\n<td><strong>LUGAR DE DESTINO<\/strong><\/td>\n<td>Marrakech<\/td>\n<\/tr>\n<tr>\n<td><strong>INCLUIDO<\/strong><\/td>\n<td>\n<table class=\"table table-bordered\" style=\"height: 384px;\" width=\"514\">\n<tbody>\n<tr>\n<td><i class=\"fa fa-check icon-tick icon-tick--on\"><\/i><span style=\"font-family: inherit; font-size: inherit;\">Pasar una noche en campamento n\u00f3mada del desierto con Tienda Privada ( cama, cena,<br \/>\ndesayuno y grupo musical sahara)<\/span><\/td>\n<td><i class=\"fa fa-check icon-tick icon-tick--on\"><\/i><span style=\"font-family: inherit; font-size: inherit;\">Gu\u00eda de habla espa\u00f1ol con <\/span><span style=\"font-family: inherit; font-size: inherit;\">Conductor <\/span><span style=\"font-family: inherit; font-size: inherit;\">durante la visita<\/span><\/td>\n<\/tr>\n<tr>\n<td><i class=\"fa fa-check icon-tick icon-tick--on\"><\/i><span style=\"font-family: inherit; font-size: inherit;\">Excursi\u00f3n en camello por las dunas de Merzouga<\/span><\/td>\n<td><i class=\"fa fa-check icon-tick icon-tick--on\"><\/i><span style=\"font-family: inherit; font-size: inherit;\">Recogida y entrega en su<\/span>\n<p><span style=\"font-family: inherit; font-size: inherit;\">alojamiento<\/span><\/p><\/td>\n<\/tr>\n<\/tbody>\n<\/table>\n<p><i class=\"fa fa-check icon-tick icon-tick--on\"><\/i>hotel\/riad en Gargantas del Dades<br \/>\nincluido (cama, cena, desayuno)<i class=\"fa fa-check icon-tick icon-tick--on\"><\/i><span style=\"font-family: inherit; font-size: inherit;\">sand boarding, fogata...<\/span><\/p>\n<p><i class=\"fa fa-check icon-tick icon-tick--on\"><\/i><span style=\"font-family: inherit; font-size: inherit;\">hotel\/riad en Ouarzazate,<br \/>\n(Cama, cena, desayuno)incluido<\/span><\/p><\/td>\n<\/tr>\n<tr>\n<td><b>NO INCLUIDO<\/b><\/td>\n<td>\n<table class=\"table table-bordered\" style=\"height: 62px;\" width=\"300\">\n<tbody>\n<tr>\n<td><i class=\"fa fa-times icon-tick icon-tick--off\"><\/i><span style=\"font-family: inherit; font-size: inherit;\">Billetes de avi\u00f3n<\/span><\/td>\n<\/tr>\n<tr>\n<td><i class=\"fa fa-times icon-tick icon-tick--off\"><\/i>Comidas, Bebidas<\/td>\n<\/tr>\n<\/tbody>\n<\/table>\n<\/td>\n<\/tr>\n<\/tbody>\n<\/table>\n<p>&nbsp;<\/p>","protected":false},"excerpt":{"rendered":"<p><span style=\"color: #000080;\">excursi\u00f3n de 4 d\u00edas de marrakech a merzouga:<\/span> Excursi\u00f3n de 4 d\u00edas de Marrakech a Merzouga: Emprenda una apasionante excursi\u00f3n de 4 d\u00edas al fascinante desierto de Merzouga desde Marrakech. Comience su viaje<\/p>","protected":false},"featured_media":1652,"comment_status":"closed","ping_status":"closed","template":"","meta":{"_monsterinsights_skip_tracking":false,"_monsterinsights_sitenote_active":false,"_monsterinsights_sitenote_note":"","_monsterinsights_sitenote_category":0},"product_brand":[],"product_cat":[21],"product_tag":[102,101,87,103,74,96],"class_list":{"0":"post-1345","1":"product","2":"type-product","3":"status-publish","4":"has-post-thumbnail","6":"product_cat-moroccan-tours","7":"product_tag-4-days","8":"product_tag-4-days-tour-from-marrakech-to-merzouga","9":"product_tag-art-desert-tours","10":"product_tag-marrakech-to-sahara","11":"product_tag-merzouga","12":"product_tag-tours-from-marrakech","13":"tour_category-tours-from-marrakech","15":"first","16":"instock","17":"shipping-taxable","18":"product-type-tour"},"aioseo_notices":[],"_links":{"self":[{"href":"https:\/\/artdeserttours.com\/es\/wp-json\/wp\/v2\/product\/1345","targetHints":{"allow":["GET"]}}],"collection":[{"href":"https:\/\/artdeserttours.com\/es\/wp-json\/wp\/v2\/product"}],"about":[{"href":"https:\/\/artdeserttours.com\/es\/wp-json\/wp\/v2\/types\/product"}],"replies":[{"embeddable":true,"href":"https:\/\/artdeserttours.com\/es\/wp-json\/wp\/v2\/comments?post=1345"}],"wp:featuredmedia":[{"embeddable":true,"href":"https:\/\/artdeserttours.com\/es\/wp-json\/wp\/v2\/media\/1652"}],"wp:attachment":[{"href":"https:\/\/artdeserttours.com\/es\/wp-json\/wp\/v2\/media?parent=1345"}],"wp:term":[{"taxonomy":"product_brand","embeddable":true,"href":"https:\/\/artdeserttours.com\/es\/wp-json\/wp\/v2\/product_brand?post=1345"},{"taxonomy":"product_cat","embeddable":true,"href":"https:\/\/artdeserttours.com\/es\/wp-json\/wp\/v2\/product_cat?post=1345"},{"taxonomy":"product_tag","embeddable":true,"href":"https:\/\/artdeserttours.com\/es\/wp-json\/wp\/v2\/product_tag?post=1345"}],"curies":[{"name":"wp","href":"https:\/\/api.w.org\/{rel}","templated":true}]}}