{"id":1347,"date":"2024-09-21T20:39:40","date_gmt":"2024-09-21T20:39:40","guid":{"rendered":"https:\/\/artdeserttours.com\/?post_type=product&#038;p=1347"},"modified":"2026-05-17T10:59:35","modified_gmt":"2026-05-17T10:59:35","slug":"5-days-tour-from-marrakech-to-fes","status":"publish","type":"product","link":"https:\/\/artdeserttours.com\/es\/tours\/viaje-de-5-dias-de-marrakech-a-fes\/","title":{"rendered":"Viaje de 5 d\u00edas desde Marrakech a Fez"},"content":{"rendered":"<div><span style=\"color: #000080;\"><strong>ruta de 5 d\u00edas de marrakech a fes<\/strong> : <\/span>Con una combinaci\u00f3n de exploraci\u00f3n cultural y actividades en el desierto, nuestro viaje de 5 d\u00edas de Marrakech a Fez le ofrecer\u00e1 un aut\u00e9ntico sabor a <span style=\"color: #8f3a1b;\"><strong><a style=\"color: #8f3a1b;\" href=\"https:\/\/artdeserttours.com\/es\/\">Marruecos<\/a><\/strong><\/span>. Comience atravesando las magn\u00edficas monta\u00f1as del Alto Atlas hasta llegar a Ait Ben Haddou, declarado Patrimonio de la Humanidad por la UNESCO. Atraviese el impresionante valle del Dades para llegar al extenso desierto de Merzouga, donde podr\u00e1 dar paseos en 4\u00d74 entre las dunas o realizar excursiones en camello. Dir\u00edjase al pueblo de Midelt, en las tierras altas, despu\u00e9s de explorar el cautivador <a href=\"https:\/\/en.wikipedia.org\/wiki\/Erg_Chebbi\"><span style=\"color: #8f3a1b;\"><strong>Erg Chebbi<\/strong><\/span><\/a>. . Take a beautiful trip through charming towns and the cedar forests of Azrou to finish your journey at the ancient city of Fes. Morocco\u2019s diverse culture, rich history, and stunning natural surroundings are all promised to be included in this journey.<\/div>\n<table class=\"table table-bordered tours-tabs__table\" style=\"height: 233px;\" width=\"862\">\n<tbody>\n<tr>\n<td><strong>LUGAR DE SALIDA<\/strong><\/td>\n<td>Fez<\/td>\n<\/tr>\n<tr>\n<td><strong>LUGAR DE DESTINO<\/strong><\/td>\n<td>Marrakech<\/td>\n<\/tr>\n<tr>\n<td><strong>INCLUIDO<\/strong><\/td>\n<td>\n<table class=\"table table-bordered\" style=\"height: 384px;\" width=\"514\">\n<tbody>\n<tr>\n<td><i class=\"fa fa-check icon-tick icon-tick--on\"><\/i><span style=\"font-family: inherit; font-size: inherit;\">Pasar una noche en campamento n\u00f3mada en el desierto con tienda privada<\/span><\/td>\n<td><i class=\"fa fa-check icon-tick icon-tick--on\"><\/i><span style=\"font-family: inherit; font-size: inherit;\">Gu\u00eda de habla espa\u00f1ol con <\/span><span style=\"font-family: inherit; font-size: inherit;\">Conductor <\/span><span style=\"font-family: inherit; font-size: inherit;\">durante la visita<\/span><\/td>\n<\/tr>\n<tr>\n<td><i class=\"fa fa-check icon-tick icon-tick--on\"><\/i><span style=\"font-family: inherit; font-size: inherit;\">Excursi\u00f3n en camello por las dunas de Merzouga<\/span><\/td>\n<td><i class=\"fa fa-check icon-tick icon-tick--on\"><\/i><span style=\"font-family: inherit; font-size: inherit;\">Recogida y entrega en su<\/span>\n<p><span style=\"font-family: inherit; font-size: inherit;\">alojamiento<\/span><\/p><\/td>\n<\/tr>\n<\/tbody>\n<\/table>\n<\/td>\n<\/tr>\n<tr>\n<td><b>NO INCLUIDO<\/b><\/td>\n<td>\n<table class=\"table table-bordered\" style=\"height: 62px;\" width=\"300\">\n<tbody>\n<tr>\n<td><i class=\"fa fa-times icon-tick icon-tick--off\"><\/i><span style=\"font-family: inherit; font-size: inherit;\">Billetes de avi\u00f3n<\/span><\/td>\n<\/tr>\n<tr>\n<td><i class=\"fa fa-times icon-tick icon-tick--off\"><\/i>Comidas, Bebidas<\/td>\n<\/tr>\n<\/tbody>\n<\/table>\n<\/td>\n<\/tr>\n<\/tbody>\n<\/table>\n<p>&nbsp;<\/p>","protected":false},"excerpt":{"rendered":"<p><span style=\"color: #000080;\">5 days tour from marrakech to fes : <\/span>Con una combinaci\u00f3n de exploraci\u00f3n cultural y actividades en el desierto, nuestro viaje de 5 d\u00edas de Marrakech a Fez le ofrecer\u00e1 un aut\u00e9ntico sabor a<\/p>","protected":false},"featured_media":2025,"comment_status":"closed","ping_status":"closed","template":"","meta":{"_monsterinsights_skip_tracking":false,"_monsterinsights_sitenote_active":false,"_monsterinsights_sitenote_note":"","_monsterinsights_sitenote_category":0},"product_brand":[],"product_cat":[21],"product_tag":[87,123,74,111,96],"class_list":{"0":"post-1347","1":"product","2":"type-product","3":"status-publish","4":"has-post-thumbnail","6":"product_cat-moroccan-tours","7":"product_tag-art-desert-tours","8":"product_tag-marrakech","9":"product_tag-merzouga","10":"product_tag-sahara-tours","11":"product_tag-tours-from-marrakech","12":"tour_category-tours-from-marrakech","14":"first","15":"instock","16":"shipping-taxable","17":"product-type-tour"},"aioseo_notices":[],"_links":{"self":[{"href":"https:\/\/artdeserttours.com\/es\/wp-json\/wp\/v2\/product\/1347","targetHints":{"allow":["GET"]}}],"collection":[{"href":"https:\/\/artdeserttours.com\/es\/wp-json\/wp\/v2\/product"}],"about":[{"href":"https:\/\/artdeserttours.com\/es\/wp-json\/wp\/v2\/types\/product"}],"replies":[{"embeddable":true,"href":"https:\/\/artdeserttours.com\/es\/wp-json\/wp\/v2\/comments?post=1347"}],"wp:featuredmedia":[{"embeddable":true,"href":"https:\/\/artdeserttours.com\/es\/wp-json\/wp\/v2\/media\/2025"}],"wp:attachment":[{"href":"https:\/\/artdeserttours.com\/es\/wp-json\/wp\/v2\/media?parent=1347"}],"wp:term":[{"taxonomy":"product_brand","embeddable":true,"href":"https:\/\/artdeserttours.com\/es\/wp-json\/wp\/v2\/product_brand?post=1347"},{"taxonomy":"product_cat","embeddable":true,"href":"https:\/\/artdeserttours.com\/es\/wp-json\/wp\/v2\/product_cat?post=1347"},{"taxonomy":"product_tag","embeddable":true,"href":"https:\/\/artdeserttours.com\/es\/wp-json\/wp\/v2\/product_tag?post=1347"}],"curies":[{"name":"wp","href":"https:\/\/api.w.org\/{rel}","templated":true}]}}