{"id":1348,"date":"2024-09-21T22:22:14","date_gmt":"2024-09-21T22:22:14","guid":{"rendered":"https:\/\/artdeserttours.com\/?post_type=product&#038;p=1348"},"modified":"2026-05-17T11:04:19","modified_gmt":"2026-05-17T11:04:19","slug":"7-days-tour-from-marrakech-to-merzouga","status":"publish","type":"product","link":"https:\/\/artdeserttours.com\/es\/tours\/viaje-de-7-dias-desde-marrakech-a-merzouga\/","title":{"rendered":"circuito de 7 d\u00edas de marrakech a merzouga"},"content":{"rendered":"<div>\n<div>\n<div><span style=\"color: #000080;\"><strong> excursi\u00f3n de 7 d\u00edas de marrakech a merzouga:<\/strong><\/span> Emprenda una extraordinaria excursi\u00f3n de 6 d\u00edas desde Marrakech al cautivador desierto de Merzouga. Su viaje comienza con un impresionante recorrido en coche por las monta\u00f1as del Alto Atlas, con parada en la conocida Kasbah de Ait Ben Haddou, reconocida como Patrimonio de la Humanidad por la UNESCO. Descubrir\u00e1 el valle del Dades y se dejar\u00e1 seducir por el desierto de Ouzina cuando recorra estos impresionantes parajes. Ensille un camello para atravesar las dunas de Erg Chebbi y pase las noches bajo las estrellas en aut\u00e9nticos campamentos del desierto. Explorar\u00e1 la fascinante Kasbah de<span style=\"color: #8f3a1b;\"><strong> <a style=\"color: #8f3a1b;\" href=\"https:\/\/en.wikipedia.org\/wiki\/At_Benhaddou\">Ait Ben Haddou<\/a> <\/strong><\/span>y la ciudad medieval de Ouarzazate en su camino de vuelta a <strong><span style=\"color: #8f3a1b;\"><a style=\"color: #8f3a1b;\" href=\"https:\/\/artdeserttours.com\/es\/tour-category\/tours-from-marrakech\/\">Marrakech<\/a><\/span><\/strong>. Recorra la ciudad de Marrakech hacia el final de su viaje, deteni\u00e9ndose en lugares famosos como el Jard\u00edn Majorelle y la Mezquita Koutoubia.<\/div>\n<\/div>\n<\/div>\n<table class=\"table table-bordered tours-tabs__table\" style=\"height: 233px;\" width=\"862\">\n<tbody>\n<tr>\n<td><strong>LUGAR DE SALIDA<\/strong><\/td>\n<td>Marrakech<\/td>\n<\/tr>\n<tr>\n<td><strong>LUGAR DE DESTINO<\/strong><\/td>\n<td>Marrakech<\/td>\n<\/tr>\n<tr>\n<td><strong>INCLUIDO<\/strong><\/td>\n<td>\n<table class=\"table table-bordered\" style=\"height: 384px;\" width=\"514\">\n<tbody>\n<tr>\n<td><i class=\"fa fa-check icon-tick icon-tick--on\"><\/i><span style=\"font-family: inherit; font-size: inherit;\">Pasar una noche en un campamento n\u00f3mada del desierto con una tienda privada (cama, cena, desayuno, m\u00fasica del desierto)<\/span><\/td>\n<td><i class=\"fa fa-check icon-tick icon-tick--on\"><\/i><span style=\"font-family: inherit; font-size: inherit;\">Gu\u00eda de habla espa\u00f1ol con <\/span><span style=\"font-family: inherit; font-size: inherit;\">Conductor <\/span><span style=\"font-family: inherit; font-size: inherit;\">durante la visita<\/span><\/td>\n<\/tr>\n<tr>\n<td><i class=\"fa fa-check icon-tick icon-tick--on\"><\/i><span style=\"font-family: inherit; font-size: inherit;\">Excursi\u00f3n en camello por las dunas de Merzouga<\/span><\/td>\n<td><i class=\"fa fa-check icon-tick icon-tick--on\"><\/i><span style=\"font-family: inherit; font-size: inherit;\">Recogida y entrega en su<\/span>\n<p><span style=\"font-family: inherit; font-size: inherit;\">alojamiento<\/span><\/p><\/td>\n<\/tr>\n<\/tbody>\n<\/table>\n<p><i class=\"fa fa-check icon-tick icon-tick--on\"><\/i><span style=\"font-family: inherit; font-size: inherit;\">Hotel\/Riad( Desayuno,Cena,cama incluida)<\/span><\/p><\/td>\n<\/tr>\n<tr>\n<td><b>NO INCLUIDO<\/b><\/td>\n<td>\n<table class=\"table table-bordered\" style=\"height: 62px;\" width=\"300\">\n<tbody>\n<tr>\n<td><i class=\"fa fa-times icon-tick icon-tick--off\"><\/i><span style=\"font-family: inherit; font-size: inherit;\">Billetes de avi\u00f3n<\/span><\/td>\n<\/tr>\n<tr>\n<td><i class=\"fa fa-times icon-tick icon-tick--off\"><\/i>Comidas, Bebidas<\/td>\n<\/tr>\n<\/tbody>\n<\/table>\n<\/td>\n<\/tr>\n<\/tbody>\n<\/table>\n<p>&nbsp;<\/p>","protected":false},"excerpt":{"rendered":"<p><span style=\"color: #000080;\">excursi\u00f3n de 7 d\u00edas de marrakech a merzouga:<\/span> Excursi\u00f3n de 7 d\u00edas de Marrakech a Merzouga: Emprenda una extraordinaria excursi\u00f3n de 6 d\u00edas desde Marrakech al cautivador desierto de Merzouga. Su viaje comienza<\/p>","protected":false},"featured_media":2654,"comment_status":"closed","ping_status":"closed","template":"","meta":{"_monsterinsights_skip_tracking":false,"_monsterinsights_sitenote_active":false,"_monsterinsights_sitenote_note":"","_monsterinsights_sitenote_category":0},"product_brand":[],"product_cat":[21],"product_tag":[80,104,87,86,85,96],"class_list":{"0":"post-1348","1":"product","2":"type-product","3":"status-publish","4":"has-post-thumbnail","6":"product_cat-moroccan-tours","7":"product_tag-7-days-in-morocco","8":"product_tag-7-days-tour-from-marrakech-to-merzouga","9":"product_tag-art-desert-tours","10":"product_tag-morocco-desert-tour","11":"product_tag-sahara-desert-tours","12":"product_tag-tours-from-marrakech","13":"tour_category-tours-from-marrakech","15":"first","16":"instock","17":"shipping-taxable","18":"product-type-tour"},"aioseo_notices":[],"_links":{"self":[{"href":"https:\/\/artdeserttours.com\/es\/wp-json\/wp\/v2\/product\/1348","targetHints":{"allow":["GET"]}}],"collection":[{"href":"https:\/\/artdeserttours.com\/es\/wp-json\/wp\/v2\/product"}],"about":[{"href":"https:\/\/artdeserttours.com\/es\/wp-json\/wp\/v2\/types\/product"}],"replies":[{"embeddable":true,"href":"https:\/\/artdeserttours.com\/es\/wp-json\/wp\/v2\/comments?post=1348"}],"wp:featuredmedia":[{"embeddable":true,"href":"https:\/\/artdeserttours.com\/es\/wp-json\/wp\/v2\/media\/2654"}],"wp:attachment":[{"href":"https:\/\/artdeserttours.com\/es\/wp-json\/wp\/v2\/media?parent=1348"}],"wp:term":[{"taxonomy":"product_brand","embeddable":true,"href":"https:\/\/artdeserttours.com\/es\/wp-json\/wp\/v2\/product_brand?post=1348"},{"taxonomy":"product_cat","embeddable":true,"href":"https:\/\/artdeserttours.com\/es\/wp-json\/wp\/v2\/product_cat?post=1348"},{"taxonomy":"product_tag","embeddable":true,"href":"https:\/\/artdeserttours.com\/es\/wp-json\/wp\/v2\/product_tag?post=1348"}],"curies":[{"name":"wp","href":"https:\/\/api.w.org\/{rel}","templated":true}]}}