{"id":1355,"date":"2024-09-22T12:25:16","date_gmt":"2024-09-22T12:25:16","guid":{"rendered":"https:\/\/artdeserttours.com\/?post_type=product&#038;p=1355"},"modified":"2026-05-17T09:53:10","modified_gmt":"2026-05-17T09:53:10","slug":"4-days-tour-from-casablanca","status":"publish","type":"product","link":"https:\/\/artdeserttours.com\/es\/tours\/viaje-de-4-dias-desde-casablanca\/","title":{"rendered":"excursi\u00f3n de 4 d\u00edas desde casablanca"},"content":{"rendered":"<div>\n<div>\n<div><span style=\"color: #000080;\"><strong> excursi\u00f3n de 4 d\u00edas desde casablanca:<\/strong> <\/span>Parta de Casablanca en un recorrido de 4 d\u00edas por Marruecos. Tras visitar las principales atracciones de la ciudad, como la Mezquita de Hassan II, contin\u00fae hacia Fez. Durante el viaje, det\u00e9ngase en los monumentos hist\u00f3ricos de Rabat. Explore la Medina y los lugares cercanos en <span style=\"color: #8f3a1b;\"><strong><a style=\"color: #8f3a1b;\" href=\"https:\/\/artdeserttours.com\/es\/tour-category\/tours-from-fes\/\">Fez<\/a> <\/strong><\/span>antes de adentrarse en el desierto del S\u00e1hara. Disfrute de una comida tradicional bereber y de paseos en camello mientras explora las impresionantes dunas de Erg Chebbi. Viaje al desierto v\u00eda Azrou,<strong><span style=\"color: #8f3a1b;\"><a style=\"color: #8f3a1b;\" href=\"https:\/\/en.wikipedia.org\/wiki\/Ifrane\"> Ifrane,<\/a><\/span><\/strong>, y el valle del Ziz.  Recorra las pintorescas gargantas del Todra y los animados mercados locales mientras se abre paso por las gargantas del Dades el tercer d\u00eda.<\/div>\n<\/div>\n<\/div>\n<table class=\"table table-bordered tours-tabs__table\" style=\"height: 233px;\" width=\"862\">\n<tbody>\n<tr>\n<td><strong>LUGAR DE SALIDA<\/strong><\/td>\n<td>Marrakech<\/td>\n<\/tr>\n<tr>\n<td><strong>LUGAR DE DESTINO<\/strong><\/td>\n<td>Casablanca<\/td>\n<\/tr>\n<tr>\n<td><strong>INCLUIDO<\/strong><\/td>\n<td>\n<table class=\"table table-bordered\" style=\"height: 384px;\" width=\"514\">\n<tbody>\n<tr>\n<td><i class=\"fa fa-check icon-tick icon-tick--on\"><\/i><span style=\"font-family: inherit; font-size: inherit;\">Pasar una noche en campamento n\u00f3mada en el desierto con tienda privada<\/span><\/td>\n<td><i class=\"fa fa-check icon-tick icon-tick--on\"><\/i><span style=\"font-family: inherit; font-size: inherit;\">Gu\u00eda de habla espa\u00f1ol con <\/span><span style=\"font-family: inherit; font-size: inherit;\">Conductor <\/span><span style=\"font-family: inherit; font-size: inherit;\">durante la visita<\/span><\/td>\n<\/tr>\n<tr>\n<td><i class=\"fa fa-check icon-tick icon-tick--on\"><\/i><span style=\"font-family: inherit; font-size: inherit;\">Excursi\u00f3n en camello por las dunas de Merzouga<\/span><\/td>\n<td><i class=\"fa fa-check icon-tick icon-tick--on\"><\/i><span style=\"font-family: inherit; font-size: inherit;\">Recogida y entrega en su<\/span>\n<p><span style=\"font-family: inherit; font-size: inherit;\">alojamiento<\/span><\/p><\/td>\n<\/tr>\n<\/tbody>\n<\/table>\n<p><i class=\"fa fa-check icon-tick icon-tick--on\"><\/i>Alojamiento de primera, segunda y tercera noche<\/p>\n<p><i class=\"fa fa-check icon-tick icon-tick--on\"><\/i>3 Desayunos\/ 2 Cenas<\/p><\/td>\n<\/tr>\n<tr>\n<td><b>NO INCLUIDO<\/b><\/td>\n<td>\n<table class=\"table table-bordered\" style=\"height: 62px;\" width=\"300\">\n<tbody>\n<tr>\n<td><i class=\"fa fa-times icon-tick icon-tick--off\"><\/i><span style=\"font-family: inherit; font-size: inherit;\">Billetes de avi\u00f3n<\/span><\/td>\n<\/tr>\n<tr>\n<td><i class=\"fa fa-times icon-tick icon-tick--off\"><\/i>Comidas, Bebidas<\/td>\n<\/tr>\n<\/tbody>\n<\/table>\n<\/td>\n<\/tr>\n<\/tbody>\n<\/table>\n<p>&nbsp;<\/p>","protected":false},"excerpt":{"rendered":"<p><span style=\"color: #000080;\">excursi\u00f3n de 4 d\u00edas desde casablanca: <\/span>Parta de Casablanca en un recorrido de 4 d\u00edas por Marruecos. Tras visitar las principales atracciones de la ciudad, como la Mezquita de Hassan II, contin\u00fae hacia Fez. Durante el viaje, det\u00e9ngase en los monumentos hist\u00f3ricos de Rabat. Explore la Medina y los lugares cercanos en<\/p>","protected":false},"featured_media":2219,"comment_status":"closed","ping_status":"closed","template":"","meta":{"_monsterinsights_skip_tracking":false,"_monsterinsights_sitenote_active":false,"_monsterinsights_sitenote_note":"","_monsterinsights_sitenote_category":0},"product_brand":[],"product_cat":[21],"product_tag":[73,68,74,75,76],"class_list":{"0":"post-1355","1":"product","2":"type-product","3":"status-publish","4":"has-post-thumbnail","6":"product_cat-moroccan-tours","7":"product_tag-4-days-tour-from-casablanca","8":"product_tag-casablanca","9":"product_tag-merzouga","10":"product_tag-sahara-desert","11":"product_tag-tours-from-casablanca","12":"tour_category-tours-from-casablanca","14":"first","15":"instock","16":"shipping-taxable","17":"product-type-tour"},"aioseo_notices":[],"_links":{"self":[{"href":"https:\/\/artdeserttours.com\/es\/wp-json\/wp\/v2\/product\/1355","targetHints":{"allow":["GET"]}}],"collection":[{"href":"https:\/\/artdeserttours.com\/es\/wp-json\/wp\/v2\/product"}],"about":[{"href":"https:\/\/artdeserttours.com\/es\/wp-json\/wp\/v2\/types\/product"}],"replies":[{"embeddable":true,"href":"https:\/\/artdeserttours.com\/es\/wp-json\/wp\/v2\/comments?post=1355"}],"wp:featuredmedia":[{"embeddable":true,"href":"https:\/\/artdeserttours.com\/es\/wp-json\/wp\/v2\/media\/2219"}],"wp:attachment":[{"href":"https:\/\/artdeserttours.com\/es\/wp-json\/wp\/v2\/media?parent=1355"}],"wp:term":[{"taxonomy":"product_brand","embeddable":true,"href":"https:\/\/artdeserttours.com\/es\/wp-json\/wp\/v2\/product_brand?post=1355"},{"taxonomy":"product_cat","embeddable":true,"href":"https:\/\/artdeserttours.com\/es\/wp-json\/wp\/v2\/product_cat?post=1355"},{"taxonomy":"product_tag","embeddable":true,"href":"https:\/\/artdeserttours.com\/es\/wp-json\/wp\/v2\/product_tag?post=1355"}],"curies":[{"name":"wp","href":"https:\/\/api.w.org\/{rel}","templated":true}]}}