{"id":1357,"date":"2024-09-22T13:07:44","date_gmt":"2024-09-22T13:07:44","guid":{"rendered":"https:\/\/artdeserttours.com\/?post_type=product&#038;p=1357"},"modified":"2026-05-17T10:05:14","modified_gmt":"2026-05-17T10:05:14","slug":"the-best-6-days-tour-from-casablanca-to-marrakech","status":"publish","type":"product","link":"https:\/\/artdeserttours.com\/es\/tours\/el-mejor-tour-de-6-dias-desde-casablanca-a-marrakech\/","title":{"rendered":"circuito de 6 d\u00edas de casablanca a marrakech"},"content":{"rendered":"<div>\n<div>\n<div><span style=\"color: #000080;\"><strong>\u00a0circuito de 6 d\u00edas de casablanca a marrakech:<\/strong> <\/span>En este viaje de 6 d\u00edas de Casablanca a Marrakech, descubra lo mejor de Marruecos. Visite la Mezquita de Hassan II en <span style=\"color: #8f3a1b;\"><strong><a style=\"color: #8f3a1b;\" href=\"https:\/\/artdeserttours.com\/es\/tour-category\/tours-from-casablanca\/\">Casablanca<\/a> <\/strong><\/span>En primer lugar, dir\u00edjase a Fez para ver la Medina, el Palacio Real y las famosas curtidur\u00edas. Viaje por el valle del Ziz y Azrou para llegar a <strong><span style=\"color: #8f3a1b;\"><a style=\"color: #8f3a1b;\" href=\"https:\/\/en.wikipedia.org\/wiki\/Merzouga\">Merzouga<\/a> <\/span><\/strong>en el desierto del S\u00e1hara, donde podr\u00e1 hacer una excursi\u00f3n en camello y pasar la noche en un campamento del desierto. Continuaci\u00f3n hacia el Todra<\/div>\n<div>Gargantas y Valle del Dades, disfrutando de los impresionantes paisajes de ambos lugares. Viaje a Marrakech el \u00faltimo d\u00eda, parando por el camino en Ouarzazate y la pintoresca Kasbah de Ait Ben Haddou.<\/div>\n<\/div>\n<\/div>\n<table class=\"table table-bordered tours-tabs__table\" style=\"height: 233px;\" width=\"862\">\n<tbody>\n<tr>\n<td><strong>LUGAR DE SALIDA<\/strong><\/td>\n<td>Marrakech<\/td>\n<\/tr>\n<tr>\n<td><strong>LUGAR DE DESTINO<\/strong><\/td>\n<td>Casablanca<\/td>\n<\/tr>\n<tr>\n<td><strong>INCLUIDO<\/strong><\/td>\n<td>\n<table class=\"table table-bordered\" style=\"height: 384px;\" width=\"514\">\n<tbody>\n<tr>\n<td><i class=\"fa fa-check icon-tick icon-tick--on\"><\/i>Excursiones en camello y <span style=\"font-family: inherit; font-size: inherit;\">Pasar una noche en campamento n\u00f3mada en el desierto con tienda privada<\/span><\/td>\n<td><i class=\"fa fa-check icon-tick icon-tick--on\"><\/i><span style=\"font-family: inherit; font-size: inherit;\">Gu\u00eda de habla espa\u00f1ol con <\/span><span style=\"font-family: inherit; font-size: inherit;\">Conductor <\/span><span style=\"font-family: inherit; font-size: inherit;\">durante la visita<\/span><\/td>\n<\/tr>\n<tr>\n<td><i class=\"fa fa-check icon-tick icon-tick--on\"><\/i>Gu\u00edas locales en Fez,Marrakech<\/td>\n<td><i class=\"fa fa-check icon-tick icon-tick--on\"><\/i><span style=\"font-family: inherit; font-size: inherit;\">Recogida y entrega en su<\/span>\n<p><span style=\"font-family: inherit; font-size: inherit;\">alojamiento<\/span><\/p><\/td>\n<\/tr>\n<\/tbody>\n<\/table>\n<p><i class=\"fa fa-check icon-tick icon-tick--on\"><\/i>8 noches en aut\u00e9nticos riads o moteles<\/p><\/td>\n<\/tr>\n<tr>\n<td><b>NO INCLUIDO<\/b><\/td>\n<td>\n<table class=\"table table-bordered\" style=\"height: 62px;\" width=\"300\">\n<tbody>\n<tr>\n<td><i class=\"fa fa-times icon-tick icon-tick--off\"><\/i><span style=\"font-family: inherit; font-size: inherit;\">Billetes de avi\u00f3n<\/span><\/td>\n<\/tr>\n<tr>\n<td><i class=\"fa fa-times icon-tick icon-tick--off\"><\/i>Comidas, Bebidas<\/td>\n<\/tr>\n<\/tbody>\n<\/table>\n<\/td>\n<\/tr>\n<\/tbody>\n<\/table>\n<p>&nbsp;<\/p>","protected":false},"excerpt":{"rendered":"<p><span style=\"color: #000080;\"> circuito de 6 d\u00edas de casablanca a marrakech: <\/span>Excursi\u00f3n de 7 d\u00edas de Casablanca a Merzouga: En este viaje de 6 d\u00edas de Casablanca a Marrakech, experimente lo mejor de Marruecos.<\/p>","protected":false},"featured_media":1358,"comment_status":"closed","ping_status":"closed","template":"","meta":{"_monsterinsights_skip_tracking":false,"_monsterinsights_sitenote_active":false,"_monsterinsights_sitenote_note":"","_monsterinsights_sitenote_category":0},"product_brand":[],"product_cat":[21],"product_tag":[77,68,78,74,76],"class_list":{"0":"post-1357","1":"product","2":"type-product","3":"status-publish","4":"has-post-thumbnail","6":"product_cat-moroccan-tours","7":"product_tag-4-days-tours-from-casablanca-to-marrakech","8":"product_tag-casablanca","9":"product_tag-marrakech-from-casablanca","10":"product_tag-merzouga","11":"product_tag-tours-from-casablanca","12":"tour_category-tours-from-casablanca","14":"first","15":"instock","16":"shipping-taxable","17":"product-type-tour"},"aioseo_notices":[],"_links":{"self":[{"href":"https:\/\/artdeserttours.com\/es\/wp-json\/wp\/v2\/product\/1357","targetHints":{"allow":["GET"]}}],"collection":[{"href":"https:\/\/artdeserttours.com\/es\/wp-json\/wp\/v2\/product"}],"about":[{"href":"https:\/\/artdeserttours.com\/es\/wp-json\/wp\/v2\/types\/product"}],"replies":[{"embeddable":true,"href":"https:\/\/artdeserttours.com\/es\/wp-json\/wp\/v2\/comments?post=1357"}],"wp:featuredmedia":[{"embeddable":true,"href":"https:\/\/artdeserttours.com\/es\/wp-json\/wp\/v2\/media\/1358"}],"wp:attachment":[{"href":"https:\/\/artdeserttours.com\/es\/wp-json\/wp\/v2\/media?parent=1357"}],"wp:term":[{"taxonomy":"product_brand","embeddable":true,"href":"https:\/\/artdeserttours.com\/es\/wp-json\/wp\/v2\/product_brand?post=1357"},{"taxonomy":"product_cat","embeddable":true,"href":"https:\/\/artdeserttours.com\/es\/wp-json\/wp\/v2\/product_cat?post=1357"},{"taxonomy":"product_tag","embeddable":true,"href":"https:\/\/artdeserttours.com\/es\/wp-json\/wp\/v2\/product_tag?post=1357"}],"curies":[{"name":"wp","href":"https:\/\/api.w.org\/{rel}","templated":true}]}}