{"id":1359,"date":"2024-09-22T13:24:54","date_gmt":"2024-09-22T13:24:54","guid":{"rendered":"https:\/\/artdeserttours.com\/?post_type=product&#038;p=1359"},"modified":"2026-05-17T10:09:57","modified_gmt":"2026-05-17T10:09:57","slug":"7-days-tour-from-casablanca-to-merzouga","status":"publish","type":"product","link":"https:\/\/artdeserttours.com\/es\/tours\/viaje-de-7-dias-de-casablanca-a-merzouga\/","title":{"rendered":"circuito de 7 d\u00edas de casablanca a merzouga"},"content":{"rendered":"<div>\n<div>\n<div><span style=\"color: #000080;\"><strong>excursi\u00f3n de 7 d\u00edas de casablanca a merzouga:<\/strong><\/span> En este viaje de 7 d\u00edas de Casablanca a Marrakech, descubre lo mejor de Marruecos. Visita primero la mezquita de Hassan II en Casablanca y luego dir\u00edgete a Fez para ver la medina, el Palacio Real y las famosas curtidur\u00edas. Viaja a trav\u00e9s del valle del Ziz y Azrou para llegar a Merzouga en el <a href=\"https:\/\/artdeserttours.com\/es\/morocoo-tours\/desert-excursion-44\/\"><span style=\"color: #8f3a1b;\"><strong>Sahara<\/strong> <strong>Desierto<\/strong><\/span><\/a>, En este lugar podr\u00e1 hacer una excursi\u00f3n en camello y pasar la noche en un campamento en el desierto. Continuaci\u00f3n hacia el Todra<\/div>\n<div>Gargantas y Valle del Dades, disfrutando de los impresionantes paisajes de ambos lugares. Viaje a Marrakech el \u00faltimo d\u00eda, parando por el camino en <strong><span style=\"color: #8f3a1b;\"><a style=\"color: #8f3a1b;\" href=\"https:\/\/en.wikipedia.org\/wiki\/Ouarzazate\">Ouarzazate<\/a> <\/span><\/strong>y la pintoresca Kasbah de Ait Ben Haddou.<\/div>\n<\/div>\n<\/div>\n<table class=\"table table-bordered tours-tabs__table\" style=\"height: 233px;\" width=\"862\">\n<tbody>\n<tr>\n<td><strong>LUGAR DE SALIDA<\/strong><\/td>\n<td>Casablanca<\/td>\n<\/tr>\n<tr>\n<td><strong>LUGAR DE DESTINO<\/strong><\/td>\n<td>Casablanca<\/td>\n<\/tr>\n<tr>\n<td><strong>INCLUIDO<\/strong><\/td>\n<td>\n<table class=\"table table-bordered\" style=\"height: 384px;\" width=\"514\">\n<tbody>\n<tr>\n<td><i class=\"fa fa-check icon-tick icon-tick--on\"><\/i>Excursiones en camello y <span style=\"font-family: inherit; font-size: inherit;\">Pasar una noche en campamento n\u00f3mada en el desierto con tienda privada<\/span><\/td>\n<td><i class=\"fa fa-check icon-tick icon-tick--on\"><\/i><span style=\"font-family: inherit; font-size: inherit;\">Gu\u00eda de habla espa\u00f1ol con <\/span><span style=\"font-family: inherit; font-size: inherit;\">Conductor <\/span><span style=\"font-family: inherit; font-size: inherit;\">durante la visita<\/span><\/td>\n<\/tr>\n<tr>\n<td><i class=\"fa fa-check icon-tick icon-tick--on\"><\/i><span style=\"font-family: inherit; font-size: inherit;\">Excursi\u00f3n en camello por las dunas de Merzouga<\/span><\/td>\n<td><i class=\"fa fa-check icon-tick icon-tick--on\"><\/i><span style=\"font-family: inherit; font-size: inherit;\">Recogida y entrega en su<\/span>\n<p><span style=\"font-family: inherit; font-size: inherit;\">alojamiento<\/span><\/p><\/td>\n<\/tr>\n<\/tbody>\n<\/table>\n<p><i class=\"fa fa-check icon-tick icon-tick--on\"><\/i>6 noches en aut\u00e9nticos riads o moteles<\/p>\n<p><i class=\"fa fa-check icon-tick icon-tick--on\"><\/i>Gu\u00edas locales en Fez,Marrakech<\/p><\/td>\n<\/tr>\n<tr>\n<td><b>NO INCLUIDO<\/b><\/td>\n<td>\n<table class=\"table table-bordered\" style=\"height: 62px;\" width=\"300\">\n<tbody>\n<tr>\n<td><i class=\"fa fa-times icon-tick icon-tick--off\"><\/i><span style=\"font-family: inherit; font-size: inherit;\">Billetes de avi\u00f3n<\/span><\/td>\n<\/tr>\n<tr>\n<td><i class=\"fa fa-times icon-tick icon-tick--off\"><\/i>Comidas, Bebidas<\/td>\n<\/tr>\n<\/tbody>\n<\/table>\n<\/td>\n<\/tr>\n<\/tbody>\n<\/table>\n<p>&nbsp;<\/p>","protected":false},"excerpt":{"rendered":"<p><span style=\"color: #000080;\">excursi\u00f3n de 7 d\u00edas de casablanca a merzouga:<\/span> Excursi\u00f3n de 7 d\u00edas de Casablanca a Merzouga: En este viaje de 6 d\u00edas de Casablanca a Marrakech, experimente lo mejor de Marruecos.<\/p>","protected":false},"featured_media":1635,"comment_status":"closed","ping_status":"closed","template":"","meta":{"_monsterinsights_skip_tracking":false,"_monsterinsights_sitenote_active":false,"_monsterinsights_sitenote_note":"","_monsterinsights_sitenote_category":0},"product_brand":[],"product_cat":[21],"product_tag":[81,69,80,79,68,82],"class_list":{"0":"post-1359","1":"product","2":"type-product","3":"status-publish","4":"has-post-thumbnail","6":"product_cat-moroccan-tours","7":"product_tag-1-weekend-in-morocco-from-casablanca","8":"product_tag-10-days-tour-from-casablanca","9":"product_tag-7-days-in-morocco","10":"product_tag-7-days-tour-from-casablanca-to-merzouga","11":"product_tag-casablanca","12":"product_tag-morocco-tours-from-casablanca","13":"tour_category-tours-from-casablanca","15":"first","16":"instock","17":"shipping-taxable","18":"product-type-tour"},"aioseo_notices":[],"_links":{"self":[{"href":"https:\/\/artdeserttours.com\/es\/wp-json\/wp\/v2\/product\/1359","targetHints":{"allow":["GET"]}}],"collection":[{"href":"https:\/\/artdeserttours.com\/es\/wp-json\/wp\/v2\/product"}],"about":[{"href":"https:\/\/artdeserttours.com\/es\/wp-json\/wp\/v2\/types\/product"}],"replies":[{"embeddable":true,"href":"https:\/\/artdeserttours.com\/es\/wp-json\/wp\/v2\/comments?post=1359"}],"wp:featuredmedia":[{"embeddable":true,"href":"https:\/\/artdeserttours.com\/es\/wp-json\/wp\/v2\/media\/1635"}],"wp:attachment":[{"href":"https:\/\/artdeserttours.com\/es\/wp-json\/wp\/v2\/media?parent=1359"}],"wp:term":[{"taxonomy":"product_brand","embeddable":true,"href":"https:\/\/artdeserttours.com\/es\/wp-json\/wp\/v2\/product_brand?post=1359"},{"taxonomy":"product_cat","embeddable":true,"href":"https:\/\/artdeserttours.com\/es\/wp-json\/wp\/v2\/product_cat?post=1359"},{"taxonomy":"product_tag","embeddable":true,"href":"https:\/\/artdeserttours.com\/es\/wp-json\/wp\/v2\/product_tag?post=1359"}],"curies":[{"name":"wp","href":"https:\/\/api.w.org\/{rel}","templated":true}]}}