{"id":1362,"date":"2024-09-22T14:04:02","date_gmt":"2024-09-22T14:04:02","guid":{"rendered":"https:\/\/artdeserttours.com\/?post_type=product&#038;p=1362"},"modified":"2026-05-17T14:59:30","modified_gmt":"2026-05-17T14:59:30","slug":"5-days-tour-from-tangier-to-sahara","status":"publish","type":"product","link":"https:\/\/artdeserttours.com\/es\/tours\/viaje-de-5-dias-desde-tanger-al-sahara\/","title":{"rendered":"Tour de 5 d\u00edas desde T\u00e1nger al S\u00e1hara"},"content":{"rendered":"<div>\n<div>\n<div><span style=\"color: #000080;\"><strong> excursi\u00f3n de 5 d\u00edas de tanger al sahara:<\/strong><\/span> Realice una fascinante excursi\u00f3n de 5 d\u00edas que le descubrir\u00e1 la riqueza cultural y los variados paisajes de Marruecos mientras viaja desde T\u00e1nger hasta el desierto del S\u00e1hara. Empiece en T\u00e1nger y emprenda el pintoresco viaje a Chefchaouen, conocida por sus preciosas calles azules y su ambiente relajado. Descubra el encanto hist\u00f3rico de esta ciudad azul y sus mercados locales antes de viajar a <span style=\"color: #8f3a1b;\"><strong><a style=\"color: #8f3a1b;\" href=\"https:\/\/en.wikipedia.org\/wiki\/Fez,_Morocco\">Fez<\/a> <\/strong><\/span>para explorar su antigua medina y sus riquezas culturales. Viaje v\u00eda Rabat a <span style=\"color: #8f3a1b;\"><strong><a style=\"color: #8f3a1b;\" href=\"https:\/\/artdeserttours.com\/es\/tour-category\/tours-from-casablanca\/\">Casablanca<\/a> <\/strong><\/span>para continuar su viaje, contemplando las maravillas arquitect\u00f3nicas y las principales atracciones de la capital, como la Mezquita de Hassan II. Por \u00faltimo, regrese a T\u00e1nger pasando por Assilah, una ciudad costera con edificios hist\u00f3ricos y animadas callejuelas azules.<\/div>\n<\/div>\n<\/div>\n<table class=\"table table-bordered tours-tabs__table\" style=\"height: 233px;\" width=\"862\">\n<tbody>\n<tr>\n<td><strong>LUGAR DE SALIDA<\/strong><\/td>\n<td>T\u00e1nger<\/td>\n<\/tr>\n<tr>\n<td><strong>LUGAR DE DESTINO<\/strong><\/td>\n<td>T\u00e1nger<\/td>\n<\/tr>\n<tr>\n<td><strong>INCLUIDO<\/strong><\/td>\n<td>\n<table class=\"table table-bordered\" style=\"height: 384px;\" width=\"514\">\n<tbody>\n<tr>\n<td><i class=\"fa fa-check icon-tick icon-tick--on\"><\/i><span style=\"font-family: inherit; font-size: inherit;\">Pasar una noche en campamento n\u00f3mada en el desierto con tienda privada<\/span><\/td>\n<td><i class=\"fa fa-check icon-tick icon-tick--on\"><\/i><span style=\"font-family: inherit; font-size: inherit;\">Gu\u00eda de habla espa\u00f1ol con <\/span><span style=\"font-family: inherit; font-size: inherit;\">Conductor <\/span><span style=\"font-family: inherit; font-size: inherit;\">durante la visita<\/span><\/td>\n<\/tr>\n<tr>\n<td><i class=\"fa fa-check icon-tick icon-tick--on\"><\/i><span style=\"font-family: inherit; font-size: inherit;\">Excursi\u00f3n en camello por las dunas de Merzouga (una por persona)<\/span><\/td>\n<td><i class=\"fa fa-check icon-tick icon-tick--on\"><\/i><span style=\"font-family: inherit; font-size: inherit;\">Recogida y entrega en su<\/span>\n<p><span style=\"font-family: inherit; font-size: inherit;\">alojamiento<\/span><\/p><\/td>\n<\/tr>\n<\/tbody>\n<\/table>\n<p><i class=\"fa fa-check icon-tick icon-tick--on\"><\/i>Noches (hoteles \/ Riads con desayuno)<\/p>\n<p><i class=\"fa fa-check icon-tick icon-tick--on\"><\/i><span style=\"font-family: inherit; font-size: inherit;\">2 cenas (dependiendo del alojamiento)<\/span><\/p><\/td>\n<\/tr>\n<tr>\n<td><b>NO INCLUIDO<\/b><\/td>\n<td>\n<table class=\"table table-bordered\" style=\"height: 62px;\" width=\"300\">\n<tbody>\n<tr>\n<td><i class=\"fa fa-times icon-tick icon-tick--off\"><\/i><span style=\"font-family: inherit; font-size: inherit;\">Billetes de avi\u00f3n<\/span><\/td>\n<\/tr>\n<tr>\n<td><i class=\"fa fa-times icon-tick icon-tick--off\"><\/i>Comidas, Bebidas<\/td>\n<\/tr>\n<\/tbody>\n<\/table>\n<\/td>\n<\/tr>\n<\/tbody>\n<\/table>\n<p>&nbsp;<\/p>","protected":false},"excerpt":{"rendered":"<p><span style=\"color: #000080;\">excursi\u00f3n de 5 d\u00edas de tanger al sahara:<\/span> excursi\u00f3n de 5 d\u00edas de t\u00e1nger al sahara: Realice una fascinante excursi\u00f3n de 5 d\u00edas que le descubrir\u00e1 la rica cultura y los variados paisajes de Marruecos mientras viaja desde T\u00e1nger hasta el desierto del S\u00e1hara.<\/p>","protected":false},"featured_media":1680,"comment_status":"closed","ping_status":"closed","template":"","meta":{"_monsterinsights_skip_tracking":false,"_monsterinsights_sitenote_active":true,"_monsterinsights_sitenote_note":"Published: 5 Days tour from tangier to sahara","_monsterinsights_sitenote_category":7},"product_brand":[],"product_cat":[21],"product_tag":[113,112,87,74,75,85,105],"class_list":{"0":"post-1362","1":"product","2":"type-product","3":"status-publish","4":"has-post-thumbnail","6":"product_cat-moroccan-tours","7":"product_tag-5-days-tour","8":"product_tag-5-days-tour-from-tangier-to-sahara","9":"product_tag-art-desert-tours","10":"product_tag-merzouga","11":"product_tag-sahara-desert","12":"product_tag-sahara-desert-tours","13":"product_tag-tours-from-tangier","14":"tour_category-tours-from-tangier","16":"first","17":"instock","18":"shipping-taxable","19":"product-type-tour"},"aioseo_notices":[],"_links":{"self":[{"href":"https:\/\/artdeserttours.com\/es\/wp-json\/wp\/v2\/product\/1362","targetHints":{"allow":["GET"]}}],"collection":[{"href":"https:\/\/artdeserttours.com\/es\/wp-json\/wp\/v2\/product"}],"about":[{"href":"https:\/\/artdeserttours.com\/es\/wp-json\/wp\/v2\/types\/product"}],"replies":[{"embeddable":true,"href":"https:\/\/artdeserttours.com\/es\/wp-json\/wp\/v2\/comments?post=1362"}],"wp:featuredmedia":[{"embeddable":true,"href":"https:\/\/artdeserttours.com\/es\/wp-json\/wp\/v2\/media\/1680"}],"wp:attachment":[{"href":"https:\/\/artdeserttours.com\/es\/wp-json\/wp\/v2\/media?parent=1362"}],"wp:term":[{"taxonomy":"product_brand","embeddable":true,"href":"https:\/\/artdeserttours.com\/es\/wp-json\/wp\/v2\/product_brand?post=1362"},{"taxonomy":"product_cat","embeddable":true,"href":"https:\/\/artdeserttours.com\/es\/wp-json\/wp\/v2\/product_cat?post=1362"},{"taxonomy":"product_tag","embeddable":true,"href":"https:\/\/artdeserttours.com\/es\/wp-json\/wp\/v2\/product_tag?post=1362"}],"curies":[{"name":"wp","href":"https:\/\/api.w.org\/{rel}","templated":true}]}}