{"id":1365,"date":"2024-09-22T14:51:08","date_gmt":"2024-09-22T14:51:08","guid":{"rendered":"https:\/\/artdeserttours.com\/?post_type=product&#038;p=1365"},"modified":"2026-05-17T15:07:43","modified_gmt":"2026-05-17T15:07:43","slug":"8-days-from-tangier-to-sahara-desert","status":"publish","type":"product","link":"https:\/\/artdeserttours.com\/es\/tours\/8-dias-desde-tanger-al-desierto-del-sahara\/","title":{"rendered":"8 d\u00edas desde T\u00e1nger hasta el desierto del S\u00e1hara"},"content":{"rendered":"<div>\n<div>\n<div><span style=\"color: #000080;\"><strong> 8 d\u00edas de t\u00e1nger al desierto del sahara:<\/strong><\/span> Emprenda una incre\u00edble excursi\u00f3n de 8 d\u00edas desde T\u00e1nger para descubrir los tesoros naturales y culturales de Marruecos en las profundidades del desierto del S\u00e1hara. Este viaje de inmersi\u00f3n comienza con un hermoso trayecto en coche hasta Chefchaouen, famosa por sus concurridos mercados y sus hermosas calles azules, a trav\u00e9s de las monta\u00f1as del Rif. Contin\u00fae hasta <strong><span style=\"color: #8f3a1b;\"><a style=\"color: #8f3a1b;\" href=\"https:\/\/en.wikipedia.org\/wiki\/Fez,_Morocco\">Fez<\/a><\/span><\/strong>, donde descubrir\u00e1 lugares hist\u00f3ricos y antiguas medinas. Viaje por el Atlas Medio hasta Merzouga, donde podr\u00e1 pasear en camello y contemplar la puesta de sol sobre dunas doradas mientras se sumerge en el cautivador desierto del S\u00e1hara. Admire los impresionantes paisajes de las gargantas del Dades y Todra, pase por las conocidas kasbahs de Ouarzazate y termine su viaje en la en\u00e9rgica ciudad de <span style=\"color: #8f3a1b;\"><strong><a style=\"color: #8f3a1b;\" href=\"https:\/\/artdeserttours.com\/es\/tour-category\/tours-from-marrakech\/\">Marrakech<\/a><\/strong><\/span>.<\/div>\n<\/div>\n<\/div>\n<table class=\"table table-bordered tours-tabs__table\" style=\"height: 233px;\" width=\"862\">\n<tbody>\n<tr>\n<td><strong>LUGAR DE SALIDA<\/strong><\/td>\n<td>Marrakech<\/td>\n<\/tr>\n<tr>\n<td><strong>LUGAR DE DESTINO<\/strong><\/td>\n<td>T\u00e1nger<\/td>\n<\/tr>\n<tr>\n<td><strong>INCLUIDO<\/strong><\/td>\n<td>\n<table class=\"table table-bordered\" style=\"height: 384px;\" width=\"514\">\n<tbody>\n<tr>\n<td><i class=\"fa fa-check icon-tick icon-tick--on\"><\/i><span style=\"font-family: inherit; font-size: inherit;\">Pasar una noche en campamento n\u00f3mada en el desierto con tienda privada<\/span><\/td>\n<td><i class=\"fa fa-check icon-tick icon-tick--on\"><\/i><span style=\"font-family: inherit; font-size: inherit;\">Gu\u00eda de habla espa\u00f1ol con <\/span><span style=\"font-family: inherit; font-size: inherit;\">Conductor <\/span><span style=\"font-family: inherit; font-size: inherit;\">durante el recorrido (gu\u00eda local en Fez y Marrakech)<\/span><\/td>\n<\/tr>\n<tr>\n<td><i class=\"fa fa-check icon-tick icon-tick--on\"><\/i><span style=\"font-family: inherit; font-size: inherit;\">Excursi\u00f3n en camello por las dunas de Merzouga<\/span><\/td>\n<td><i class=\"fa fa-check icon-tick icon-tick--on\"><\/i><span style=\"font-family: inherit; font-size: inherit;\">Recogida y entrega en su<\/span>\n<p><span style=\"font-family: inherit; font-size: inherit;\">alojamiento<\/span><\/p><\/td>\n<\/tr>\n<\/tbody>\n<\/table>\n<p>&nbsp;<\/p><\/td>\n<\/tr>\n<tr>\n<td><b>NO INCLUIDO<\/b><\/td>\n<td>\n<table class=\"table table-bordered\" style=\"height: 62px;\" width=\"300\">\n<tbody>\n<tr>\n<td><i class=\"fa fa-times icon-tick icon-tick--off\"><\/i><span style=\"font-family: inherit; font-size: inherit;\">Billetes de avi\u00f3n<\/span><\/td>\n<\/tr>\n<tr>\n<td><i class=\"fa fa-times icon-tick icon-tick--off\"><\/i>Comidas, Bebidas<\/td>\n<\/tr>\n<\/tbody>\n<\/table>\n<\/td>\n<\/tr>\n<\/tbody>\n<\/table>\n<p>&nbsp;<\/p>","protected":false},"excerpt":{"rendered":"<p><span style=\"color: #000080;\">8 d\u00edas de t\u00e1nger al desierto del sahara:<\/span> 8 d\u00edas de t\u00e1nger al desierto del sahara: Emprenda una incre\u00edble excursi\u00f3n de 8 d\u00edas desde T\u00e1nger para descubrir los tesoros naturales y culturales de Marruecos.<\/p>","protected":false},"featured_media":1682,"comment_status":"closed","ping_status":"closed","template":"","meta":{"_monsterinsights_skip_tracking":false,"_monsterinsights_sitenote_active":false,"_monsterinsights_sitenote_note":"","_monsterinsights_sitenote_category":0},"product_brand":[],"product_cat":[21],"product_tag":[115,114,87,85,109,105,108],"class_list":{"0":"post-1365","1":"product","2":"type-product","3":"status-publish","4":"has-post-thumbnail","6":"product_cat-moroccan-tours","7":"product_tag-8-days","8":"product_tag-8-days-from-tangier-to-sahara-desert","9":"product_tag-art-desert-tours","10":"product_tag-sahara-desert-tours","11":"product_tag-tangier","12":"product_tag-tours-from-tangier","13":"product_tag-what-to-do-in-tangier","14":"tour_category-tours-from-tangier","16":"first","17":"instock","18":"shipping-taxable","19":"product-type-tour"},"aioseo_notices":[],"_links":{"self":[{"href":"https:\/\/artdeserttours.com\/es\/wp-json\/wp\/v2\/product\/1365","targetHints":{"allow":["GET"]}}],"collection":[{"href":"https:\/\/artdeserttours.com\/es\/wp-json\/wp\/v2\/product"}],"about":[{"href":"https:\/\/artdeserttours.com\/es\/wp-json\/wp\/v2\/types\/product"}],"replies":[{"embeddable":true,"href":"https:\/\/artdeserttours.com\/es\/wp-json\/wp\/v2\/comments?post=1365"}],"wp:featuredmedia":[{"embeddable":true,"href":"https:\/\/artdeserttours.com\/es\/wp-json\/wp\/v2\/media\/1682"}],"wp:attachment":[{"href":"https:\/\/artdeserttours.com\/es\/wp-json\/wp\/v2\/media?parent=1365"}],"wp:term":[{"taxonomy":"product_brand","embeddable":true,"href":"https:\/\/artdeserttours.com\/es\/wp-json\/wp\/v2\/product_brand?post=1365"},{"taxonomy":"product_cat","embeddable":true,"href":"https:\/\/artdeserttours.com\/es\/wp-json\/wp\/v2\/product_cat?post=1365"},{"taxonomy":"product_tag","embeddable":true,"href":"https:\/\/artdeserttours.com\/es\/wp-json\/wp\/v2\/product_tag?post=1365"}],"curies":[{"name":"wp","href":"https:\/\/api.w.org\/{rel}","templated":true}]}}