{"id":1514,"date":"2024-09-24T19:39:11","date_gmt":"2024-09-24T19:39:11","guid":{"rendered":"https:\/\/artdeserttours.com\/?post_type=product&#038;p=1514"},"modified":"2026-01-16T17:01:15","modified_gmt":"2026-01-16T17:01:15","slug":"camel-trekking-in-merzouga","status":"publish","type":"product","link":"https:\/\/artdeserttours.com\/es\/tours\/excursion-en-camello-en-merzouga\/","title":{"rendered":"excursi\u00f3n a camello en merzouga"},"content":{"rendered":"<div><span style=\"color: #000080;\"><strong>Excursi\u00f3n a camello en Merzouga<\/strong><\/span> o (<strong>camello<\/strong> paseo) atardecer <a href=\"https:\/\/en.wikipedia.org\/wiki\/Erg_Chebbi\">Erg Chebbi<\/a>, Este peque\u00f1o paseo en camello al atardecer ser\u00e1 una experiencia incre\u00edble. <a href=\"https:\/\/artdeserttours.com\/es\/galeria\/\">im\u00e1genes<\/a>. contemplar la puesta de sol sobre el pueblo, con las dunas ti\u00f1\u00e9ndose de naranja y blanco,. e inhalar el encantador aroma del desierto del S\u00e1hara. No olvidar\u00e1 este momento.<\/div>\n<p>&nbsp;<\/p>\n<p>&nbsp;<\/p>\n<table class=\"table table-bordered tours-tabs__table\" style=\"height: 205px;\" width=\"866\">\n<tbody>\n<tr>\n<td><strong>LUGAR DE SALIDA\/REGRESO<\/strong><\/td>\n<td>Merzouga -Campamento(pasar la noche)-&gt;Merzouga<\/td>\n<\/tr>\n<tr>\n<td><strong>TIEMPO DE DURACI\u00d3N<\/strong><\/td>\n<td>1 HORA desde la salida hasta el campamento<\/td>\n<\/tr>\n<tr>\n<td><b>POSIBILIDAD DE OBTENER M\u00c1S TIEMPO<\/b><\/td>\n<td>S\u00cd<\/td>\n<\/tr>\n<\/tbody>\n<\/table>\n<p>&nbsp;<\/p>","protected":false},"excerpt":{"rendered":"<p><span style=\"color: #000080;\">Excursi\u00f3n a camello en Merzouga<\/span> or (camel ride) dusk Erg Chebbi, this little tour of the sunset camel ride. will be an incredible experience You&#8217;ll get to take beautiful pictures.<\/p>","protected":false},"featured_media":1507,"comment_status":"closed","ping_status":"closed","template":"","meta":{"_monsterinsights_skip_tracking":false,"_monsterinsights_sitenote_active":false,"_monsterinsights_sitenote_note":"","_monsterinsights_sitenote_category":0},"product_brand":[],"product_cat":[21],"product_tag":[],"class_list":{"0":"post-1514","1":"product","2":"type-product","3":"status-publish","4":"has-post-thumbnail","6":"product_cat-moroccan-tours","8":"first","9":"instock","10":"sale","11":"shipping-taxable","12":"purchasable","13":"product-type-tour"},"aioseo_notices":[],"_links":{"self":[{"href":"https:\/\/artdeserttours.com\/es\/wp-json\/wp\/v2\/product\/1514","targetHints":{"allow":["GET"]}}],"collection":[{"href":"https:\/\/artdeserttours.com\/es\/wp-json\/wp\/v2\/product"}],"about":[{"href":"https:\/\/artdeserttours.com\/es\/wp-json\/wp\/v2\/types\/product"}],"replies":[{"embeddable":true,"href":"https:\/\/artdeserttours.com\/es\/wp-json\/wp\/v2\/comments?post=1514"}],"wp:featuredmedia":[{"embeddable":true,"href":"https:\/\/artdeserttours.com\/es\/wp-json\/wp\/v2\/media\/1507"}],"wp:attachment":[{"href":"https:\/\/artdeserttours.com\/es\/wp-json\/wp\/v2\/media?parent=1514"}],"wp:term":[{"taxonomy":"product_brand","embeddable":true,"href":"https:\/\/artdeserttours.com\/es\/wp-json\/wp\/v2\/product_brand?post=1514"},{"taxonomy":"product_cat","embeddable":true,"href":"https:\/\/artdeserttours.com\/es\/wp-json\/wp\/v2\/product_cat?post=1514"},{"taxonomy":"product_tag","embeddable":true,"href":"https:\/\/artdeserttours.com\/es\/wp-json\/wp\/v2\/product_tag?post=1514"}],"curies":[{"name":"wp","href":"https:\/\/api.w.org\/{rel}","templated":true}]}}