{"id":1515,"date":"2024-09-24T19:43:02","date_gmt":"2024-09-24T19:43:02","guid":{"rendered":"https:\/\/artdeserttours.com\/?post_type=product&#038;p=1515"},"modified":"2026-01-16T17:01:12","modified_gmt":"2026-01-16T17:01:12","slug":"desert-excursion-44","status":"publish","type":"product","link":"https:\/\/artdeserttours.com\/es\/tours\/excursion-al-desierto-44\/","title":{"rendered":"excursi\u00f3n al desierto 4*4"},"content":{"rendered":"<div><span style=\"color: #333300;\"><strong><span style=\"color: #000080;\">excursi\u00f3n al desierto 4*4:<\/span> <\/strong><\/span>Alquilar un 4\u00d74 para recorrer el desierto de Merzouga es una actividad r\u00e1pida y divertida. <a href=\"https:\/\/en.wikipedia.org\/wiki\/Khamlia\">Khamlia<\/a> Village, donde podr\u00e1 disfrutar de la m\u00fasica gnawa, los habitantes n\u00f3madas, los f\u00f3siles del desierto, las ciudades bereberes e hist\u00f3ricas y el oasis. Estos son algunos detalles sobre el <a href=\"https:\/\/artdeserttours.com\/es\/morocoo-tours\/\">viajes<\/a> que tomamos; no obstante, podemos trabajar con usted para adaptar el horario a sus preferencias.<\/div>\n<table class=\"table table-bordered tours-tabs__table\" style=\"height: 205px;\" width=\"866\">\n<tbody>\n<tr>\n<td><strong>LUGAR DE SALIDA\/REGRESO<\/strong><\/td>\n<td>Merzouga -desierto -&gt;Merzouga<\/td>\n<\/tr>\n<tr>\n<td><strong>TIEMPO DE DURACI\u00d3N<\/strong><\/td>\n<td>1 HORA<\/td>\n<\/tr>\n<tr>\n<td><b>POSIBILIDAD DE OBTENER M\u00c1S TIEMPO<\/b><\/td>\n<td>S\u00cd<\/td>\n<\/tr>\n<tr>\n<td><\/td>\n<td><\/td>\n<\/tr>\n<tr>\n<td><\/td>\n<td><\/td>\n<\/tr>\n<tr>\n<td><\/td>\n<td><\/td>\n<\/tr>\n<\/tbody>\n<\/table>\n<p>&nbsp;<\/p>","protected":false},"excerpt":{"rendered":"<p><span style=\"color: #333300;\"><span style=\"color: #000080;\">excursi\u00f3n al desierto 4*4:<\/span> <\/span>excursi\u00f3n desierto 4*4: Alquilar un 4x4 Merzouga tour desierto es una actividad r\u00e1pida y agradable! se llega a ver Khamlia Village<\/p>","protected":false},"featured_media":1622,"comment_status":"closed","ping_status":"closed","template":"","meta":{"_monsterinsights_skip_tracking":false,"_monsterinsights_sitenote_active":false,"_monsterinsights_sitenote_note":"","_monsterinsights_sitenote_category":0},"product_brand":[],"product_cat":[21],"product_tag":[87,74,86,75],"class_list":{"0":"post-1515","1":"product","2":"type-product","3":"status-publish","4":"has-post-thumbnail","6":"product_cat-moroccan-tours","7":"product_tag-art-desert-tours","8":"product_tag-merzouga","9":"product_tag-morocco-desert-tour","10":"product_tag-sahara-desert","12":"first","13":"instock","14":"sale","15":"shipping-taxable","16":"purchasable","17":"product-type-tour"},"aioseo_notices":[],"_links":{"self":[{"href":"https:\/\/artdeserttours.com\/es\/wp-json\/wp\/v2\/product\/1515","targetHints":{"allow":["GET"]}}],"collection":[{"href":"https:\/\/artdeserttours.com\/es\/wp-json\/wp\/v2\/product"}],"about":[{"href":"https:\/\/artdeserttours.com\/es\/wp-json\/wp\/v2\/types\/product"}],"replies":[{"embeddable":true,"href":"https:\/\/artdeserttours.com\/es\/wp-json\/wp\/v2\/comments?post=1515"}],"wp:featuredmedia":[{"embeddable":true,"href":"https:\/\/artdeserttours.com\/es\/wp-json\/wp\/v2\/media\/1622"}],"wp:attachment":[{"href":"https:\/\/artdeserttours.com\/es\/wp-json\/wp\/v2\/media?parent=1515"}],"wp:term":[{"taxonomy":"product_brand","embeddable":true,"href":"https:\/\/artdeserttours.com\/es\/wp-json\/wp\/v2\/product_brand?post=1515"},{"taxonomy":"product_cat","embeddable":true,"href":"https:\/\/artdeserttours.com\/es\/wp-json\/wp\/v2\/product_cat?post=1515"},{"taxonomy":"product_tag","embeddable":true,"href":"https:\/\/artdeserttours.com\/es\/wp-json\/wp\/v2\/product_tag?post=1515"}],"curies":[{"name":"wp","href":"https:\/\/api.w.org\/{rel}","templated":true}]}}