{"id":2122,"date":"2024-11-09T16:20:09","date_gmt":"2024-11-09T16:20:09","guid":{"rendered":"https:\/\/artdeserttours.com\/?post_type=product&#038;p=2122"},"modified":"2026-02-27T17:15:28","modified_gmt":"2026-02-27T17:15:28","slug":"day-trip-from-marrakech-to-essaouira","status":"publish","type":"product","link":"https:\/\/artdeserttours.com\/es\/tours\/excursion-de-un-dia-desde-marrakech-a-esauira\/","title":{"rendered":"Excursi\u00f3n de un d\u00eda desde Marrakech a Esauira"},"content":{"rendered":"<div><em><span style=\"color: #000080;\"><strong>Excursi\u00f3n de un d\u00eda desde Marrakech a Esauira<\/strong><\/span><\/em> Para un toque de aire oce\u00e1nico, haga que el<a href=\"https:\/\/artdeserttours.com\/es\/tour-category\/moroccan-day-trips\/\"> excursi\u00f3n de un d\u00eda<\/a> a Essaouira desde <a href=\"https:\/\/en.wikipedia.org\/wiki\/Marrakesh\">Marrakech <\/a>- Se tarda casi todo el d\u00eda, pero merece la pena por su medina playera y sus sinuosos bazares, coronados por un centro al aire libre lleno de caf\u00e9s y mariscos. Tambi\u00e9n dispondr\u00e1 de mucho tiempo libre para explorar la ciudad por su cuenta; viajar\u00e1 en un monovolumen climatizado y TODO el transporte est\u00e1 incluido, por lo que reservar con antelaci\u00f3n un viaje a Essaouira le resultar\u00e1 muy sencillo. Proporcionamos servicios de recogida y regreso en hoteles convenientemente situados en Marrakech.<\/div>\n<div><\/div>\n<ul>\n<li>Disfrute de transporte de ida y vuelta de Marrakech a Essaouira.<\/li>\n<li>ver la medina de la ciudad, declarada Patrimonio de la Humanidad por la UNESCO.<\/li>\n<li>Dispondr\u00e1 de tiempo libre para explorar el centro hist\u00f3rico y el paseo mar\u00edtimo de la ciudad.<\/li>\n<li>y ser recogido y dejado en hoteles convenientemente situados en Marrakech.<\/li>\n<\/ul>\n<table class=\"table table-bordered tours-tabs__table\" style=\"height: 233px;\" width=\"862\">\n<tbody>\n<tr>\n<td><strong>LUGAR DE SALIDA\/REGRESO<\/strong><\/td>\n<td>Marrakech-&gt;essaouira -&gt;Marrakech<\/td>\n<\/tr>\n<tr>\n<td><strong>HORA DE SALIDA<\/strong><\/td>\n<td>07:30 de la ma\u00f1ana<\/td>\n<\/tr>\n<tr>\n<td><strong>TIEMPO DE RETORNO<\/strong><\/td>\n<td>19: 00<\/td>\n<\/tr>\n<tr>\n<td><strong>INCLUIDO<\/strong><\/td>\n<td>\n<table class=\"table table-bordered\" style=\"height: 384px;\" width=\"514\">\n<tbody>\n<tr>\n<td><i class=\"fa fa-check icon-tick icon-tick--on\"><\/i>Recogida y entrega en el hotel\n<p>&nbsp;<\/p><\/td>\n<td><i class=\"fa fa-check icon-tick icon-tick--on\"><\/i><span style=\"font-family: inherit; font-size: inherit;\">Gu\u00eda de habla espa\u00f1ol con <\/span><span style=\"font-family: inherit; font-size: inherit;\">Conductor <\/span><span style=\"font-family: inherit; font-size: inherit;\">pendant le voyage<\/span><\/td>\n<\/tr>\n<tr>\n<td><i class=\"fa fa-check icon-tick icon-tick--on\"><\/i><span style=\"font-family: inherit; font-size: inherit;\">3 horas de tiempo libre para visitar la ciudad de Essaouira<\/span><\/td>\n<\/tr>\n<\/tbody>\n<\/table>\n<table class=\"table table-bordered\" style=\"height: 117px;\" width=\"510\">\n<tbody>\n<tr>\n<td><\/td>\n<\/tr>\n<\/tbody>\n<\/table>\n<p>&nbsp;<\/p><\/td>\n<\/tr>\n<tr>\n<td><b>NO INCLUIDO<\/b><\/td>\n<td>\n<table class=\"table table-bordered\" style=\"height: 62px;\" width=\"300\">\n<tbody>\n<tr>\n<td><i class=\"fa fa-times icon-tick icon-tick--off\"><\/i>Alimentos<\/td>\n<\/tr>\n<tr>\n<td><i class=\"fa fa-times icon-tick icon-tick--off\"><\/i>Comidas, Bebidas<\/td>\n<\/tr>\n<\/tbody>\n<\/table>\n<\/td>\n<\/tr>\n<\/tbody>\n<\/table>\n<p>&nbsp;<\/p>","protected":false},"excerpt":{"rendered":"<p>Essaouira es una pintoresca ciudad a la que a menudo se la conoce como la \u00abjoya del Atl\u00e1ntico\u00bb debido a sus casas encaladas, sus murallas hist\u00f3ricas, su indudable atractivo y la amabilidad de sus habitantes.<\/p>","protected":false},"featured_media":2123,"comment_status":"closed","ping_status":"closed","template":"","meta":{"_monsterinsights_skip_tracking":false,"_monsterinsights_sitenote_active":false,"_monsterinsights_sitenote_note":"","_monsterinsights_sitenote_category":0},"product_brand":[],"product_cat":[21],"product_tag":[171,172,170,169,123,168],"class_list":{"0":"post-2122","1":"product","2":"type-product","3":"status-publish","4":"has-post-thumbnail","6":"product_cat-moroccan-tours","7":"product_tag-day-trip","8":"product_tag-day-trip-from-marrakech","9":"product_tag-essaouira-day-trip-from-marrakech","10":"product_tag-essaouira-morocco","11":"product_tag-marrakech","12":"product_tag-marrakech-to-essaouira","13":"tour_category-moroccan-day-trips","15":"first","16":"instock","17":"shipping-taxable","18":"product-type-tour"},"aioseo_notices":[],"_links":{"self":[{"href":"https:\/\/artdeserttours.com\/es\/wp-json\/wp\/v2\/product\/2122","targetHints":{"allow":["GET"]}}],"collection":[{"href":"https:\/\/artdeserttours.com\/es\/wp-json\/wp\/v2\/product"}],"about":[{"href":"https:\/\/artdeserttours.com\/es\/wp-json\/wp\/v2\/types\/product"}],"replies":[{"embeddable":true,"href":"https:\/\/artdeserttours.com\/es\/wp-json\/wp\/v2\/comments?post=2122"}],"wp:featuredmedia":[{"embeddable":true,"href":"https:\/\/artdeserttours.com\/es\/wp-json\/wp\/v2\/media\/2123"}],"wp:attachment":[{"href":"https:\/\/artdeserttours.com\/es\/wp-json\/wp\/v2\/media?parent=2122"}],"wp:term":[{"taxonomy":"product_brand","embeddable":true,"href":"https:\/\/artdeserttours.com\/es\/wp-json\/wp\/v2\/product_brand?post=2122"},{"taxonomy":"product_cat","embeddable":true,"href":"https:\/\/artdeserttours.com\/es\/wp-json\/wp\/v2\/product_cat?post=2122"},{"taxonomy":"product_tag","embeddable":true,"href":"https:\/\/artdeserttours.com\/es\/wp-json\/wp\/v2\/product_tag?post=2122"}],"curies":[{"name":"wp","href":"https:\/\/api.w.org\/{rel}","templated":true}]}}