{"id":2133,"date":"2024-11-12T14:15:16","date_gmt":"2024-11-12T14:15:16","guid":{"rendered":"https:\/\/artdeserttours.com\/?post_type=product&#038;p=2133"},"modified":"2026-01-16T17:03:20","modified_gmt":"2026-01-16T17:03:20","slug":"1-day-trip-to-ouarzazate-from-marrakech","status":"publish","type":"product","link":"https:\/\/artdeserttours.com\/es\/tours\/excursion-de-un-dia-a-ouarzazate-desde-marrakech\/","title":{"rendered":"Excursi\u00f3n de un d\u00eda a Ouarzazate desde Marrakech"},"content":{"rendered":"<div><em><span style=\"color: #000080;\"><strong>Une excursion d'une journ\u00e9e \u00e0 Ouarzazate depuis Marrakech : <\/strong><\/span><\/em><span style=\"color: #000000;\">Se recomienda hacer una excursi\u00f3n de un d\u00eda desde Marrakech al \u00abHollywood de Marruecos\u00bb. Explore los valles y las kasbahs (palacios marroqu\u00edes) para conocer la historia de Marruecos. De camino a la <a href=\"https:\/\/artdeserttours.com\/es\/galeria\/\">Ouarzazate<\/a>, pasar\u00e1s por Ait Ben Haddou y las monta\u00f1as del Atlas. Para cualquiera que desee escapar de la ajetreada metr\u00f3polis pero no disponga de mucho tiempo en <a href=\"https:\/\/en.wikipedia.org\/wiki\/Morocco\">Marruecos<\/a>, this vacation is ideal.<\/span><em><span style=\"color: #000080;\"><strong><br \/>\n<\/strong><\/span><\/em><\/div>\n<p>&nbsp;<\/p>\n<table class=\"table table-bordered tours-tabs__table\" style=\"height: 233px;\" width=\"862\">\n<tbody>\n<tr>\n<td><strong>LUGAR DE SALIDA\/REGRESO<\/strong><\/td>\n<td>Marrakech-&gt;ait ben hadou-&gt;Marrakech<\/td>\n<\/tr>\n<tr>\n<td><strong>HORA DE SALIDA<\/strong><\/td>\n<td>ma\u00f1ana<\/td>\n<\/tr>\n<tr>\n<td><strong>TIEMPO DE RETORNO<\/strong><\/td>\n<td>noche<\/td>\n<\/tr>\n<tr>\n<td><strong>INCLUIDO<\/strong><\/td>\n<td>\n<table class=\"table table-bordered\" style=\"height: 384px;\" width=\"514\">\n<tbody>\n<tr>\n<td><i class=\"fa fa-check icon-tick icon-tick--on\"><\/i>Recogida y entrega en el hotel\n<p>&nbsp;<\/p><\/td>\n<td><i class=\"fa fa-check icon-tick icon-tick--on\"><\/i><span style=\"font-family: inherit; font-size: inherit;\">Gu\u00eda de habla espa\u00f1ol con <\/span><span style=\"font-family: inherit; font-size: inherit;\">Conductor <\/span><span style=\"font-family: inherit; font-size: inherit;\">pendant le voyage<\/span><\/td>\n<\/tr>\n<tr>\n<td><\/td>\n<\/tr>\n<\/tbody>\n<\/table>\n<table class=\"table table-bordered\" style=\"height: 117px;\" width=\"510\">\n<tbody>\n<tr>\n<td><\/td>\n<\/tr>\n<\/tbody>\n<\/table>\n<p>&nbsp;<\/p><\/td>\n<\/tr>\n<tr>\n<td><b>NO INCLUIDO<\/b><\/td>\n<td>\n<table class=\"table table-bordered\" style=\"height: 62px;\" width=\"300\">\n<tbody>\n<tr>\n<td><i class=\"fa fa-times icon-tick icon-tick--off\"><\/i>Alimentos<\/td>\n<\/tr>\n<tr>\n<td><i class=\"fa fa-times icon-tick icon-tick--off\"><\/i>Comidas, Bebidas<\/td>\n<\/tr>\n<\/tbody>\n<\/table>\n<\/td>\n<\/tr>\n<\/tbody>\n<\/table>\n<p>&nbsp;<\/p>","protected":false},"excerpt":{"rendered":"<p><em><span style=\"color: #000080;\">Une excursion d'une journ\u00e9e \u00e0 Ouarzazate depuis Marrakech : <\/span><\/em><span style=\"color: #000000;\">Se recomienda hacer una excursi\u00f3n de un d\u00eda desde Marrakech al \u00abHollywood de Marruecos\u00bb. <\/span><\/p>","protected":false},"featured_media":2228,"comment_status":"closed","ping_status":"closed","template":"","meta":{"_monsterinsights_skip_tracking":false,"_monsterinsights_sitenote_active":false,"_monsterinsights_sitenote_note":"","_monsterinsights_sitenote_category":0},"product_brand":[],"product_cat":[21],"product_tag":[173,171,172,123,168,175,174],"class_list":{"0":"post-2133","1":"product","2":"type-product","3":"status-publish","4":"has-post-thumbnail","6":"product_cat-moroccan-tours","7":"product_tag-a-day-trip-to-ouarzazate-from-marrakech","8":"product_tag-day-trip","9":"product_tag-day-trip-from-marrakech","10":"product_tag-marrakech","11":"product_tag-marrakech-to-essaouira","12":"product_tag-morooco-day-trip","13":"product_tag-ouarzazate-morocco","14":"tour_category-moroccan-day-trips","16":"first","17":"instock","18":"shipping-taxable","19":"product-type-tour"},"aioseo_notices":[],"_links":{"self":[{"href":"https:\/\/artdeserttours.com\/es\/wp-json\/wp\/v2\/product\/2133","targetHints":{"allow":["GET"]}}],"collection":[{"href":"https:\/\/artdeserttours.com\/es\/wp-json\/wp\/v2\/product"}],"about":[{"href":"https:\/\/artdeserttours.com\/es\/wp-json\/wp\/v2\/types\/product"}],"replies":[{"embeddable":true,"href":"https:\/\/artdeserttours.com\/es\/wp-json\/wp\/v2\/comments?post=2133"}],"wp:featuredmedia":[{"embeddable":true,"href":"https:\/\/artdeserttours.com\/es\/wp-json\/wp\/v2\/media\/2228"}],"wp:attachment":[{"href":"https:\/\/artdeserttours.com\/es\/wp-json\/wp\/v2\/media?parent=2133"}],"wp:term":[{"taxonomy":"product_brand","embeddable":true,"href":"https:\/\/artdeserttours.com\/es\/wp-json\/wp\/v2\/product_brand?post=2133"},{"taxonomy":"product_cat","embeddable":true,"href":"https:\/\/artdeserttours.com\/es\/wp-json\/wp\/v2\/product_cat?post=2133"},{"taxonomy":"product_tag","embeddable":true,"href":"https:\/\/artdeserttours.com\/es\/wp-json\/wp\/v2\/product_tag?post=2133"}],"curies":[{"name":"wp","href":"https:\/\/api.w.org\/{rel}","templated":true}]}}