{"id":2141,"date":"2024-11-13T09:34:01","date_gmt":"2024-11-13T09:34:01","guid":{"rendered":"https:\/\/artdeserttours.com\/?post_type=product&#038;p=2141"},"modified":"2026-01-16T17:01:23","modified_gmt":"2026-01-16T17:01:23","slug":"day-trip-to-imlil-from-marrakech","status":"publish","type":"product","link":"https:\/\/artdeserttours.com\/es\/tours\/excursion-de-un-dia-a-imlil-desde-marrakech\/","title":{"rendered":"Excursi\u00f3n de un d\u00eda a Imlil desde Marrakech"},"content":{"rendered":"<div><em><span style=\"color: #000080;\"><strong>Excursi\u00f3n de un d\u00eda a Imlil desde Marrakech:<\/strong><\/span><\/em> A s\u00f3lo 90 minutos de <a href=\"https:\/\/artdeserttours.com\/es\/tour-category\/tours-from-marrakech\/\">Marrakech<\/a>La cordillera del Atlas ofrece pueblos tradicionales, amplias <a href=\"https:\/\/en.wikipedia.org\/wiki\/Imlil,_Marrakesh-Safi\">paisajes de monta\u00f1a<\/a> con ca\u00f1ones llenos de vida y un clima fresco y perfecto para el senderismo. Con esta excursi\u00f3n privada, que incluye traslados directos desde su hotel de Marrakech y un gu\u00eda local exclusivo para usted, podr\u00e1 caminar a su propio ritmo. Su paquete no incluye el almuerzo (pero le proporcionaremos una comida), las entradas previstas, las bebidas ni las propinas.<\/div>\n<div>\n<p>&nbsp;<\/p>\n<table class=\"table table-bordered tours-tabs__table\" style=\"height: 233px;\" width=\"862\">\n<tbody>\n<tr>\n<td><strong>LUGAR DE SALIDA\/REGRESO<\/strong><\/td>\n<td>Marrakech-&gt;Imlil-&gt;Marrakech<\/td>\n<\/tr>\n<tr>\n<td><strong>HORA DE SALIDA<\/strong><\/td>\n<td>9 de la ma\u00f1ana<\/td>\n<\/tr>\n<tr>\n<td><strong>TIEMPO DE RETORNO<\/strong><\/td>\n<td>por la tarde<\/td>\n<\/tr>\n<tr>\n<td><strong>INCLUIDO<\/strong><\/td>\n<td>\n<table class=\"table table-bordered\" style=\"height: 384px;\" width=\"514\">\n<tbody>\n<tr>\n<td><i class=\"fa fa-check icon-tick icon-tick--on\"><\/i>Recogida y entrega en el hotel\n<p>&nbsp;<\/p><\/td>\n<td><i class=\"fa fa-check icon-tick icon-tick--on\"><\/i><span style=\"font-family: inherit; font-size: inherit;\">Gu\u00eda de habla espa\u00f1ol con <\/span><span style=\"font-family: inherit; font-size: inherit;\">Conductor <\/span><span style=\"font-family: inherit; font-size: inherit;\">pendant le voyage<\/span><\/td>\n<\/tr>\n<tr>\n<td><i class=\"fa fa-check icon-tick icon-tick--on\"><\/i>Tiempo libre para explorar los sitios, Paseos, Ca\u00f1ones, Pausas para fotos<\/td>\n<\/tr>\n<\/tbody>\n<\/table>\n<table class=\"table table-bordered\" style=\"height: 117px;\" width=\"510\">\n<tbody>\n<tr>\n<td><\/td>\n<\/tr>\n<\/tbody>\n<\/table>\n<p>&nbsp;<\/p><\/td>\n<\/tr>\n<tr>\n<td><b>NO INCLUIDO<\/b><\/td>\n<td>\n<table class=\"table table-bordered\" style=\"height: 62px;\" width=\"300\">\n<tbody>\n<tr>\n<td><i class=\"fa fa-times icon-tick icon-tick--off\"><\/i>Alimentos<\/td>\n<\/tr>\n<tr>\n<td><i class=\"fa fa-times icon-tick icon-tick--off\"><\/i>Comidas, Bebidas<\/td>\n<\/tr>\n<\/tbody>\n<\/table>\n<\/td>\n<\/tr>\n<\/tbody>\n<\/table>\n<\/div>\n<p>&nbsp;<\/p>","protected":false},"excerpt":{"rendered":"<p><em><span style=\"color: #000080;\">Excursi\u00f3n de un d\u00eda a Imlil desde Marrakech:<\/span><\/em> A solo 90 minutos de Marrakech, las monta\u00f1as del Atlas ofrecen pueblos tradicionales, amplios paisajes monta\u00f1osos con vivos ca\u00f1ones y un clima m\u00e1s fresco, perfecto para practicar senderismo.<\/p>","protected":false},"featured_media":2142,"comment_status":"closed","ping_status":"closed","template":"","meta":{"_monsterinsights_skip_tracking":false,"_monsterinsights_sitenote_active":false,"_monsterinsights_sitenote_note":"","_monsterinsights_sitenote_category":0},"product_brand":[],"product_cat":[21],"product_tag":[171,172,176,169,177,123,178],"class_list":{"0":"post-2141","1":"product","2":"type-product","3":"status-publish","4":"has-post-thumbnail","6":"product_cat-moroccan-tours","7":"product_tag-day-trip","8":"product_tag-day-trip-from-marrakech","9":"product_tag-day-trip-to-imlil-from-marrakech","10":"product_tag-essaouira-morocco","11":"product_tag-imlil","12":"product_tag-marrakech","13":"product_tag-morocco-day-trips","14":"tour_category-moroccan-day-trips","16":"first","17":"instock","18":"shipping-taxable","19":"product-type-tour"},"aioseo_notices":[],"_links":{"self":[{"href":"https:\/\/artdeserttours.com\/es\/wp-json\/wp\/v2\/product\/2141","targetHints":{"allow":["GET"]}}],"collection":[{"href":"https:\/\/artdeserttours.com\/es\/wp-json\/wp\/v2\/product"}],"about":[{"href":"https:\/\/artdeserttours.com\/es\/wp-json\/wp\/v2\/types\/product"}],"replies":[{"embeddable":true,"href":"https:\/\/artdeserttours.com\/es\/wp-json\/wp\/v2\/comments?post=2141"}],"wp:featuredmedia":[{"embeddable":true,"href":"https:\/\/artdeserttours.com\/es\/wp-json\/wp\/v2\/media\/2142"}],"wp:attachment":[{"href":"https:\/\/artdeserttours.com\/es\/wp-json\/wp\/v2\/media?parent=2141"}],"wp:term":[{"taxonomy":"product_brand","embeddable":true,"href":"https:\/\/artdeserttours.com\/es\/wp-json\/wp\/v2\/product_brand?post=2141"},{"taxonomy":"product_cat","embeddable":true,"href":"https:\/\/artdeserttours.com\/es\/wp-json\/wp\/v2\/product_cat?post=2141"},{"taxonomy":"product_tag","embeddable":true,"href":"https:\/\/artdeserttours.com\/es\/wp-json\/wp\/v2\/product_tag?post=2141"}],"curies":[{"name":"wp","href":"https:\/\/api.w.org\/{rel}","templated":true}]}}