{"id":2149,"date":"2024-11-13T12:48:46","date_gmt":"2024-11-13T12:48:46","guid":{"rendered":"https:\/\/artdeserttours.com\/?post_type=product&#038;p=2149"},"modified":"2026-01-16T17:03:27","modified_gmt":"2026-01-16T17:03:27","slug":"1-day-trip-from-fes-to-volubilis","status":"publish","type":"product","link":"https:\/\/artdeserttours.com\/es\/tours\/excursion-de-un-dia-a-moulay-idriss-y-volubilis-desde-fez\/","title":{"rendered":"Excursi\u00f3n de un d\u00eda desde Fez a Volubilis"},"content":{"rendered":"<div><em><span style=\"color: #000080;\"><strong>\u00a0Excursi\u00f3n de un d\u00eda desde Fez a Volubilis: <\/strong><\/span><\/em><span style=\"color: #000080;\"><span style=\"color: #000000;\">Disfrute de un d\u00eda completo en <a href=\"https:\/\/en.wikipedia.org\/wiki\/Fez,_Morocco\">Fez<\/a>, aprovechando la oportunidad de un viaje experimentado a tres sitios, incluyendo mucho tiempo para explorar este <a href=\"https:\/\/artdeserttours.com\/es\/tour-category\/tours-from-fes\/\">Fez<\/a> Viaje de un d\u00eda a trav\u00e9s del tiempo; no se lo pierda. Descubrir\u00e1 la ciudad imperial, las ruinas romanas y la ciudad santa. Esta excursi\u00f3n en grupo reducido es perfecta para que ahorre algo de dinero en el viaje, pero aun as\u00ed dispondr\u00e1 de transporte privado desde cada lugar. Visite los lugares a su propio ritmo, y despu\u00e9s un agradable paseo en coche hasta el siguiente antes de regresar a Fez.<\/span><\/span><\/div>\n<div>\n<table class=\"table table-bordered tours-tabs__table\" style=\"height: 233px;\" width=\"862\">\n<tbody>\n<tr>\n<td><strong>LUGAR DE SALIDA\/REGRESO<\/strong><\/td>\n<td>fes\u2013&gt;Meknes \u2013&gt; Volubilis\u2014&gt;fes<\/td>\n<\/tr>\n<tr>\n<td><strong>HORA DE SALIDA<\/strong><\/td>\n<td>ma\u00f1ana<\/td>\n<\/tr>\n<tr>\n<td><strong>TIEMPO DE RETORNO<\/strong><\/td>\n<td>por la tarde<\/td>\n<\/tr>\n<tr>\n<td><strong>INCLUIDO<\/strong><\/td>\n<td>\n<table class=\"table table-bordered\" style=\"height: 384px;\" width=\"514\">\n<tbody>\n<tr>\n<td><i class=\"fa fa-check icon-tick icon-tick--on\"><\/i>Recogida y entrega en el hotel\n<p>&nbsp;<\/p><\/td>\n<td><i class=\"fa fa-check icon-tick icon-tick--on\"><\/i><span style=\"font-family: inherit; font-size: inherit;\">Gu\u00eda de habla espa\u00f1ol con <\/span><span style=\"font-family: inherit; font-size: inherit;\">Conductor <\/span><span style=\"font-family: inherit; font-size: inherit;\">pendant le voyage<\/span><\/td>\n<\/tr>\n<tr>\n<td><i class=\"fa fa-check icon-tick icon-tick--on\"><\/i>Tiempo libre para explorar los sitios, Paseos, Ca\u00f1ones, Pausas para fotos<\/td>\n<\/tr>\n<\/tbody>\n<\/table>\n<table class=\"table table-bordered\" style=\"height: 117px;\" width=\"510\">\n<tbody>\n<tr>\n<td><\/td>\n<\/tr>\n<\/tbody>\n<\/table>\n<p>&nbsp;<\/p><\/td>\n<\/tr>\n<tr>\n<td><b>NO INCLUIDO<\/b><\/td>\n<td>\n<table class=\"table table-bordered\" style=\"height: 62px;\" width=\"300\">\n<tbody>\n<tr>\n<td><i class=\"fa fa-times icon-tick icon-tick--off\"><\/i>Alimentos<\/td>\n<\/tr>\n<tr>\n<td><i class=\"fa fa-times icon-tick icon-tick--off\"><\/i>Comidas, Bebidas<\/td>\n<\/tr>\n<\/tbody>\n<\/table>\n<\/td>\n<\/tr>\n<\/tbody>\n<\/table>\n<\/div>\n<p>&nbsp;<\/p>","protected":false},"excerpt":{"rendered":"<p><em><span style=\"color: #000080;\">Excursi\u00f3n de un d\u00eda a Moulay Idriss y Volubilis desde Fez: <\/span><\/em><span style=\"color: #000080;\"><span style=\"color: #000000;\">Disfrute de un d\u00eda completo en Fez, aprovechando la oportunidad de realizar una excursi\u00f3n con gu\u00edas experimentados a tres lugares, con tiempo suficiente para explorar esta ciudad. <a href=\"https:\/\/artdeserttours.com\/es\/tour-category\/tours-from-fes\/\">Fez<\/a> Excursi\u00f3n de un d\u00eda a trav\u00e9s del tiempo; no te la pierdas. <\/span><\/span><\/p>","protected":false},"featured_media":2152,"comment_status":"closed","ping_status":"closed","template":"","meta":{"_monsterinsights_skip_tracking":false,"_monsterinsights_sitenote_active":false,"_monsterinsights_sitenote_note":"","_monsterinsights_sitenote_category":0},"product_brand":[],"product_cat":[21],"product_tag":[171,180,181,88,178,182,179],"class_list":{"0":"post-2149","1":"product","2":"type-product","3":"status-publish","4":"has-post-thumbnail","6":"product_cat-moroccan-tours","7":"product_tag-day-trip","8":"product_tag-day-trip-from-fes","9":"product_tag-fes","10":"product_tag-fes-tours","11":"product_tag-morocco-day-trips","12":"product_tag-morocco-tours","13":"product_tag-moulay-idriss-and-volubilis-day-trip-from-fes","14":"tour_category-moroccan-day-trips","16":"first","17":"instock","18":"shipping-taxable","19":"product-type-tour"},"aioseo_notices":[],"_links":{"self":[{"href":"https:\/\/artdeserttours.com\/es\/wp-json\/wp\/v2\/product\/2149","targetHints":{"allow":["GET"]}}],"collection":[{"href":"https:\/\/artdeserttours.com\/es\/wp-json\/wp\/v2\/product"}],"about":[{"href":"https:\/\/artdeserttours.com\/es\/wp-json\/wp\/v2\/types\/product"}],"replies":[{"embeddable":true,"href":"https:\/\/artdeserttours.com\/es\/wp-json\/wp\/v2\/comments?post=2149"}],"wp:featuredmedia":[{"embeddable":true,"href":"https:\/\/artdeserttours.com\/es\/wp-json\/wp\/v2\/media\/2152"}],"wp:attachment":[{"href":"https:\/\/artdeserttours.com\/es\/wp-json\/wp\/v2\/media?parent=2149"}],"wp:term":[{"taxonomy":"product_brand","embeddable":true,"href":"https:\/\/artdeserttours.com\/es\/wp-json\/wp\/v2\/product_brand?post=2149"},{"taxonomy":"product_cat","embeddable":true,"href":"https:\/\/artdeserttours.com\/es\/wp-json\/wp\/v2\/product_cat?post=2149"},{"taxonomy":"product_tag","embeddable":true,"href":"https:\/\/artdeserttours.com\/es\/wp-json\/wp\/v2\/product_tag?post=2149"}],"curies":[{"name":"wp","href":"https:\/\/api.w.org\/{rel}","templated":true}]}}