{"id":2182,"date":"2024-11-20T11:23:13","date_gmt":"2024-11-20T11:23:13","guid":{"rendered":"https:\/\/artdeserttours.com\/?post_type=product&#038;p=2182"},"modified":"2026-05-17T14:44:44","modified_gmt":"2026-05-17T14:44:44","slug":"10-days-tour-from-tangier","status":"publish","type":"product","link":"https:\/\/artdeserttours.com\/es\/tours\/viaje-de-10-dias-desde-tanger\/","title":{"rendered":"Viaje de 10 d\u00edas desde T\u00e1nger"},"content":{"rendered":"<div>\n<div>\n<div><span style=\"color: #000080;\"><strong> circuito de 10 d\u00edas desde tanger<\/strong><\/span> Empiece en T\u00e1nger y emprenda un espectacular recorrido de 10 d\u00edas por Marruecos. Desde las pintorescas calles de Chefchaouen hasta la magnificencia medieval de <span style=\"color: #8f3a1b;\"><strong><a style=\"color: #8f3a1b;\" href=\"https:\/\/artdeserttours.com\/es\/tour-category\/tours-from-fes\/\">Fez<\/a><\/strong><\/span>Desde las cautivadoras playas de Merzouga hasta la din\u00e1mica cultura de Marrakech, este itinerario experiencial lo tiene todo. Descubra la diversidad de paisajes marroqu\u00edes, desde impresionantes panor\u00e1micas del desierto hasta exuberantes tierras altas y ciudades hist\u00f3ricas. Este viaje ofrece el equilibrio ideal entre exploraci\u00f3n cultural y aventura, ya sea montando en camello por el S\u00e1hara, disfrutando de la comida tradicional o recorriendo bulliciosos zocos. Acomp\u00e1\u00f1enos en un viaje \u00fanico en la vida. <span style=\"color: #8f3a1b;\"><strong><a style=\"color: #8f3a1b;\" href=\"https:\/\/en.wikipedia.org\/wiki\/Morocco\">Marroqu\u00ed<\/a> <\/strong><\/span>aventura llena de vistas impresionantes y recuerdos imborrables.<\/div>\n<\/div>\n<\/div>\n<table class=\"table table-bordered tours-tabs__table\" style=\"height: 233px;\" width=\"862\">\n<tbody>\n<tr>\n<td><strong>LUGAR DE SALIDA<\/strong><\/td>\n<td>Marrakech<\/td>\n<\/tr>\n<tr>\n<td><strong>LUGAR DE DESTINO<\/strong><\/td>\n<td>T\u00e1nger<\/td>\n<\/tr>\n<tr>\n<td><strong>INCLUIDO<\/strong><\/td>\n<td>\n<table class=\"table table-bordered\" style=\"height: 384px;\" width=\"514\">\n<tbody>\n<tr>\n<td><i class=\"fa fa-check icon-tick icon-tick--on\"><\/i><span style=\"font-family: inherit; font-size: inherit;\">Pasar una noche en campamento n\u00f3mada en el desierto con tienda privada<\/span><\/td>\n<td><i class=\"fa fa-check icon-tick icon-tick--on\"><\/i><span style=\"font-family: inherit; font-size: inherit;\">Gu\u00eda de habla espa\u00f1ol con <\/span><span style=\"font-family: inherit; font-size: inherit;\">Conductor <\/span><span style=\"font-family: inherit; font-size: inherit;\">durante la visita<\/span><\/td>\n<\/tr>\n<tr>\n<td><i class=\"fa fa-check icon-tick icon-tick--on\"><\/i><span style=\"font-family: inherit; font-size: inherit;\">Excursi\u00f3n en camello por las dunas de Merzouga<\/span><\/td>\n<td><i class=\"fa fa-check icon-tick icon-tick--on\"><\/i><span style=\"font-family: inherit; font-size: inherit;\">Recogida y entrega en su<\/span>\n<p><span style=\"font-family: inherit; font-size: inherit;\">alojamiento<\/span><\/p><\/td>\n<\/tr>\n<\/tbody>\n<\/table>\n<\/td>\n<\/tr>\n<tr>\n<td><b>NO INCLUIDO<\/b><\/td>\n<td>\n<table class=\"table table-bordered\" style=\"height: 62px;\" width=\"300\">\n<tbody>\n<tr>\n<td><i class=\"fa fa-times icon-tick icon-tick--off\"><\/i><span style=\"font-family: inherit; font-size: inherit;\">Billetes de avi\u00f3n<\/span><\/td>\n<\/tr>\n<tr>\n<td><i class=\"fa fa-times icon-tick icon-tick--off\"><\/i>Comidas, Bebidas<\/td>\n<\/tr>\n<\/tbody>\n<\/table>\n<\/td>\n<\/tr>\n<\/tbody>\n<\/table>\n<p>&nbsp;<\/p>","protected":false},"excerpt":{"rendered":"<p><span style=\"color: #000080;\">circuito de 10 d\u00edas desde tanger<\/span> Comience en T\u00e1nger y disfrute de un espectacular recorrido de 10 d\u00edas por Marruecos. Desde las pintorescas calles de Chefchaouen hasta la magnificencia medieval de Fez, las cautivadoras playas de Merzouga y la din\u00e1mica cultura de Marrakech, este itinerario experiencial lo tiene todo.<\/p>","protected":false},"featured_media":1805,"comment_status":"closed","ping_status":"closed","template":"","meta":{"_monsterinsights_skip_tracking":false,"_monsterinsights_sitenote_active":false,"_monsterinsights_sitenote_note":"","_monsterinsights_sitenote_category":0},"product_brand":[],"product_cat":[21],"product_tag":[72,87,85,109,105,108],"class_list":{"0":"post-2182","1":"product","2":"type-product","3":"status-publish","4":"has-post-thumbnail","6":"product_cat-moroccan-tours","7":"product_tag-10-days","8":"product_tag-art-desert-tours","9":"product_tag-sahara-desert-tours","10":"product_tag-tangier","11":"product_tag-tours-from-tangier","12":"product_tag-what-to-do-in-tangier","13":"tour_category-tours-from-tangier","15":"first","16":"instock","17":"shipping-taxable","18":"product-type-tour"},"aioseo_notices":[],"_links":{"self":[{"href":"https:\/\/artdeserttours.com\/es\/wp-json\/wp\/v2\/product\/2182","targetHints":{"allow":["GET"]}}],"collection":[{"href":"https:\/\/artdeserttours.com\/es\/wp-json\/wp\/v2\/product"}],"about":[{"href":"https:\/\/artdeserttours.com\/es\/wp-json\/wp\/v2\/types\/product"}],"replies":[{"embeddable":true,"href":"https:\/\/artdeserttours.com\/es\/wp-json\/wp\/v2\/comments?post=2182"}],"wp:featuredmedia":[{"embeddable":true,"href":"https:\/\/artdeserttours.com\/es\/wp-json\/wp\/v2\/media\/1805"}],"wp:attachment":[{"href":"https:\/\/artdeserttours.com\/es\/wp-json\/wp\/v2\/media?parent=2182"}],"wp:term":[{"taxonomy":"product_brand","embeddable":true,"href":"https:\/\/artdeserttours.com\/es\/wp-json\/wp\/v2\/product_brand?post=2182"},{"taxonomy":"product_cat","embeddable":true,"href":"https:\/\/artdeserttours.com\/es\/wp-json\/wp\/v2\/product_cat?post=2182"},{"taxonomy":"product_tag","embeddable":true,"href":"https:\/\/artdeserttours.com\/es\/wp-json\/wp\/v2\/product_tag?post=2182"}],"curies":[{"name":"wp","href":"https:\/\/api.w.org\/{rel}","templated":true}]}}