{"id":2225,"date":"2024-12-05T09:59:38","date_gmt":"2024-12-05T09:59:38","guid":{"rendered":"https:\/\/artdeserttours.com\/?post_type=product&#038;p=2225"},"modified":"2026-01-16T16:38:38","modified_gmt":"2026-01-16T16:38:38","slug":"4-days-tour-from-agadir-to-zagora-desert","status":"publish","type":"product","link":"https:\/\/artdeserttours.com\/es\/tours\/viaje-de-4-dias-desde-agadir-al-desierto-de-zagora\/","title":{"rendered":"Tour de 4 d\u00edas desde Agadir al desierto de Zagora"},"content":{"rendered":"<div>\n<div>\n<div><span style=\"color: #000080;\"><strong>Excursi\u00f3n de 4 d\u00edas desde Agadir al desierto de Zagora:<\/strong><\/span>\u00danase a una memorable excursi\u00f3n de 4 d\u00edas desde <span style=\"color: #8f3a1b;\"><strong><a style=\"color: #8f3a1b;\" href=\"https:\/\/en.wikipedia.org\/wiki\/Agadir\">Agadir<\/a> <\/strong><\/span>al desierto de Zagora y apreciar las vistas de la belleza del sur de Marruecos desde la bulliciosa ciudad de Agadir hasta las tranquilas laderas de <a href=\"https:\/\/artdeserttours.com\/es\/morocco-tours\/camel-trekking-in-merzouga\/\"><span style=\"color: #8f3a1b;\"><strong>Desierto del S\u00e1hara<\/strong><\/span><\/a>. No se preocupe m\u00e1s, ya que este viaje es ideal para quienes deseen disfrutar de una inmersi\u00f3n cultural, lugares pintorescos y la aut\u00e9ntica cultura del desierto.<\/div>\n<\/div>\n<\/div>\n<table class=\"table table-bordered tours-tabs__table\" style=\"height: 233px;\" width=\"862\">\n<tbody>\n<tr>\n<td><strong>LUGAR DE SALIDA<\/strong><\/td>\n<td>Agadir<\/td>\n<\/tr>\n<tr>\n<td><strong>LUGAR DE DESTINO<\/strong><\/td>\n<td>Agadir<\/td>\n<\/tr>\n<tr>\n<td><strong>INCLUIDO<\/strong><\/td>\n<td>\n<table class=\"table table-bordered\" style=\"height: 384px;\" width=\"514\">\n<tbody>\n<tr>\n<td><i class=\"fa fa-check icon-tick icon-tick--on\"><\/i><span style=\"font-family: inherit; font-size: inherit;\">Pasar una noche en campamento n\u00f3mada en el desierto con tienda privada<\/span><\/td>\n<td><i class=\"fa fa-check icon-tick icon-tick--on\"><\/i><span style=\"font-family: inherit; font-size: inherit;\">Gu\u00eda de habla espa\u00f1ol con <\/span><span style=\"font-family: inherit; font-size: inherit;\">Conductor <\/span><span style=\"font-family: inherit; font-size: inherit;\">durante la visita<\/span><\/td>\n<\/tr>\n<tr>\n<td><i class=\"fa fa-check icon-tick icon-tick--on\"><\/i><span style=\"font-family: inherit; font-size: inherit;\">Recogida y entrega en su <\/span><span style=\"font-family: inherit; font-size: inherit;\">alojamiento<\/span><\/td>\n<\/tr>\n<\/tbody>\n<\/table>\n<p>&nbsp;<\/p><\/td>\n<\/tr>\n<tr>\n<td><b>NO INCLUIDO<\/b><\/td>\n<td>\n<table class=\"table table-bordered\" style=\"height: 62px;\" width=\"300\">\n<tbody>\n<tr>\n<td><i class=\"fa fa-times icon-tick icon-tick--off\"><\/i><span style=\"font-family: inherit; font-size: inherit;\">Billetes de avi\u00f3n<\/span><\/td>\n<\/tr>\n<tr>\n<td><i class=\"fa fa-times icon-tick icon-tick--off\"><\/i>Comidas, Bebidas<\/td>\n<\/tr>\n<\/tbody>\n<\/table>\n<\/td>\n<\/tr>\n<\/tbody>\n<\/table>\n<p>&nbsp;<\/p>","protected":false},"excerpt":{"rendered":"<p><span style=\"color: #000080;\">Excursi\u00f3n de 4 d\u00edas desde Agadir al desierto de Zagora:<\/span>Excursi\u00f3n de 4 d\u00edas de Agadir al desierto de Zagora:\u00danase a una memorable excursi\u00f3n de 4 d\u00edas de Agadir al desierto de Zagora y aprecie las vistas de la belleza del sur de Marruecos desde la bulliciosa ciudad de Agadir hasta las tranquilas laderas del desierto del S\u00e1hara.<\/p>","protected":false},"featured_media":2206,"comment_status":"closed","ping_status":"closed","template":"","meta":{"_monsterinsights_skip_tracking":false,"_monsterinsights_sitenote_active":false,"_monsterinsights_sitenote_note":"","_monsterinsights_sitenote_category":0},"product_brand":[],"product_cat":[21],"product_tag":[91,204,202,87,182,198],"class_list":{"0":"post-2225","1":"product","2":"type-product","3":"status-publish","4":"has-post-thumbnail","6":"product_cat-moroccan-tours","7":"product_tag-4-days-in-morocco","8":"product_tag-4-days-tour-from-agadir-to-zagora-desert","9":"product_tag-agadir","10":"product_tag-art-desert-tours","11":"product_tag-morocco-tours","12":"product_tag-zagora","13":"tour_category-tours-from-agadir","15":"first","16":"instock","17":"shipping-taxable","18":"product-type-tour"},"aioseo_notices":[],"_links":{"self":[{"href":"https:\/\/artdeserttours.com\/es\/wp-json\/wp\/v2\/product\/2225","targetHints":{"allow":["GET"]}}],"collection":[{"href":"https:\/\/artdeserttours.com\/es\/wp-json\/wp\/v2\/product"}],"about":[{"href":"https:\/\/artdeserttours.com\/es\/wp-json\/wp\/v2\/types\/product"}],"replies":[{"embeddable":true,"href":"https:\/\/artdeserttours.com\/es\/wp-json\/wp\/v2\/comments?post=2225"}],"wp:featuredmedia":[{"embeddable":true,"href":"https:\/\/artdeserttours.com\/es\/wp-json\/wp\/v2\/media\/2206"}],"wp:attachment":[{"href":"https:\/\/artdeserttours.com\/es\/wp-json\/wp\/v2\/media?parent=2225"}],"wp:term":[{"taxonomy":"product_brand","embeddable":true,"href":"https:\/\/artdeserttours.com\/es\/wp-json\/wp\/v2\/product_brand?post=2225"},{"taxonomy":"product_cat","embeddable":true,"href":"https:\/\/artdeserttours.com\/es\/wp-json\/wp\/v2\/product_cat?post=2225"},{"taxonomy":"product_tag","embeddable":true,"href":"https:\/\/artdeserttours.com\/es\/wp-json\/wp\/v2\/product_tag?post=2225"}],"curies":[{"name":"wp","href":"https:\/\/api.w.org\/{rel}","templated":true}]}}