{"id":2226,"date":"2024-12-05T10:19:49","date_gmt":"2024-12-05T10:19:49","guid":{"rendered":"https:\/\/artdeserttours.com\/?post_type=product&#038;p=2226"},"modified":"2026-05-17T15:21:56","modified_gmt":"2026-05-17T15:21:56","slug":"7-days-tour-from-agadir-to-casablanca","status":"publish","type":"product","link":"https:\/\/artdeserttours.com\/es\/tours\/7-dias-por-el-desierto-de-agadir-a-casablanca\/","title":{"rendered":"7 Days tour from Agadir to Casablanca"},"content":{"rendered":"<div>\n<div>\n<p><span style=\"color: #000080;\"><strong>7 Days tour from Agadir to Casablanca:<\/strong><\/span>Viaje a Marruecos y sienta su esencia en un recorrido de 7 d\u00edas desde Agadir a Casablanca, a trav\u00e9s del desierto. El recorrido permite al viajero disfrutar de varias regiones de <strong><span style=\"color: #8f3a1b;\"><a style=\"color: #8f3a1b;\" href=\"https:\/\/en.wikipedia.org\/wiki\/Morocco\">Marruecos<\/a> <\/span><\/strong>que parten de la ciudad costera de Agadir hasta la regi\u00f3n metropolitana de Casablanca pasando por lugares hist\u00f3ricos, valles cautivadores, gargantas impresionantes y el espectacular <a href=\"https:\/\/artdeserttours.com\/es\/morocco-tours\/desert-excursion-44\/\"><span style=\"color: #8f3a1b;\"><strong>Desierto del Sahara<\/strong><\/span><\/a>. No se pierda la oportunidad de conocer la maravillosa cultura marroqu\u00ed, la espl\u00e9ndida naturaleza y los lugares de inter\u00e9s de la historia del arte de Marruecos en este impresionante viaje.<\/p>\n<\/div>\n<\/div>\n<table class=\"table table-bordered tours-tabs__table\" style=\"height: 233px;\" width=\"862\">\n<tbody>\n<tr>\n<td><strong>LUGAR DE SALIDA<\/strong><\/td>\n<td>Agadir<\/td>\n<\/tr>\n<tr>\n<td><strong>LUGAR DE DESTINO<\/strong><\/td>\n<td>Casablanca<\/td>\n<\/tr>\n<tr>\n<td><strong>INCLUIDO<\/strong><\/td>\n<td>\n<table class=\"table table-bordered\" style=\"height: 384px;\" width=\"514\">\n<tbody>\n<tr>\n<td><i class=\"fa fa-check icon-tick icon-tick--on\"><\/i>Excursiones en camello y <span style=\"font-family: inherit; font-size: inherit;\">Pasar una noche en campamento n\u00f3mada en el desierto con tienda privada<\/span><\/td>\n<td><i class=\"fa fa-check icon-tick icon-tick--on\"><\/i><span style=\"font-family: inherit; font-size: inherit;\">Gu\u00eda de habla espa\u00f1ol con <\/span><span style=\"font-family: inherit; font-size: inherit;\">Conductor <\/span><span style=\"font-family: inherit; font-size: inherit;\">durante la visita<\/span><\/td>\n<\/tr>\n<tr>\n<td><i class=\"fa fa-check icon-tick icon-tick--on\"><\/i><span style=\"font-family: inherit; font-size: inherit;\">Excursi\u00f3n en camello por las dunas de Merzouga<\/span><\/td>\n<td><i class=\"fa fa-check icon-tick icon-tick--on\"><\/i><span style=\"font-family: inherit; font-size: inherit;\">Recogida y entrega en su<\/span>\n<p><span style=\"font-family: inherit; font-size: inherit;\">alojamiento<\/span><\/p><\/td>\n<\/tr>\n<\/tbody>\n<\/table>\n<p><i class=\"fa fa-check icon-tick icon-tick--on\"><\/i>6 noches en aut\u00e9nticos riads o moteles<\/p>\n<p><i class=\"fa fa-check icon-tick icon-tick--on\"><\/i>Gu\u00edas locales en Fez<\/p><\/td>\n<\/tr>\n<tr>\n<td><b>NO INCLUIDO<\/b><\/td>\n<td>\n<table class=\"table table-bordered\" style=\"height: 62px;\" width=\"300\">\n<tbody>\n<tr>\n<td><i class=\"fa fa-times icon-tick icon-tick--off\"><\/i><span style=\"font-family: inherit; font-size: inherit;\">Billetes de avi\u00f3n<\/span><\/td>\n<\/tr>\n<tr>\n<td><i class=\"fa fa-times icon-tick icon-tick--off\"><\/i>Comidas, Bebidas<\/td>\n<\/tr>\n<\/tbody>\n<\/table>\n<\/td>\n<\/tr>\n<\/tbody>\n<\/table>\n<p>&nbsp;<\/p>","protected":false},"excerpt":{"rendered":"<p><span style=\"color: #000080;\">7 Days Through the Desert from Agadir to Casablanca:<\/span>7 d\u00edas por el desierto de Agadir a Casablanca:Viaje a Marruecos y sienta la esencia de Marruecos en una excursi\u00f3n de 7 d\u00edas de Agadir a Casablanca,<\/p>","protected":false},"featured_media":2221,"comment_status":"closed","ping_status":"closed","template":"","meta":{"_monsterinsights_skip_tracking":false,"_monsterinsights_sitenote_active":false,"_monsterinsights_sitenote_note":"","_monsterinsights_sitenote_category":0},"product_brand":[],"product_cat":[21],"product_tag":[80,203,206,201,205],"class_list":{"0":"post-2226","1":"product","2":"type-product","3":"status-publish","4":"has-post-thumbnail","6":"product_cat-moroccan-tours","7":"product_tag-7-days-in-morocco","8":"product_tag-7-days-through-the-desert-from-agadir-to-casablanca","9":"product_tag-agadir-morocco","10":"product_tag-morocco-tours-from-agadir","11":"product_tag-weekend-in-morocco-from-agadir","12":"tour_category-tours-from-agadir","14":"first","15":"instock","16":"shipping-taxable","17":"product-type-tour"},"aioseo_notices":[],"_links":{"self":[{"href":"https:\/\/artdeserttours.com\/es\/wp-json\/wp\/v2\/product\/2226","targetHints":{"allow":["GET"]}}],"collection":[{"href":"https:\/\/artdeserttours.com\/es\/wp-json\/wp\/v2\/product"}],"about":[{"href":"https:\/\/artdeserttours.com\/es\/wp-json\/wp\/v2\/types\/product"}],"replies":[{"embeddable":true,"href":"https:\/\/artdeserttours.com\/es\/wp-json\/wp\/v2\/comments?post=2226"}],"wp:featuredmedia":[{"embeddable":true,"href":"https:\/\/artdeserttours.com\/es\/wp-json\/wp\/v2\/media\/2221"}],"wp:attachment":[{"href":"https:\/\/artdeserttours.com\/es\/wp-json\/wp\/v2\/media?parent=2226"}],"wp:term":[{"taxonomy":"product_brand","embeddable":true,"href":"https:\/\/artdeserttours.com\/es\/wp-json\/wp\/v2\/product_brand?post=2226"},{"taxonomy":"product_cat","embeddable":true,"href":"https:\/\/artdeserttours.com\/es\/wp-json\/wp\/v2\/product_cat?post=2226"},{"taxonomy":"product_tag","embeddable":true,"href":"https:\/\/artdeserttours.com\/es\/wp-json\/wp\/v2\/product_tag?post=2226"}],"curies":[{"name":"wp","href":"https:\/\/api.w.org\/{rel}","templated":true}]}}