{"id":2404,"date":"2025-01-19T12:17:38","date_gmt":"2025-01-19T12:17:38","guid":{"rendered":"https:\/\/artdeserttours.com\/?post_type=product&#038;p=2404"},"modified":"2026-02-04T12:55:34","modified_gmt":"2026-02-04T12:55:34","slug":"4-days-tour-from-errachidia-to-marrakech","status":"publish","type":"product","link":"https:\/\/artdeserttours.com\/es\/tours\/viaje-de-4-dias-desde-errachidia-a-marrakech\/","title":{"rendered":"Viaje de 4 d\u00edas de Errachidia a Marrakech"},"content":{"rendered":"<div><span style=\"color: #000080;\"><span style=\"color: #000080;\"><strong>Viaje de 4 d\u00edas de Errachidia a Marrakech:<\/strong><\/span><\/span>J<span style=\"color: #000000;\">Excursi\u00f3n de 4 d\u00edas de Errachidia a Marrakech : <a style=\"color: #000000;\" href=\"https:\/\/artdeserttours.com\/es\/tour-category\/tour-from-errachidia\/\">Errachidia<\/a>. Durante su estancia, disfrute visitando a los gitanos en sus tiendas y tambi\u00e9n a los gnaoua, y no olvide ir a ver las antiguas minas de delineador. Y por \u00faltimo, disfrute de su estancia con nosotros durante 3 noches a lo largo del desierto. Comience su viaje con <a style=\"color: #000000;\" href=\"https:\/\/en.wikipedia.org\/wiki\/Merzouga\">Merzouga<\/a>A continuaci\u00f3n, cabalgaremos en Satras, las rosas reci\u00e9n criadas que se encuentran a orillas del lago y que albergan una gran variedad de vida salvaje, lo que a su vez le ofrecer\u00e1 una experiencia estimulante. La tienda en la que dormir\u00e1 estar\u00e1 situada justo en el centro de los arbustos de palmeras, por no hablar de montar en camello y contemplar el amanecer y el atardecer en las dunas de arena. Tras salir del lago, preparar\u00e9 una cena tradicional bereber a base de tagine, y podremos dormir mientras el cielo iluminado por las estrellas nos rodea tumbados junto al caldero.<\/span><\/div>\n<p>&nbsp;<\/p>\n<table class=\"table table-bordered tours-tabs__table\" style=\"height: 233px;\" width=\"862\">\n<tbody>\n<tr>\n<td><strong>LUGAR DE SALIDA<\/strong><\/td>\n<td>Marrakech<\/td>\n<\/tr>\n<tr>\n<td><strong>LUGAR DE DESTINO<\/strong><\/td>\n<td>Errachidia<\/td>\n<\/tr>\n<tr>\n<td><strong>INCLUIDO<\/strong><\/td>\n<td><span style=\"font-family: inherit; font-size: inherit;\">alojamiento<\/span>\n<table class=\"table table-bordered\" style=\"height: 384px;\" width=\"514\">\n<tbody>\n<tr>\n<td><i class=\"fa fa-check icon-tick icon-tick--on\"><\/i><span style=\"font-family: inherit; font-size: inherit;\">Pasar una noche en campamento n\u00f3mada del desierto con Tienda Privada ( cama, cena,<br \/>\ndesayuno y grupo musical sahara)<\/span><\/td>\n<td><i class=\"fa fa-check icon-tick icon-tick--on\"><\/i><span style=\"font-family: inherit; font-size: inherit;\">Gu\u00eda de habla espa\u00f1ol con <\/span><span style=\"font-family: inherit; font-size: inherit;\">Conductor <\/span><span style=\"font-family: inherit; font-size: inherit;\">durante la visita<\/span><\/td>\n<\/tr>\n<tr>\n<td><i class=\"fa fa-check icon-tick icon-tick--on\"><\/i><span style=\"font-family: inherit; font-size: inherit;\">Excursi\u00f3n en camello por las dunas de Merzouga<\/span><\/td>\n<td><i class=\"fa fa-check icon-tick icon-tick--on\"><\/i><span style=\"font-family: inherit; font-size: inherit;\">Recogida y entrega en su<\/span><\/td>\n<td><i class=\"fa fa-check icon-tick icon-tick--on\"><\/i><span style=\"font-family: inherit; font-size: inherit;\">puesta de sol,amanecer<\/span><\/td>\n<\/tr>\n<\/tbody>\n<\/table>\n<\/td>\n<\/tr>\n<\/tbody>\n<\/table>\n<p><b>NO INCLUIDO<\/b><\/p>\n<table class=\"table table-bordered\" style=\"height: 62px;\" width=\"300\">\n<tbody>\n<tr>\n<td><i class=\"fa fa-times icon-tick icon-tick--off\"><\/i><span style=\"font-family: inherit; font-size: inherit;\">Billetes de avi\u00f3n<\/span><\/td>\n<\/tr>\n<tr>\n<td><i class=\"fa fa-times icon-tick icon-tick--off\"><\/i>Comidas, Bebidas<\/td>\n<\/tr>\n<\/tbody>\n<\/table>\n<p>&nbsp;<\/p>\n<p>&nbsp;<\/p>","protected":false},"excerpt":{"rendered":"<p><span style=\"color: #000000;\">Excursi\u00f3n de 4 d\u00edas de Errachidia a Marrakech:Acomp\u00e1\u00f1enos en una aventura de 4 d\u00edas por el desierto marroqu\u00ed, partiendo de Errachidia. Durante su estancia, disfrute visitando al pueblo gitano en sus tiendas y tambi\u00e9n al pueblo gnaoua, y no olvide ir a ver las antiguas minas de delineador de ojos.<\/span><\/p>","protected":false},"featured_media":2412,"comment_status":"closed","ping_status":"closed","template":"","meta":{"_monsterinsights_skip_tracking":false,"_monsterinsights_sitenote_active":false,"_monsterinsights_sitenote_note":"","_monsterinsights_sitenote_category":0},"product_brand":[],"product_cat":[21],"product_tag":[91,214,87,182],"class_list":{"0":"post-2404","1":"product","2":"type-product","3":"status-publish","4":"has-post-thumbnail","6":"product_cat-moroccan-tours","7":"product_tag-4-days-in-morocco","8":"product_tag-4-days-tour-from-errachidia-to-marrakech","9":"product_tag-art-desert-tours","10":"product_tag-morocco-tours","11":"tour_category-tours-from-errachidia","13":"first","14":"instock","15":"shipping-taxable","16":"product-type-tour"},"aioseo_notices":[],"_links":{"self":[{"href":"https:\/\/artdeserttours.com\/es\/wp-json\/wp\/v2\/product\/2404","targetHints":{"allow":["GET"]}}],"collection":[{"href":"https:\/\/artdeserttours.com\/es\/wp-json\/wp\/v2\/product"}],"about":[{"href":"https:\/\/artdeserttours.com\/es\/wp-json\/wp\/v2\/types\/product"}],"replies":[{"embeddable":true,"href":"https:\/\/artdeserttours.com\/es\/wp-json\/wp\/v2\/comments?post=2404"}],"wp:featuredmedia":[{"embeddable":true,"href":"https:\/\/artdeserttours.com\/es\/wp-json\/wp\/v2\/media\/2412"}],"wp:attachment":[{"href":"https:\/\/artdeserttours.com\/es\/wp-json\/wp\/v2\/media?parent=2404"}],"wp:term":[{"taxonomy":"product_brand","embeddable":true,"href":"https:\/\/artdeserttours.com\/es\/wp-json\/wp\/v2\/product_brand?post=2404"},{"taxonomy":"product_cat","embeddable":true,"href":"https:\/\/artdeserttours.com\/es\/wp-json\/wp\/v2\/product_cat?post=2404"},{"taxonomy":"product_tag","embeddable":true,"href":"https:\/\/artdeserttours.com\/es\/wp-json\/wp\/v2\/product_tag?post=2404"}],"curies":[{"name":"wp","href":"https:\/\/api.w.org\/{rel}","templated":true}]}}