{"id":2405,"date":"2025-01-19T12:36:49","date_gmt":"2025-01-19T12:36:49","guid":{"rendered":"https:\/\/artdeserttours.com\/?post_type=product&#038;p=2405"},"modified":"2026-01-16T15:14:21","modified_gmt":"2026-01-16T15:14:21","slug":"3-days-tour-from-errachidia-to-fes","status":"publish","type":"product","link":"https:\/\/artdeserttours.com\/es\/tours\/viaje-de-3-dias-desde-errachidia-a-fes\/","title":{"rendered":"Viaje de 3 d\u00edas de Errachidia a Fez"},"content":{"rendered":"<div>\n<p class=\"tourmaster-single-header-title\"><span style=\"color: #000080;\"><strong>Viaje de 3 d\u00edas de Errachidia a Fez: <\/strong><\/span>Set out on a 3-day journey to <a href=\"https:\/\/fr.wikipedia.org\/wiki\/Fs\">Fez<\/a>, Marruecos, de <a href=\"https:\/\/artdeserttours.com\/es\/tour-category\/tour-from-errachidia\/\">Errachidia<\/a>. Explore el desierto durante tres d\u00edas y dos noches. Disfrute de la m\u00fasica y la danza de los gnaoua y los khamlia mientras visita tiendas n\u00f3madas. A pocos kil\u00f3metros, explore una antigua mina de delineador y descubra la laguna de fauna salvaje de Merzouga. Contemple el amanecer y la puesta de sol en las dunas, monte en camello y pasee por el palmeral. En el S\u00e1hara, pase la noche en una tienda del desierto.<\/p>\n<p>Visite la hist\u00f3rica ciudad de Erfoud y el mercado de Rissani. Descubra el bosque de cedros del macaco de Berber\u00eda e Ifrane, a veces llamada la Suiza marroqu\u00ed. En Fez, el viaje llega a su fin.<\/p>\n<\/div>\n<p>&nbsp;<\/p>\n<table class=\"table table-bordered tours-tabs__table\" style=\"height: 233px;\" width=\"862\">\n<tbody>\n<tr>\n<td><strong>LUGAR DE SALIDA<\/strong><\/td>\n<td>Fez<\/td>\n<\/tr>\n<tr>\n<td><strong>LUGAR DE DESTINO<\/strong><\/td>\n<td>Errachidia<\/td>\n<\/tr>\n<tr>\n<td><strong>INCLUIDO<\/strong><\/td>\n<td><i class=\"fa fa-check icon-tick icon-tick--on\"><\/i><span style=\"font-family: inherit; font-size: inherit;\">Recogida y entrega en su <\/span><span style=\"font-family: inherit; font-size: inherit;\">alojamiento<\/span>\n<table class=\"table table-bordered\" style=\"height: 384px;\" width=\"514\">\n<tbody>\n<tr>\n<td><i class=\"fa fa-check icon-tick icon-tick--on\"><\/i><span style=\"font-family: inherit; font-size: inherit;\">Pasar una noche en campamento n\u00f3mada del desierto con Tienda Privada ( cama, cena,<br \/>\ndesayuno y grupo musical sahara)<\/span><\/td>\n<td><i class=\"fa fa-check icon-tick icon-tick--on\"><\/i><span style=\"font-family: inherit; font-size: inherit;\">Gu\u00eda de habla espa\u00f1ol con <\/span><span style=\"font-family: inherit; font-size: inherit;\">Conductor <\/span><span style=\"font-family: inherit; font-size: inherit;\">durante la visita<\/span><\/td>\n<\/tr>\n<tr>\n<td><i class=\"fa fa-check icon-tick icon-tick--on\"><\/i><span style=\"font-family: inherit; font-size: inherit;\">Excursi\u00f3n en camello por las dunas de Merzouga<\/span><\/td>\n<td><i class=\"fa fa-check icon-tick icon-tick--on\"><\/i><span style=\"font-family: inherit; font-size: inherit;\">Recogida y entrega en su<\/span><\/td>\n<td><i class=\"fa fa-check icon-tick icon-tick--on\"><\/i><span style=\"font-family: inherit; font-size: inherit;\">puesta de sol,amanecer<\/span><\/td>\n<\/tr>\n<\/tbody>\n<\/table>\n<p><b>NO INCLUIDO<\/b><\/p>\n<table class=\"table table-bordered\" style=\"height: 62px;\" width=\"300\">\n<tbody>\n<tr>\n<td><i class=\"fa fa-times icon-tick icon-tick--off\"><\/i><span style=\"font-family: inherit; font-size: inherit;\">Billetes de avi\u00f3n<\/span><\/td>\n<\/tr>\n<tr>\n<td><i class=\"fa fa-times icon-tick icon-tick--off\"><\/i>Comidas, Bebidas<\/td>\n<\/tr>\n<\/tbody>\n<\/table>\n<p>&nbsp;<\/p>\n<p>&nbsp;<\/p><\/td>\n<\/tr>\n<\/tbody>\n<\/table>","protected":false},"excerpt":{"rendered":"<p><span style=\"color: #000080;\"><strong>Viaje de 3 d\u00edas de Errachidia a Fez: <\/strong><\/span>Emprenda un viaje de tres d\u00edas a <a href=\"https:\/\/fr.wikipedia.org\/wiki\/Fs\">Fez<\/a>, Marruecos, de <a href=\"https:\/\/artdeserttours.com\/es\/tour-category\/tour-from-errachidia\/\">Errachidia<\/a>Explora el desierto durante tres d\u00edas y dos noches.<\/p>","protected":false},"featured_media":2419,"comment_status":"closed","ping_status":"closed","template":"","meta":{"_monsterinsights_skip_tracking":false,"_monsterinsights_sitenote_active":false,"_monsterinsights_sitenote_note":"","_monsterinsights_sitenote_category":0},"product_brand":[],"product_cat":[21],"product_tag":[215,91,214,87,182],"class_list":{"0":"post-2405","1":"product","2":"type-product","3":"status-publish","4":"has-post-thumbnail","6":"product_cat-moroccan-tours","7":"product_tag-3-days-tour-from-errachidia-to-fes","8":"product_tag-4-days-in-morocco","9":"product_tag-4-days-tour-from-errachidia-to-marrakech","10":"product_tag-art-desert-tours","11":"product_tag-morocco-tours","12":"tour_category-tours-from-errachidia","14":"first","15":"instock","16":"shipping-taxable","17":"product-type-tour"},"aioseo_notices":[],"_links":{"self":[{"href":"https:\/\/artdeserttours.com\/es\/wp-json\/wp\/v2\/product\/2405","targetHints":{"allow":["GET"]}}],"collection":[{"href":"https:\/\/artdeserttours.com\/es\/wp-json\/wp\/v2\/product"}],"about":[{"href":"https:\/\/artdeserttours.com\/es\/wp-json\/wp\/v2\/types\/product"}],"replies":[{"embeddable":true,"href":"https:\/\/artdeserttours.com\/es\/wp-json\/wp\/v2\/comments?post=2405"}],"wp:featuredmedia":[{"embeddable":true,"href":"https:\/\/artdeserttours.com\/es\/wp-json\/wp\/v2\/media\/2419"}],"wp:attachment":[{"href":"https:\/\/artdeserttours.com\/es\/wp-json\/wp\/v2\/media?parent=2405"}],"wp:term":[{"taxonomy":"product_brand","embeddable":true,"href":"https:\/\/artdeserttours.com\/es\/wp-json\/wp\/v2\/product_brand?post=2405"},{"taxonomy":"product_cat","embeddable":true,"href":"https:\/\/artdeserttours.com\/es\/wp-json\/wp\/v2\/product_cat?post=2405"},{"taxonomy":"product_tag","embeddable":true,"href":"https:\/\/artdeserttours.com\/es\/wp-json\/wp\/v2\/product_tag?post=2405"}],"curies":[{"name":"wp","href":"https:\/\/api.w.org\/{rel}","templated":true}]}}