{"id":2406,"date":"2025-01-19T12:38:48","date_gmt":"2025-01-19T12:38:48","guid":{"rendered":"https:\/\/artdeserttours.com\/?post_type=product&#038;p=2406"},"modified":"2026-02-27T17:40:38","modified_gmt":"2026-02-27T17:40:38","slug":"3-days-tour-from-errachidia-city","status":"publish","type":"product","link":"https:\/\/artdeserttours.com\/es\/tours\/viaje-de-3-dias-desde-la-ciudad-de-errachidia\/","title":{"rendered":"Viaje de 3 d\u00edas desde la ciudad de Errachidia"},"content":{"rendered":"<div>\n<p class=\"tourmaster-single-header-title\"><span style=\"color: #000080;\"><strong>Viaje de 3 d\u00edas desde la ciudad de Errachidia: <\/strong><\/span>Explore the desert on a 3-day excursion departing from <a href=\"https:\/\/artdeserttours.com\/es\/tour-category\/tour-from-errachidia\/\">Errachidia<\/a>. Disfrute de la m\u00fasica y la danza de los Gnaoua y los <a href=\"https:\/\/en.wikipedia.org\/wiki\/Khamlia\">Khamlia<\/a> personas mientras visita las tiendas n\u00f3madas. A pocos kil\u00f3metros, explore una antigua mina de delineador y descubra la laguna de fauna salvaje de Merzouga. Contemple el amanecer y la puesta de sol en las dunas, monte en camello y pasee por el palmeral. En el S\u00e1hara, pase la noche en una tienda del desierto. Por \u00faltimo, vaya a Erfoud, un asentamiento de f\u00f3siles, y al zoco de Rissani. En Errachidia, el viaje llega a su fin.<\/p>\n<\/div>\n<p>&nbsp;<\/p>\n<table class=\"table table-bordered tours-tabs__table\" style=\"height: 233px;\" width=\"862\">\n<tbody>\n<tr>\n<td><strong>LUGAR DE SALIDA<\/strong><\/td>\n<td>Fez<\/td>\n<\/tr>\n<tr>\n<td><strong>LUGAR DE DESTINO<\/strong><\/td>\n<td>Errachidia<\/td>\n<\/tr>\n<tr>\n<td><strong>INCLUIDO<\/strong><\/td>\n<td><i class=\"fa fa-check icon-tick icon-tick--on\"><\/i><span style=\"font-family: inherit; font-size: inherit;\">Recogida y entrega en su <\/span><span style=\"font-family: inherit; font-size: inherit;\">alojamiento<\/span>\n<table class=\"table table-bordered\" style=\"height: 384px;\" width=\"514\">\n<tbody>\n<tr>\n<td><i class=\"fa fa-check icon-tick icon-tick--on\"><\/i><span style=\"font-family: inherit; font-size: inherit;\">Pasar una noche en campamento n\u00f3mada del desierto con Tienda Privada ( cama, cena,<br \/>\ndesayuno y grupo musical sahara)<\/span><\/td>\n<td><i class=\"fa fa-check icon-tick icon-tick--on\"><\/i><span style=\"font-family: inherit; font-size: inherit;\">Gu\u00eda de habla espa\u00f1ol con <\/span><span style=\"font-family: inherit; font-size: inherit;\">Conductor <\/span><span style=\"font-family: inherit; font-size: inherit;\">durante la visita<\/span><\/td>\n<\/tr>\n<tr>\n<td><i class=\"fa fa-check icon-tick icon-tick--on\"><\/i><span style=\"font-family: inherit; font-size: inherit;\">Excursi\u00f3n en camello por las dunas de Merzouga<\/span><\/td>\n<td><i class=\"fa fa-check icon-tick icon-tick--on\"><\/i><span style=\"font-family: inherit; font-size: inherit;\">Recogida y entrega en su<\/span><\/td>\n<td><i class=\"fa fa-check icon-tick icon-tick--on\"><\/i><span style=\"font-family: inherit; font-size: inherit;\">puesta de sol,amanecer<\/span><\/td>\n<\/tr>\n<\/tbody>\n<\/table>\n<\/td>\n<\/tr>\n<\/tbody>\n<\/table>\n<p><b>NO INCLUIDO<\/b><\/p>\n<table class=\"table table-bordered\" style=\"height: 62px;\" width=\"300\">\n<tbody>\n<tr>\n<td><i class=\"fa fa-times icon-tick icon-tick--off\"><\/i><span style=\"font-family: inherit; font-size: inherit;\">Billetes de avi\u00f3n<\/span><\/td>\n<\/tr>\n<tr>\n<td><i class=\"fa fa-times icon-tick icon-tick--off\"><\/i>Comidas, Bebidas<\/td>\n<\/tr>\n<\/tbody>\n<\/table>\n<p>&nbsp;<\/p>\n<p>&nbsp;<\/p>","protected":false},"excerpt":{"rendered":"<p><span style=\"color: #000080;\"><strong>Viaje de 3 d\u00edas desde la ciudad de Errachidia: <\/strong><\/span>Explore el desierto en una excursi\u00f3n de tres d\u00edas con salida desde <a href=\"https:\/\/artdeserttours.com\/es\/tour-category\/tour-from-errachidia\/\">Errachidia<\/a>. Disfrute de la m\u00fasica y la danza de los Gnaoua y los <a href=\"https:\/\/en.wikipedia.org\/wiki\/Khamlia\">Khamlia<\/a> personas durante su visita<\/p>","protected":false},"featured_media":2414,"comment_status":"closed","ping_status":"closed","template":"","meta":{"_monsterinsights_skip_tracking":false,"_monsterinsights_sitenote_active":false,"_monsterinsights_sitenote_note":"","_monsterinsights_sitenote_category":0},"product_brand":[],"product_cat":[21],"product_tag":[91,214,87,182],"class_list":{"0":"post-2406","1":"product","2":"type-product","3":"status-publish","4":"has-post-thumbnail","6":"product_cat-moroccan-tours","7":"product_tag-4-days-in-morocco","8":"product_tag-4-days-tour-from-errachidia-to-marrakech","9":"product_tag-art-desert-tours","10":"product_tag-morocco-tours","11":"tour_category-tours-from-errachidia","13":"first","14":"instock","15":"shipping-taxable","16":"product-type-tour"},"aioseo_notices":[],"_links":{"self":[{"href":"https:\/\/artdeserttours.com\/es\/wp-json\/wp\/v2\/product\/2406","targetHints":{"allow":["GET"]}}],"collection":[{"href":"https:\/\/artdeserttours.com\/es\/wp-json\/wp\/v2\/product"}],"about":[{"href":"https:\/\/artdeserttours.com\/es\/wp-json\/wp\/v2\/types\/product"}],"replies":[{"embeddable":true,"href":"https:\/\/artdeserttours.com\/es\/wp-json\/wp\/v2\/comments?post=2406"}],"wp:featuredmedia":[{"embeddable":true,"href":"https:\/\/artdeserttours.com\/es\/wp-json\/wp\/v2\/media\/2414"}],"wp:attachment":[{"href":"https:\/\/artdeserttours.com\/es\/wp-json\/wp\/v2\/media?parent=2406"}],"wp:term":[{"taxonomy":"product_brand","embeddable":true,"href":"https:\/\/artdeserttours.com\/es\/wp-json\/wp\/v2\/product_brand?post=2406"},{"taxonomy":"product_cat","embeddable":true,"href":"https:\/\/artdeserttours.com\/es\/wp-json\/wp\/v2\/product_cat?post=2406"},{"taxonomy":"product_tag","embeddable":true,"href":"https:\/\/artdeserttours.com\/es\/wp-json\/wp\/v2\/product_tag?post=2406"}],"curies":[{"name":"wp","href":"https:\/\/api.w.org\/{rel}","templated":true}]}}