{"id":256,"date":"2015-07-16T16:00:39","date_gmt":"2015-07-16T16:00:39","guid":{"rendered":"http:\/\/adventure-tours.themedelight.com\/?page_id=9"},"modified":"2025-06-18T18:57:30","modified_gmt":"2025-06-18T18:57:30","slug":"contact-us","status":"publish","type":"page","link":"https:\/\/artdeserttours.com\/fr\/contactez-nous\/","title":{"rendered":"Contact"},"content":{"rendered":"<div class=\"wpb-content-wrapper\"><div class=\"vc_row wpb_row vc_row-fluid margin-bottom\"><div class=\"wpb_column vc_column_container vc_col-sm-12 vc_col-md-6\"><div class=\"vc_column-inner\"><div class=\"wpb_wrapper\"><div class=\"title\">\n\t\t\t<div class=\"title__subtitle\">Voulez-vous parler ?<\/div>\n\t\t<h3 class=\"title__primary\">Contactez-nous D\u00e9tails<\/h3>\n<\/div>\n\n\t<div class=\"wpb_text_column wpb_content_element\" >\n\t\t<div class=\"wpb_wrapper\">\n\t\t\t<p>Contactez-nous Si vous avez une question qui n'a pas trouv\u00e9 de r\u00e9ponse sur notre site Web, veuillez nous contacter aux coordonn\u00e9es indiqu\u00e9es ci-dessous ou remplir le formulaire \u00e0 droite.<\/p>\n<p><a href=\"https:\/\/artdeserttours.com\/fr\/about-us\/\"><span style=\"color: #ff9900;\"><strong>Art Desert Tours<\/strong><\/span><\/a> Nous sommes sp\u00e9cialis\u00e9s dans l'offre d'exp\u00e9riences uniques et authentiques aux voyageurs qui souhaitent d\u00e9couvrir les paysages saisissants et la culture vivante du Maroc. En outre, nos planificateurs et guides professionnels vous aideront \u00e0 concevoir le voyage de votre vie. Nous avons des activit\u00e9s pour tous les go\u00fbts, des safaris dans le d\u00e9sert aux escalades en montagne, en passant par les visites de villes et les aventures culinaires. Confiez-nous le soin de planifier votre emploi du temps pour que vous puissiez vous concentrer sur la visite des plus beaux sites du Maroc.<\/p>\n<p><strong>Notre mission : <\/strong>Nous pensons que voyager ne consiste pas seulement \u00e0 cocher des destinations ; il s'agit plut\u00f4t de nouer des liens avec des personnes, de s'immerger dans des traditions et de d\u00e9couvrir l'\u00e2me d'un lieu. Par cons\u00e9quent, notre mission est de cr\u00e9er des exp\u00e9riences authentiques qui r\u00e9sonnent avec votre c\u0153ur et qui, en fin de compte, vous laissent des souvenirs imp\u00e9rissables.<\/p>\n\n\t\t<\/div>\n\t<\/div>\n<div class=\"contact-info\">\n\t\t\t<div class=\"contact-info__item\">\n\t\t\t<div class=\"contact-info__item__icon\"><i class=\"fa fa-map-marker\"><\/i><\/div>\n\t\t\t<div class=\"contact-info__item__text\">marrakech, maroc<\/div>\n\t\t<\/div>\n\t\n\t<div class=\"contact-info__item\"><a href=\"tel:+212694989843\"><span class=\"contact-info__item__icon\"><i class=\"fa fa-phone\"><\/i><\/span><span class=\"contact-info__item__text\">+212 694989843<\/span><\/a><\/div>\n\t\n\t<div class=\"contact-info__item\"><a href=\"mailto:artdeserttours@gmail.com\"><span class=\"contact-info__item__icon\"><i class=\"fa fa-envelope contact-info__item__icon__email\"><\/i><\/span><span class=\"contact-info__item__text\">artdeserttours@gmail.com<\/span><\/a><\/div>\n\t<\/div>\n<div class=\"vc_empty_space\"   style=\"height: 20px\"><span class=\"vc_empty_space_inner\"><\/span><\/div><div class=\"social-icons social-icons--square\">\n\t<div class=\"social-icons__icons\">\n\t<a href=\"https:\/\/www.facebook.com\/profile.php?id=61552105830933\" class=\"social-icons__icon social-icons__icon--facebook\"><i class=\"fa fa-facebook\"><\/i><\/a><a href=\"https:\/\/www.linkedin.com\/in\/art-desert-tours-121954274?utm_source=share&#038;utm_campaign=share_via&#038;utm_content=profile&#038;utm_medium=android_app\" class=\"social-icons__icon social-icons__icon--linkedin\"><i class=\"fa fa-linkedin\"><\/i><\/a><a href=\"https:\/\/www.instagram.com\/artdeserttours?igsh=MTBieWd5a3AwZGRycw==\" class=\"social-icons__icon social-icons__icon--instagram\"><i class=\"fa fa-instagram\"><\/i><\/a><a href=\"https:\/\/www.tripadvisor.com\/Attraction_Review-g293734-d25328122-Reviews-Art_desert_tours-Marrakech_Marrakech_Safi.html\" class=\"social-icons__icon social-icons__icon--tripadvisor\"><i class=\"fa fa-tripadvisor\"><\/i><\/a>\t<\/div>\n<\/div>\n<\/div><\/div><\/div><div class=\"wpb_column vc_column_container vc_col-sm-12 vc_col-md-6\"><div class=\"vc_column-inner\"><div class=\"wpb_wrapper\"><div class=\"vc_empty_space  visible-sm visible-xs\"   style=\"height: 40px\"><span class=\"vc_empty_space_inner\"><\/span><\/div><div class=\"title\">\n\t\t\t<div class=\"title__subtitle\">Vous avez une question ?<\/div>\n\t\t<h3 class=\"title__primary\">Prendre contact<\/h3>\n<\/div>\n\n<div class=\"wpcf7 no-js\" id=\"wpcf7-f162-o1\" lang=\"en-US\" dir=\"ltr\" data-wpcf7-id=\"162\">\n<div class=\"screen-reader-response\"><p role=\"status\" aria-live=\"polite\" aria-atomic=\"true\"><\/p> <ul><\/ul><\/div>\n<form action=\"\/fr\/wp-json\/wp\/v2\/pages\/256#wpcf7-f162-o1\" method=\"post\" class=\"wpcf7-form init\" aria-label=\"Contact form\" novalidate=\"novalidate\" data-status=\"init\" data-trp-original-action=\"\/fr\/wp-json\/wp\/v2\/pages\/256#wpcf7-f162-o1\">\n<fieldset class=\"hidden-fields-container\"><input type=\"hidden\" name=\"_wpcf7\" value=\"162\" \/><input type=\"hidden\" name=\"_wpcf7_version\" value=\"6.1.5\" \/><input type=\"hidden\" name=\"_wpcf7_locale\" value=\"en_US\" \/><input type=\"hidden\" name=\"_wpcf7_unit_tag\" value=\"wpcf7-f162-o1\" \/><input type=\"hidden\" name=\"_wpcf7_container_post\" value=\"0\" \/><input type=\"hidden\" name=\"_wpcf7_posted_data_hash\" value=\"\" \/><input type=\"hidden\" name=\"_wpcf7_recaptcha_response\" value=\"\" \/>\n<\/fieldset>\n<div class=\"form-contact\">\n\t<div class=\"form-contact__fields-short\">\n\t\t<div class=\"form-contact__item-short\">\n\t\t\t<p><label style=\"letter-spacing: 0.3rem;\">Nom :<\/label><br \/>\n<span class=\"wpcf7-form-control-wrap\" data-name=\"your-name\"><input size=\"40\" maxlength=\"400\" class=\"wpcf7-form-control wpcf7-text wpcf7-validates-as-required\" aria-required=\"true\" aria-invalid=\"false\" placeholder=\"Votre nom\" value=\"\" type=\"text\" name=\"your-name\" \/><\/span>\n\t\t\t<\/p>\n\t\t<\/div>\n\t\t<div class=\"form-contact__item-short\">\n\t\t\t<p><label for=\"email\" style=\"letter-spacing: 0.3rem;\">Courriel :<\/label><br \/>\n<span class=\"wpcf7-form-control-wrap\" data-name=\"your-email\"><input size=\"40\" maxlength=\"400\" class=\"wpcf7-form-control wpcf7-email wpcf7-validates-as-required wpcf7-text wpcf7-validates-as-email\" aria-required=\"true\" aria-invalid=\"false\" placeholder=\"votre email ...\" value=\"\" type=\"email\" name=\"your-email\" \/><\/span>\n\t\t\t<\/p>\n\t\t<\/div>\n\t<\/div>\n\t<div class=\"form-contact__fields-short\">\n\t\t<p><label style=\"letter-spacing: 0.3rem;\">Pays :<\/label><span class=\"wpcf7-form-control-wrap\" data-name=\"your-subject\"><input size=\"40\" maxlength=\"400\" class=\"wpcf7-form-control wpcf7-text wpcf7-validates-as-required\" aria-required=\"true\" aria-invalid=\"false\" placeholder=\"votre pays ...\" value=\"\" type=\"text\" name=\"your-subject\" \/><\/span>\n\t\t<\/p>\n\t<\/div>\n\t<p><label style=\"letter-spacing: 0.3rem;\">Message :<\/label><br \/>\n<span class=\"wpcf7-form-control-wrap\" data-name=\"your-message\"><textarea cols=\"0\" rows=\"0\" maxlength=\"2000\" class=\"wpcf7-form-control wpcf7-textarea\" aria-invalid=\"false\" placeholder=\"info --&gt; Fournissez-nous des d\u00e9tails sur vos projets de voyage et sur ce que vous recherchez. Il peut s&#039;agir d&#039;une destination, d&#039;une dur\u00e9e, d&#039;un groupe ou d&#039;un individu...                   Date d&#039;arriv\u00e9e ... Destination du voyage ...           Combien de jours ? ... Avez-vous des enfants ou non ? ... ? etc.\" name=\"your-message\"><\/textarea><\/span><br \/>\n<label>\n\t\t<span class=\"wpcf7-form-control-wrap recaptcha\" data-name=\"recaptcha\"><span data-sitekey=\"6LfHeyUrAAAAAK757igHXDS5HVzCN-JU9HrSANx-\" class=\"wpcf7-form-control wpcf7-recaptcha g-recaptcha\"><\/span>\r\n<noscript>\r\n\t<div class=\"grecaptcha-noscript\">\r\n\t\t<iframe src=\"https:\/\/www.google.com\/recaptcha\/api\/fallback?k=6LfHeyUrAAAAAK757igHXDS5HVzCN-JU9HrSANx-\" frameborder=\"0\" scrolling=\"no\" width=\"310\" height=\"430\">\r\n\t\t<\/iframe>\r\n\t\t<textarea name=\"g-recaptcha-response\" rows=\"3\" cols=\"40\" placeholder=\"reCaptcha Response Here\">\r\n\t\t<\/textarea>\r\n\t<\/div>\r\n<\/noscript>\r\n<\/span><\/label><br \/>\n<button type=\"submit\" class=\"button button--style1 button--with-icon\"><i class=\"fa fa-paper-plane\"><\/i>Envoyer<\/button>\n\t<\/p>\n<\/div><p style=\"display: none !important;\" class=\"akismet-fields-container\" data-prefix=\"_wpcf7_ak_\"><label>&#916;<textarea name=\"_wpcf7_ak_hp_textarea\" cols=\"45\" rows=\"8\" maxlength=\"100\"><\/textarea><\/label><input type=\"hidden\" id=\"ak_js_1\" name=\"_wpcf7_ak_js\" value=\"215\"\/><script>document.getElementById( \"ak_js_1\" ).setAttribute( \"value\", ( new Date() ).getTime() );<\/script><\/p><div class=\"wpcf7-response-output\" aria-hidden=\"true\"><\/div>\n<input type=\"hidden\" name=\"trp-form-language\" value=\"fr\"\/><\/form>\n<\/div>\n<\/div><\/div><\/div><\/div><div data-vc-full-width=\"true\" data-vc-full-width-init=\"false\" data-vc-stretch-content=\"true\" class=\"vc_row wpb_row vc_row-fluid vc_row-no-padding\"><div class=\"wpb_column vc_column_container vc_col-sm-12\"><div class=\"vc_column-inner\"><div class=\"wpb_wrapper\"><div class=\"wpb_gmaps_widget wpb_content_element\"><div class=\"wpb_wrapper\"><div class=\"wpb_map_wraper\"><iframe src=\"https:\/\/www.google.com\/maps\/embed?pb=!1m18!1m12!1m3!1d3397.2662256703597!2d-7.996344424384183!3d31.626560374165518!2m3!1f0!2f0!3f0!3m2!1i1024!2i768!4f13.1!3m3!1m2!1s0x42f2aeb8eb34692f%3A0x8ae0a5aa47027b04!2sArt%20Desert%20Tours!5e0!3m2!1sen!2sma!4v1727042401054!5m2!1sen!2sma\" width=\"600\" height=\"450\" style=\"border:0;\" allowfullscreen=\"\" loading=\"lazy\" referrerpolicy=\"no-referrer-when-downgrade\"><\/iframe><\/div><\/div><\/div><\/div><\/div><\/div><\/div><div class=\"vc_row-full-width vc_clearfix\"><\/div>\n<\/div>","protected":false},"excerpt":{"rendered":"Would like to talk? Contact us Details Contact Us If you have\u00a0 a question that has not been answered on our website, please get in touch with us via contact details listed below or fill in the form on the<div class=\"padding-top text-center\"><a href=\"https:\/\/artdeserttours.com\/fr\/contactez-nous\/\" class=\"atbtn atbtn--medium atbtn--rounded atbtn--transparent\"><i class=\"atbtn__icon atbtn__icon--right fa fa-long-arrow-right\"><\/i><\/a><\/div>","protected":false},"author":1,"featured_media":0,"parent":0,"menu_order":0,"comment_status":"open","ping_status":"open","template":"","meta":{"_monsterinsights_skip_tracking":false,"_monsterinsights_sitenote_active":false,"_monsterinsights_sitenote_note":"","_monsterinsights_sitenote_category":0,"_uf_show_specific_survey":0,"_uf_disable_surveys":false,"footnotes":""},"class_list":["post-256","page","type-page","status-publish","hentry"],"aioseo_notices":[],"_links":{"self":[{"href":"https:\/\/artdeserttours.com\/fr\/wp-json\/wp\/v2\/pages\/256","targetHints":{"allow":["GET"]}}],"collection":[{"href":"https:\/\/artdeserttours.com\/fr\/wp-json\/wp\/v2\/pages"}],"about":[{"href":"https:\/\/artdeserttours.com\/fr\/wp-json\/wp\/v2\/types\/page"}],"author":[{"embeddable":true,"href":"https:\/\/artdeserttours.com\/fr\/wp-json\/wp\/v2\/users\/1"}],"replies":[{"embeddable":true,"href":"https:\/\/artdeserttours.com\/fr\/wp-json\/wp\/v2\/comments?post=256"}],"version-history":[{"count":0,"href":"https:\/\/artdeserttours.com\/fr\/wp-json\/wp\/v2\/pages\/256\/revisions"}],"wp:attachment":[{"href":"https:\/\/artdeserttours.com\/fr\/wp-json\/wp\/v2\/media?parent=256"}],"curies":[{"name":"wp","href":"https:\/\/api.w.org\/{rel}","templated":true}]}}