{"id":2793,"date":"2025-09-18T18:02:18","date_gmt":"2025-09-18T18:02:18","guid":{"rendered":"https:\/\/artdeserttours.com\/?page_id=2793"},"modified":"2025-09-18T18:09:24","modified_gmt":"2025-09-18T18:09:24","slug":"customize-your-tour","status":"publish","type":"page","link":"https:\/\/artdeserttours.com\/fr\/personnalisez-votre-visite\/","title":{"rendered":"Personnalisez votre visite"},"content":{"rendered":"<div class=\"wpb-content-wrapper\"><div class=\"vc_row wpb_row vc_row-fluid\"><div class=\"wpb_column vc_column_container vc_col-sm-12\"><div class=\"vc_column-inner\"><div class=\"wpb_wrapper\"><div class=\"vc_separator wpb_content_element vc_separator_align_center vc_sep_width_100 vc_sep_pos_align_center vc_sep_color_grey vc_separator-has-text\" ><span class=\"vc_sep_holder vc_sep_holder_l\"><span class=\"vc_sep_line\"><\/span><\/span><div class=\"vc_icon_element vc_icon_element-outer vc_icon_element-align-left\"><div class=\"vc_icon_element-inner vc_icon_element-color-blue vc_icon_element-size-md vc_icon_element-style- vc_icon_element-background-color-grey\" ><span class=\"vc_icon_element-icon far fa-calendar-plus\" ><\/span><\/div><\/div><h4>Personnalisez l'aventure de vos r\u00eaves<\/h4><span class=\"vc_sep_holder vc_sep_holder_r\"><span class=\"vc_sep_line\"><\/span><\/span>\n<\/div><\/div><\/div><\/div><\/div><div class=\"vc_row wpb_row vc_row-fluid\"><div class=\"wpb_column vc_column_container vc_col-sm-12\"><div class=\"vc_column-inner\"><div class=\"wpb_wrapper\">\n\t<div class=\"wpb_text_column wpb_content_element  wpb_animate_when_almost_visible wpb_bounceIn bounceIn\" >\n\t\t<div class=\"wpb_wrapper\">\n\t\t\t<p data-start=\"253\" data-end=\"705\">\u00c0 <strong data-start=\"256\" data-end=\"283\">Art Desert Tours Company<\/strong>, nous pensons que chaque voyage doit \u00eatre aussi unique que le voyageur qui l'entreprend. C'est pourquoi nous proposons des circuits enti\u00e8rement personnalisables, con\u00e7us en fonction de vos centres d'int\u00e9r\u00eat, de votre emploi du temps et de votre style de voyage. Que vous r\u00eaviez d'une escapade romantique sous les \u00e9toiles du Sahara, d'un trek aventureux \u00e0 travers les montagnes de l'Atlas au Maroc ou d'une immersion culturelle dans les anciennes m\u00e9dinas et les villages cach\u00e9s, nous donnons vie \u00e0 votre vision.<\/p>\n<p data-start=\"707\" data-end=\"945\">Gr\u00e2ce \u00e0 notre expertise locale, nos exp\u00e9riences tri\u00e9es sur le volet et nos guides passionn\u00e9s, nous vous aiderons \u00e0 <strong data-start=\"795\" data-end=\"818\">Cr\u00e9ez votre propre circuit<\/strong>, du d\u00e9but \u00e0 la fin. Choisissez vos dates, vos destinations, vos activit\u00e9s et m\u00eame le rythme de votre voyage : c'est votre voyage, \u00e0 votre fa\u00e7on.<\/p>\n<p data-start=\"947\" data-end=\"1088\">Laissez Art Desert Tours vous concocter un <strong data-start=\"975\" data-end=\"1001\">aventure personnalis\u00e9e<\/strong> que vous n'oublierez jamais. Parce que les voyages ne sont pas tous identiques, et nous non plus.<\/p>\n\n\t\t<\/div>\n\t<\/div>\n<\/div><\/div><\/div><\/div><div class=\"vc_row wpb_row vc_row-fluid\"><div class=\"wpb_column vc_column_container vc_col-sm-12\"><div class=\"vc_column-inner\"><div class=\"wpb_wrapper\">\n<div class=\"wpcf7 no-js\" id=\"wpcf7-f2790-o1\" lang=\"en-US\" dir=\"ltr\" data-wpcf7-id=\"2790\">\n<div class=\"screen-reader-response\"><p role=\"status\" aria-live=\"polite\" aria-atomic=\"true\"><\/p> <ul><\/ul><\/div>\n<form action=\"\/fr\/wp-json\/wp\/v2\/pages\/2793#wpcf7-f2790-o1\" method=\"post\" class=\"wpcf7-form init\" aria-label=\"Contact form\" novalidate=\"novalidate\" data-status=\"init\" data-trp-original-action=\"\/fr\/wp-json\/wp\/v2\/pages\/2793#wpcf7-f2790-o1\">\n<fieldset class=\"hidden-fields-container\"><input type=\"hidden\" name=\"_wpcf7\" value=\"2790\" \/><input type=\"hidden\" name=\"_wpcf7_version\" value=\"6.1.5\" \/><input type=\"hidden\" name=\"_wpcf7_locale\" value=\"en_US\" \/><input type=\"hidden\" name=\"_wpcf7_unit_tag\" value=\"wpcf7-f2790-o1\" \/><input type=\"hidden\" name=\"_wpcf7_container_post\" value=\"0\" \/><input type=\"hidden\" name=\"_wpcf7_posted_data_hash\" value=\"\" \/><input type=\"hidden\" name=\"_wpcf7_recaptcha_response\" value=\"\" \/>\n<\/fieldset>\n<section id=\"create-tour\" style=\"background-color: #f9f9f9; padding: 60px 20px;\">\n\t<div style=\"max-width: 900px; margin: auto; background: #fff; padding: 40px; border-radius: 10px; box-shadow: 0 0 20px rgba(0,0,0,0.05);\">\n\t\t<h2 style=\"text-align: center; font-size: 2rem; margin-bottom: 30px; letter-spacing: 0.1rem; text-transform: uppercase;\">Cr\u00e9ez votre visite\n\t\t<\/h2>\n\t\t<div class=\"form-contact\">\n\t\t\t<div class=\"form-contact__fields-short\" style=\"display: flex; gap: 20px; flex-wrap: wrap;\">\n\t\t\t\t<div class=\"form-contact__item-short\" style=\"flex: 1;\">\n\t\t\t\t\t<p><label style=\"letter-spacing: 0.3rem;\">Nom :<\/label><br \/>\n<span class=\"wpcf7-form-control-wrap\" data-name=\"your-name\"><input size=\"40\" maxlength=\"400\" class=\"wpcf7-form-control wpcf7-text wpcf7-validates-as-required\" aria-required=\"true\" aria-invalid=\"false\" placeholder=\"Votre nom\" value=\"\" type=\"text\" name=\"your-name\" \/><\/span>\n\t\t\t\t\t<\/p>\n\t\t\t\t<\/div>\n\t\t\t\t<div class=\"form-contact__item-short\" style=\"flex: 1;\">\n\t\t\t\t\t<p><label for=\"email\" style=\"letter-spacing: 0.3rem;\">Courriel :<\/label><br \/>\n<span class=\"wpcf7-form-control-wrap\" data-name=\"your-email\"><input size=\"40\" maxlength=\"400\" class=\"wpcf7-form-control wpcf7-email wpcf7-validates-as-required wpcf7-text wpcf7-validates-as-email\" aria-required=\"true\" aria-invalid=\"false\" placeholder=\"votre email ...\" value=\"\" type=\"email\" name=\"your-email\" \/><\/span>\n\t\t\t\t\t<\/p>\n\t\t\t\t<\/div>\n\t\t\t<\/div>\n\t\t\t<div class=\"form-contact__fields-short\" style=\"margin-top: 20px;\">\n\t\t\t\t<p><label style=\"letter-spacing: 0.3rem;\">Pays :<\/label><br \/>\n<span class=\"wpcf7-form-control-wrap\" data-name=\"your-country\"><input size=\"40\" maxlength=\"400\" class=\"wpcf7-form-control wpcf7-text wpcf7-validates-as-required\" aria-required=\"true\" aria-invalid=\"false\" placeholder=\"votre pays ...\" value=\"\" type=\"text\" name=\"your-country\" \/><\/span>\n\t\t\t\t<\/p>\n\t\t\t<\/div>\n\n <!-- Additional Fields -->\n\t\t\t<div class=\"form-contact__fields-short\" style=\"display: flex; gap: 20px; flex-wrap: wrap; margin-top: 20px;\">\n\t\t\t\t<div style=\"flex: 1;\">\n\t\t\t\t\t<p><label style=\"letter-spacing: 0.3rem;\">Date de d\u00e9but :<\/label><br \/>\n<span class=\"wpcf7-form-control-wrap\" data-name=\"start-date\"><input class=\"wpcf7-form-control wpcf7-date wpcf7-validates-as-required wpcf7-validates-as-date\" aria-required=\"true\" aria-invalid=\"false\" value=\"\" type=\"date\" name=\"start-date\" \/><\/span>\n\t\t\t\t\t<\/p>\n\t\t\t\t<\/div>\n\t\t\t\t<div style=\"flex: 1;\">\n\t\t\t\t\t<p><label style=\"letter-spacing: 0.3rem;\">Date de fin :<\/label><br \/>\n<span class=\"wpcf7-form-control-wrap\" data-name=\"end-date\"><input class=\"wpcf7-form-control wpcf7-date wpcf7-validates-as-required wpcf7-validates-as-date\" aria-required=\"true\" aria-invalid=\"false\" value=\"\" type=\"date\" name=\"end-date\" \/><\/span>\n\t\t\t\t\t<\/p>\n\t\t\t\t<\/div>\n\t\t\t<\/div>\n\t\t\t<div class=\"form-contact__fields-short\" style=\"margin-top: 20px;\">\n\t\t\t\t<p><label style=\"letter-spacing: 0.3rem;\">Nombre de jours :<\/label><br \/>\n<span class=\"wpcf7-form-control-wrap\" data-name=\"total-days\"><input size=\"40\" maxlength=\"400\" class=\"wpcf7-form-control wpcf7-text\" readonly=\"readonly\" aria-invalid=\"false\" value=\"auto-calculated\" type=\"text\" name=\"total-days\" \/><\/span>\n\t\t\t\t<\/p>\n\t\t\t<\/div>\n\t\t\t<div class=\"form-contact__fields-short\" style=\"display: flex; gap: 20px; flex-wrap: wrap; margin-top: 20px;\">\n\t\t\t\t<div style=\"flex: 1;\">\n\t\t\t\t\t<p><label style=\"letter-spacing: 0.3rem;\">Lieu de destination :<\/label><br \/>\n<span class=\"wpcf7-form-control-wrap\" data-name=\"starting-location\"><input size=\"40\" maxlength=\"400\" class=\"wpcf7-form-control wpcf7-text wpcf7-validates-as-required\" aria-required=\"true\" aria-invalid=\"false\" placeholder=\"par exemple Marrakech\" value=\"\" type=\"text\" name=\"starting-location\" \/><\/span>\n\t\t\t\t\t<\/p>\n\t\t\t\t<\/div>\n\t\t\t\t<div style=\"flex: 1;\">\n\t\t\t\t\t<p><label style=\"letter-spacing: 0.3rem;\">Lieu de d\u00e9part :<\/label><br \/>\n<span class=\"wpcf7-form-control-wrap\" data-name=\"ending-location\"><input size=\"40\" maxlength=\"400\" class=\"wpcf7-form-control wpcf7-text wpcf7-validates-as-required\" aria-required=\"true\" aria-invalid=\"false\" placeholder=\"par exemple fes\" value=\"\" type=\"text\" name=\"ending-location\" \/><\/span>\n\t\t\t\t\t<\/p>\n\t\t\t\t<\/div>\n\t\t\t<\/div>\n\t\t\t<div class=\"form-contact__fields-short\" style=\"margin-top: 20px;\">\n\t\t\t\t<p><label style=\"letter-spacing: 0.3rem;\">Lieux \u00e0 visiter :<\/label><br \/>\n<span class=\"wpcf7-form-control-wrap\" data-name=\"places-to-visit\"><textarea cols=\"40\" rows=\"10\" maxlength=\"2000\" class=\"wpcf7-form-control wpcf7-textarea\" aria-invalid=\"false\" placeholder=\"Ajoutez votre liste de lieux, s\u00e9par\u00e9s par des virgules.\" name=\"places-to-visit\"><\/textarea><\/span>\n\t\t\t\t<\/p>\n\t\t\t<\/div>\n\t\t\t<div class=\"form-contact__fields-short\" style=\"display: flex; gap: 20px; flex-wrap: wrap; margin-top: 20px;\">\n\t\t\t\t<div style=\"flex: 1;\">\n\t\t\t\t\t<p><label style=\"letter-spacing: 0.3rem;\">Nombre de voyageurs :<\/label><br \/>\n<span class=\"wpcf7-form-control-wrap\" data-name=\"number-of-travelers\"><input class=\"wpcf7-form-control wpcf7-number wpcf7-validates-as-required wpcf7-validates-as-number\" min=\"1\" aria-required=\"true\" aria-invalid=\"false\" placeholder=\"par exemple 2\" value=\"\" type=\"number\" name=\"number-of-travelers\" \/><\/span>\n\t\t\t\t\t<\/p>\n\t\t\t\t<\/div>\n\t\t\t\t<div style=\"flex: 1;\">\n\t\t\t\t\t<p><label style=\"letter-spacing: 0.3rem;\">Enfants (oui\/non ou informations sur l'\u00e2ge) :<\/label><br \/>\n<span class=\"wpcf7-form-control-wrap\" data-name=\"children-info\"><input size=\"40\" maxlength=\"400\" class=\"wpcf7-form-control wpcf7-text\" aria-invalid=\"false\" placeholder=\"Par exemple : Oui, 2 enfants \u00e2g\u00e9s de 5 et 8 ans.\" value=\"\" type=\"text\" name=\"children-info\" \/><\/span>\n\t\t\t\t\t<\/p>\n\t\t\t\t<\/div>\n\t\t\t<\/div>\n\t\t\t<div class=\"form-contact__fields-short\" style=\"margin-top: 20px;\">\n\t\t\t\t<p><label style=\"letter-spacing: 0.3rem;\">Message :<\/label><br \/>\n<span class=\"wpcf7-form-control-wrap\" data-name=\"your-message\"><textarea cols=\"0\" rows=\"0\" maxlength=\"2000\" class=\"wpcf7-form-control wpcf7-textarea\" aria-invalid=\"false\" placeholder=\"info --&gt; Veuillez nous fournir des d\u00e9tails sur vos projets de voyage et ce que vous recherchez.\" name=\"your-message\"><\/textarea><\/span>\n\t\t\t\t<\/p>\n\t\t\t<\/div>\n\t\t\t<div style=\"text-align: center; margin-top: 30px;\">\n\t\t\t\t<p><label>\n\t\t\t\t\t<span class=\"wpcf7-form-control-wrap recaptcha\" data-name=\"recaptcha\"><span data-sitekey=\"6LfHeyUrAAAAAK757igHXDS5HVzCN-JU9HrSANx-\" class=\"wpcf7-form-control wpcf7-recaptcha g-recaptcha\"><\/span>\r\n<noscript>\r\n\t<div class=\"grecaptcha-noscript\">\r\n\t\t<iframe src=\"https:\/\/www.google.com\/recaptcha\/api\/fallback?k=6LfHeyUrAAAAAK757igHXDS5HVzCN-JU9HrSANx-\" frameborder=\"0\" scrolling=\"no\" width=\"310\" height=\"430\">\r\n\t\t<\/iframe>\r\n\t\t<textarea name=\"g-recaptcha-response\" rows=\"3\" cols=\"40\" placeholder=\"reCaptcha Response Here\">\r\n\t\t<\/textarea>\r\n\t<\/div>\r\n<\/noscript>\r\n<\/span><\/label>\n\t\t\t\t<\/p>\n\t\t\t\t<p><button type=\"submit\" class=\"button button--style1 button--with-icon\"\n style=\"color: #090ee5; \"><i class=\"fa fa-paper-plane\"><\/i>Envoyer<\/button>\n\t\t\t\t<\/p>\n\t\t\t<\/div>\n\t\t<\/div>\n\t<\/div>\n<\/section><p style=\"display: none !important;\" class=\"akismet-fields-container\" data-prefix=\"_wpcf7_ak_\"><label>&#916;<textarea name=\"_wpcf7_ak_hp_textarea\" cols=\"45\" rows=\"8\" maxlength=\"100\"><\/textarea><\/label><input type=\"hidden\" id=\"ak_js_1\" name=\"_wpcf7_ak_js\" value=\"121\"\/><script>document.getElementById( \"ak_js_1\" ).setAttribute( \"value\", ( new Date() ).getTime() );<\/script><\/p><div class=\"wpcf7-response-output\" aria-hidden=\"true\"><\/div>\n<input type=\"hidden\" name=\"trp-form-language\" value=\"fr\"\/><\/form>\n<\/div>\n<\/div><\/div><\/div><\/div>\n<\/div>","protected":false},"excerpt":{"rendered":"Customize Your Dream Adventure At Art Desert Tours Company, we believe that every journey should be as unique as the traveler embarking on it. That\u2019s why we offer fully customizable tours, designed around your interests, schedule, and travel style. Whether<div class=\"padding-top text-center\"><a href=\"https:\/\/artdeserttours.com\/fr\/personnalisez-votre-visite\/\" class=\"atbtn atbtn--medium atbtn--rounded atbtn--transparent\"><i class=\"atbtn__icon atbtn__icon--right fa fa-long-arrow-right\"><\/i><\/a><\/div>","protected":false},"author":1,"featured_media":0,"parent":0,"menu_order":0,"comment_status":"closed","ping_status":"closed","template":"","meta":{"_monsterinsights_skip_tracking":false,"_monsterinsights_sitenote_active":false,"_monsterinsights_sitenote_note":"","_monsterinsights_sitenote_category":0,"_uf_show_specific_survey":0,"_uf_disable_surveys":false,"footnotes":""},"class_list":["post-2793","page","type-page","status-publish","hentry"],"aioseo_notices":[],"_links":{"self":[{"href":"https:\/\/artdeserttours.com\/fr\/wp-json\/wp\/v2\/pages\/2793","targetHints":{"allow":["GET"]}}],"collection":[{"href":"https:\/\/artdeserttours.com\/fr\/wp-json\/wp\/v2\/pages"}],"about":[{"href":"https:\/\/artdeserttours.com\/fr\/wp-json\/wp\/v2\/types\/page"}],"author":[{"embeddable":true,"href":"https:\/\/artdeserttours.com\/fr\/wp-json\/wp\/v2\/users\/1"}],"replies":[{"embeddable":true,"href":"https:\/\/artdeserttours.com\/fr\/wp-json\/wp\/v2\/comments?post=2793"}],"version-history":[{"count":0,"href":"https:\/\/artdeserttours.com\/fr\/wp-json\/wp\/v2\/pages\/2793\/revisions"}],"wp:attachment":[{"href":"https:\/\/artdeserttours.com\/fr\/wp-json\/wp\/v2\/media?parent=2793"}],"curies":[{"name":"wp","href":"https:\/\/api.w.org\/{rel}","templated":true}]}}