{"id":3045,"date":"2026-03-03T22:27:14","date_gmt":"2026-03-03T22:27:14","guid":{"rendered":"https:\/\/artdeserttours.com\/?page_id=3045"},"modified":"2026-03-03T22:42:22","modified_gmt":"2026-03-03T22:42:22","slug":"terms-conditions","status":"publish","type":"page","link":"https:\/\/artdeserttours.com\/fr\/terms-conditions\/","title":{"rendered":"Conditions g\u00e9n\u00e9rales"},"content":{"rendered":"<h2 class=\"wp-block-heading\"><strong>-Conditions de paiement :<\/strong><\/h2>\n\n\n\n<p>Le r\u00e8glement de la totalit\u00e9 du co\u00fbt du voyage doit \u00eatre effectu\u00e9 au d\u00e9but des prestations ou pendant leur ex\u00e9cution, sauf si d'autres modalit\u00e9s ont \u00e9t\u00e9 convenues \u00e0 l'avance.<\/p>\n\n\n\n<p>Pour les voyages organis\u00e9s en groupe, des conditions g\u00e9n\u00e9rales distinctes s'appliquent, variant en fonction de la taille du groupe, des choix d'h\u00e9bergement et de la p\u00e9riode de l'ann\u00e9e. N'h\u00e9sitez pas \u00e0 nous contacter pour plus de d\u00e9tails.<\/p>\n\n\n\n<p>Toute modification ou ajout \u00e0 votre r\u00e9servation doit \u00eatre soumis par \u00e9crit et nous \u00eatre transmis par e-mail ou WhatsApp. Afin d'\u00e9viter toute confusion, il est essentiel d'obtenir une confirmation de l'annulation ou de la modification de la part de notre \u00e9quipe.<\/p>\n\n\n\n<h2 class=\"wp-block-heading\"><strong>-Modes de paiement :<\/strong><\/h2>\n\n\n\n<p>Nous acceptons les paiements via l'une des options suivantes :<\/p>\n\n\n\n<p>   <strong>\u25ba Carte de cr\u00e9dit.<\/strong><\/p>\n\n\n\n<p>   <strong>\u25ba PayPal.<\/strong><\/p>\n\n\n\n<p>   <strong>\u25ba Paiement en esp\u00e8ces.<\/strong><\/p>\n\n\n\n<p>Veuillez noter que tous les frais bancaires li\u00e9s aux transferts d'argent sont \u00e0 la charge de l'exp\u00e9diteur.<\/p>\n\n\n\n<h2 class=\"wp-block-heading\"><strong>-Prices:<\/strong><\/h2>\n\n\n\n<p>-The cost of a journey is determined by the participant count, the season, and the specific services included in the booking, for instance, conveyance alone or comprehensive lodging for the whole or part of the trip.<\/p>\n\n\n\n<p>-Tous les prix sont n\u00e9gociables.<\/p>\n\n\n\n<h2 class=\"wp-block-heading\"><strong>-Acompte :<\/strong><\/h2>\n\n\n\n<p>-A <strong>30%<\/strong> Le paiement anticip\u00e9 de la totalit\u00e9 des frais de service est exig\u00e9 \u00e0 titre d'acompte.<\/p>\n\n\n\n<p class=\"has-black-color has-text-color has-link-color wp-elements-dfe6ca6c5180fe7ed862cdf1279ad6d5\">-Veuillez noter que les frais de transaction (qu'il s'agisse de virements \u00e9lectroniques ou d'autres transferts mon\u00e9taires) ne sont pas inclus dans le <a href=\"https:\/\/moroccotoursdata.com\/\" title=\"\">tour <\/a>price; such expenses are to be fully covered by you.<\/p>\n\n\n\n<h2 class=\"wp-block-heading\"><strong>-Politique de remboursement :<\/strong><\/h2>\n\n\n\n<ul class=\"wp-block-list\">\n<li>Un remboursement complet (100 %) de l'acompte est accord\u00e9 pour toute annulation effectu\u00e9e au plus tard 20 jours avant la date pr\u00e9vue de la visite.<\/li>\n\n\n\n<li>Un remboursement de 50 % de l'acompte est accord\u00e9 pour les annulations effectu\u00e9es entre 10 et 19 jours avant la date pr\u00e9vue de la visite.<\/li>\n\n\n\n<li>Un remboursement de 10 % de l'acompte est accord\u00e9 pour les annulations effectu\u00e9es entre 5 et 9 jours avant la date pr\u00e9vue de la visite.<\/li>\n\n\n\n<li>Aucun remboursement n'est accord\u00e9 pour les annulations effectu\u00e9es dans les 5 jours pr\u00e9c\u00e9dant la date pr\u00e9vue de la visite.<\/li>\n<\/ul>\n\n\n\n<h2 class=\"wp-block-heading\"><strong>Cat\u00e9gories de nos annulations :<\/strong><\/h2>\n\n\n\n<p><strong>Annulations pour cause de force majeure :<\/strong>&nbsp;Art Desert Tours Company se r\u00e9serve le droit d'annuler toute excursion lorsque la s\u00e9curit\u00e9 des voyageurs pourrait \u00eatre compromise, notamment en cas de catastrophe naturelle ou de conflit arm\u00e9. Le remboursement de toutes les sommes per\u00e7ues constitue une indemnisation compl\u00e8te.<\/p>\n\n\n\n<p><strong>Annulations pour cause de circonstances impr\u00e9vues :<\/strong>&nbsp;Des mandats officiels emp\u00eachant la r\u00e9alisation pr\u00e9vue du circuit peuvent n\u00e9cessiter son annulation. Nous nous r\u00e9servons le droit d'annuler une excursion si la valeur de la devise fluctue de plus de 25 %, ce qui aurait une incidence sur le co\u00fbt. Dans ce cas, nous pouvons soit annuler la r\u00e9servation et rembourser tous les fonds vers\u00e9s, soit proposer d'organiser le circuit au taux de change r\u00e9vis\u00e9. Si nous ne sommes pas en mesure d'organiser le circuit en raison d'\u00e9v\u00e9nements impr\u00e9visibles ou de crises suppl\u00e9mentaires, tous les paiements re\u00e7us \u00e0 ce jour seront rembours\u00e9s \u00e0 titre de compensation int\u00e9grale.<\/p>\n\n\n\n<p>Toutes les stipulations et conditions s'appliquent \u00e0 <a href=\"https:\/\/artdeserttours.com\/en\/morocco-tours\/\" title=\"\">visites <\/a>et toute autre r\u00e9servation finalis\u00e9e via le <a href=\"https:\/\/artdeserttours.com\/fr\/\" title=\"\">Art Desert Tours<\/a> site web.<\/p>\n\n\n\n<p><\/p>","protected":false},"excerpt":{"rendered":"<p>-Payment Terms: Settlement of the entire tour cost must be made at the start of the services, or during their provision, unless alternative arrangements have been agreed upon in advance. For organized group travel, distinct terms and conditions are applicable,<\/p>\n<div class=\"padding-top text-center\"><a href=\"https:\/\/artdeserttours.com\/fr\/terms-conditions\/\" class=\"atbtn atbtn--medium atbtn--rounded atbtn--transparent\"><i class=\"atbtn__icon atbtn__icon--right fa fa-long-arrow-right\"><\/i><\/a><\/div>","protected":false},"author":1,"featured_media":0,"parent":0,"menu_order":0,"comment_status":"closed","ping_status":"closed","template":"","meta":{"_monsterinsights_skip_tracking":false,"_monsterinsights_sitenote_active":false,"_monsterinsights_sitenote_note":"","_monsterinsights_sitenote_category":0,"_uf_show_specific_survey":0,"_uf_disable_surveys":false,"footnotes":""},"class_list":["post-3045","page","type-page","status-publish","hentry"],"aioseo_notices":[],"_links":{"self":[{"href":"https:\/\/artdeserttours.com\/fr\/wp-json\/wp\/v2\/pages\/3045","targetHints":{"allow":["GET"]}}],"collection":[{"href":"https:\/\/artdeserttours.com\/fr\/wp-json\/wp\/v2\/pages"}],"about":[{"href":"https:\/\/artdeserttours.com\/fr\/wp-json\/wp\/v2\/types\/page"}],"author":[{"embeddable":true,"href":"https:\/\/artdeserttours.com\/fr\/wp-json\/wp\/v2\/users\/1"}],"replies":[{"embeddable":true,"href":"https:\/\/artdeserttours.com\/fr\/wp-json\/wp\/v2\/comments?post=3045"}],"version-history":[{"count":4,"href":"https:\/\/artdeserttours.com\/fr\/wp-json\/wp\/v2\/pages\/3045\/revisions"}],"predecessor-version":[{"id":3053,"href":"https:\/\/artdeserttours.com\/fr\/wp-json\/wp\/v2\/pages\/3045\/revisions\/3053"}],"wp:attachment":[{"href":"https:\/\/artdeserttours.com\/fr\/wp-json\/wp\/v2\/media?parent=3045"}],"curies":[{"name":"wp","href":"https:\/\/api.w.org\/{rel}","templated":true}]}}