{"id":1334,"date":"2024-09-21T18:58:47","date_gmt":"2024-09-21T18:58:47","guid":{"rendered":"https:\/\/artdeserttours.com\/?post_type=product&#038;p=1334"},"modified":"2026-03-24T10:36:06","modified_gmt":"2026-03-24T10:36:06","slug":"10-days-grand-tour-from-marrakech","status":"publish","type":"product","link":"https:\/\/artdeserttours.com\/fr\/tours\/grand-circuit-de-10-jours-au-depart-de-marrakech\/","title":{"rendered":"Grand circuit de 10 jours au d\u00e9part de Marrakech"},"content":{"rendered":"<div>\n<div>\n<div><span style=\"color: #000080;\"><strong> Grand circuit de 10 jours au d\u00e9part de Marrakech :<\/strong><\/span> Au d\u00e9part de Marrakech, partez pour un incroyable voyage de 10 jours \u00e0 la d\u00e9couverte des villes color\u00e9es et des paysages \u00e0 couper le souffle du Maroc. \u00c0 votre arriv\u00e9e \u00e0 Marrakech, vous recevrez un accueil chaleureux avant de vous rendre \u00e0 Essaouira, un tr\u00e9sor en bord de mer r\u00e9put\u00e9 pour son port anim\u00e9 et sa charmante m\u00e9dina. D\u00e9couvrez la richesse de l'histoire et de la culture de Marrakech en participant \u00e0 une visite guid\u00e9e de ses sites les plus importants \u00e0 votre retour. Voyagez vers la vall\u00e9e du Dad\u00e8s en passant par les montagnes \u00e9poustouflantes du Haut Atlas, et passez la nuit sous les \u00e9toiles dans le d\u00e9sert du Sahara. D\u00e9couvrez les contrastes saisissants entre <strong><span style=\"color: #8f3a1b;\"><a style=\"color: #8f3a1b;\" href=\"https:\/\/artdeserttours.com\/fr\/tour-category\/tours-from-fes\/\">F\u00e8s<\/a><\/span><\/strong>Les villes de Tanger, Chefchaouen et Tanger offrent chacune un aper\u00e7u de la culture et de l'histoire locales. Enfin, vous pourrez explorer les rues bleues et pittoresques de <span style=\"color: #8f3a1b;\"><strong><a style=\"color: #8f3a1b;\" href=\"https:\/\/en.wikipedia.org\/wiki\/Chefchaouen\">Chefchaouen<\/a> <\/strong><\/span>avant de retourner \u00e0 Tanger pour effectuer votre d\u00e9part.<\/div>\n<\/div>\n<\/div>\n<table class=\"table table-bordered tours-tabs__table\" style=\"height: 233px;\" width=\"862\">\n<tbody>\n<tr>\n<td><strong>LIEU DU D\u00c9PART<\/strong><\/td>\n<td>Tanger<\/td>\n<\/tr>\n<tr>\n<td><strong>LIEU DE DESTINATION<\/strong><\/td>\n<td>Marrakech<\/td>\n<\/tr>\n<tr>\n<td><strong>INCLURE<\/strong><\/td>\n<td>\n<table class=\"table table-bordered\" style=\"height: 384px;\" width=\"514\">\n<tbody>\n<tr>\n<td><i class=\"fa fa-check icon-tick icon-tick--on\"><\/i><span style=\"font-family: inherit; font-size: inherit;\">Passer une nuit dans un camp nomade dans le d\u00e9sert avec une tente priv\u00e9e (lit, d\u00eener, petit d\u00e9jeuner, Wifi).<\/span><\/td>\n<td><i class=\"fa fa-check icon-tick icon-tick--on\"><\/i><span style=\"font-family: inherit; font-size: inherit;\">Guide parlant fran\u00e7ais avec <\/span><span style=\"font-family: inherit; font-size: inherit;\">Conducteur <\/span><span style=\"font-family: inherit; font-size: inherit;\">pendant la visite<\/span><\/td>\n<\/tr>\n<tr>\n<td><i class=\"fa fa-check icon-tick icon-tick--on\"><\/i><span style=\"font-family: inherit; font-size: inherit;\">Randonn\u00e9e \u00e0 dos de chameau dans les dunes de Merzouga<\/span><\/td>\n<td><i class=\"fa fa-check icon-tick icon-tick--on\"><\/i><span style=\"font-family: inherit; font-size: inherit;\">Prise en charge et d\u00e9p\u00f4t \u00e0 votre<\/span>\n<p><span style=\"font-family: inherit; font-size: inherit;\">h\u00e9bergement<\/span><\/p><\/td>\n<\/tr>\n<\/tbody>\n<\/table>\n<\/td>\n<\/tr>\n<tr>\n<td><b>NON COMPRIS<\/b><\/td>\n<td>\n<table class=\"table table-bordered\" style=\"height: 62px;\" width=\"300\">\n<tbody>\n<tr>\n<td><i class=\"fa fa-times icon-tick icon-tick--off\"><\/i><span style=\"font-family: inherit; font-size: inherit;\">Tarifs a\u00e9riens {billets d'avion}<\/span><\/td>\n<\/tr>\n<tr>\n<td><i class=\"fa fa-times icon-tick icon-tick--off\"><\/i>D\u00e9jeuners, boissons<\/td>\n<\/tr>\n<\/tbody>\n<\/table>\n<\/td>\n<\/tr>\n<\/tbody>\n<\/table>\n<p>&nbsp;<\/p>","protected":false},"excerpt":{"rendered":"<p><span style=\"color: #000080;\">Grand circuit de 10 jours au d\u00e9part de Marrakech :<\/span> Partez pour un incroyable voyage de 10 jours au d\u00e9part de Marrakech \u00e0 la d\u00e9couverte des villes color\u00e9es et des paysages \u00e0 couper le souffle du Maroc.<\/p>","protected":false},"featured_media":1646,"comment_status":"closed","ping_status":"closed","template":"","meta":{"_monsterinsights_skip_tracking":false,"_monsterinsights_sitenote_active":false,"_monsterinsights_sitenote_note":"","_monsterinsights_sitenote_category":0},"product_brand":[],"product_cat":[21],"product_tag":[72,97,87,98,86,75,96],"class_list":{"0":"post-1334","1":"product","2":"type-product","3":"status-publish","4":"has-post-thumbnail","6":"product_cat-moroccan-tours","7":"product_tag-10-days","8":"product_tag-10-days-grand-tour-from-marrakech","9":"product_tag-art-desert-tours","10":"product_tag-marrakech-to-tangier","11":"product_tag-morocco-desert-tour","12":"product_tag-sahara-desert","13":"product_tag-tours-from-marrakech","14":"tour_category-tours-from-marrakech","16":"first","17":"instock","18":"shipping-taxable","19":"product-type-tour"},"aioseo_notices":[],"_links":{"self":[{"href":"https:\/\/artdeserttours.com\/fr\/wp-json\/wp\/v2\/product\/1334","targetHints":{"allow":["GET"]}}],"collection":[{"href":"https:\/\/artdeserttours.com\/fr\/wp-json\/wp\/v2\/product"}],"about":[{"href":"https:\/\/artdeserttours.com\/fr\/wp-json\/wp\/v2\/types\/product"}],"replies":[{"embeddable":true,"href":"https:\/\/artdeserttours.com\/fr\/wp-json\/wp\/v2\/comments?post=1334"}],"wp:featuredmedia":[{"embeddable":true,"href":"https:\/\/artdeserttours.com\/fr\/wp-json\/wp\/v2\/media\/1646"}],"wp:attachment":[{"href":"https:\/\/artdeserttours.com\/fr\/wp-json\/wp\/v2\/media?parent=1334"}],"wp:term":[{"taxonomy":"product_brand","embeddable":true,"href":"https:\/\/artdeserttours.com\/fr\/wp-json\/wp\/v2\/product_brand?post=1334"},{"taxonomy":"product_cat","embeddable":true,"href":"https:\/\/artdeserttours.com\/fr\/wp-json\/wp\/v2\/product_cat?post=1334"},{"taxonomy":"product_tag","embeddable":true,"href":"https:\/\/artdeserttours.com\/fr\/wp-json\/wp\/v2\/product_tag?post=1334"}],"curies":[{"name":"wp","href":"https:\/\/api.w.org\/{rel}","templated":true}]}}