{"id":1337,"date":"2024-09-21T19:06:27","date_gmt":"2024-09-21T19:06:27","guid":{"rendered":"https:\/\/artdeserttours.com\/?post_type=product&#038;p=1337"},"modified":"2026-03-30T21:35:50","modified_gmt":"2026-03-30T21:35:50","slug":"12-days-tour-from-tangier-to-sahara","status":"publish","type":"product","link":"https:\/\/artdeserttours.com\/fr\/tours\/circuit-de-12-jours-de-tanger-au-sahara\/","title":{"rendered":"Circuit de 12 jours de Tanger au Sahara"},"content":{"rendered":"<div>\n<div>\n<div><span style=\"color: #000080;\"><strong> Circuit de 12 jours de Tanger au Sahara :<\/strong><\/span> Partez pour un voyage passionnant de 12 jours au d\u00e9part de Tanger et explorez la topographie vari\u00e9e et la riche histoire du Maroc. C'est \u00e0 Tanger, une ville prosp\u00e8re r\u00e9put\u00e9e pour son m\u00e9lange de cultures et son charme ancien, que commence ce vaste circuit. Vous d\u00e9couvrirez la magnificence de F\u00e8s, avec sa c\u00e9l\u00e8bre m\u00e9dina et ses b\u00e2timents historiques, ainsi que les pittoresques ruelles bleues de la ville de Tanger. <span style=\"color: #8f3a1b;\"><strong><a style=\"color: #8f3a1b;\" href=\"https:\/\/en.wikipedia.org\/wiki\/Chefchaouen\">Chefchaouen<\/a> <\/strong><\/span>et de l'ancienne Rome<\/div>\n<div>vestiges de Volubilis. Chaque jour nous r\u00e9serve de nouvelles surprises, des imposantes dunes de Merzouga \u00e0 la mer d'Aral, en passant par la mer d'Aral et la mer d'Aral.<\/div>\n<div>des gorges de Todra, \u00e0 couper le souffle, aux ruelles anim\u00e9es de <span style=\"color: #8f3a1b;\"><strong><a style=\"color: #8f3a1b;\" href=\"https:\/\/artdeserttours.com\/fr\/tour-category\/tours-from-marrakech\/\">Marrakech<\/a> <\/strong><\/span>et la paisible station baln\u00e9aire d'Essaouira. Visitez Rabat et Casablanca pour d\u00e9couvrir la magnificence de l'histoire et de l'architecture marocaines avant de conclure votre voyage.<\/div>\n<\/div>\n<\/div>\n<table class=\"table table-bordered tours-tabs__table\" style=\"height: 233px;\" width=\"862\">\n<tbody>\n<tr>\n<td><strong>LIEU DU D\u00c9PART<\/strong><\/td>\n<td>Rabat<\/td>\n<\/tr>\n<tr>\n<td><strong>LIEU DE DESTINATION<\/strong><\/td>\n<td>Tanger<\/td>\n<\/tr>\n<tr>\n<td><strong>INCLURE<\/strong><\/td>\n<td>\n<table class=\"table table-bordered\" style=\"height: 384px;\" width=\"514\">\n<tbody>\n<tr>\n<td><i class=\"fa fa-check icon-tick icon-tick--on\"><\/i><span style=\"font-family: inherit; font-size: inherit;\">Passer une nuit dans un camp nomade dans le d\u00e9sert avec une tente priv\u00e9e (Wifi, lit, chambre disponible).<\/span><\/td>\n<td><i class=\"fa fa-check icon-tick icon-tick--on\"><\/i><span style=\"font-family: inherit; font-size: inherit;\">Guide parlant fran\u00e7ais avec <\/span><span style=\"font-family: inherit; font-size: inherit;\">Conducteur <\/span><span style=\"font-family: inherit; font-size: inherit;\">pendant la visite<\/span><\/td>\n<\/tr>\n<tr>\n<td><i class=\"fa fa-check icon-tick icon-tick--on\"><\/i>1 <span style=\"font-family: inherit; font-size: inherit;\">Randonn\u00e9e chameli\u00e8re dans les dunes de Merzouga (par personne)<\/span><\/td>\n<td><i class=\"fa fa-check icon-tick icon-tick--on\"><\/i><span style=\"font-family: inherit; font-size: inherit;\">Prise en charge et d\u00e9p\u00f4t \u00e0 votre<\/span>\n<p><span style=\"font-family: inherit; font-size: inherit;\">h\u00e9bergement<\/span><\/p><\/td>\n<\/tr>\n<\/tbody>\n<\/table>\n<p><i class=\"fa fa-check icon-tick icon-tick--on\"><\/i> 11 nuits d'h\u00e9bergement dans la cat\u00e9gorie d'h\u00f4tel choisie (petit d\u00e9jeuner et d\u00eener quotidiens).<\/p><\/td>\n<\/tr>\n<tr>\n<td><b>NON COMPRIS<\/b><\/td>\n<td>\n<table class=\"table table-bordered\" style=\"height: 62px;\" width=\"300\">\n<tbody>\n<tr>\n<td><i class=\"fa fa-times icon-tick icon-tick--off\"><\/i><span style=\"font-family: inherit; font-size: inherit;\">Tarifs a\u00e9riens {billets d'avion}<\/span><\/td>\n<\/tr>\n<tr>\n<td><i class=\"fa fa-times icon-tick icon-tick--off\"><\/i>D\u00e9jeuners, boissons<\/td>\n<\/tr>\n<\/tbody>\n<\/table>\n<\/td>\n<\/tr>\n<\/tbody>\n<\/table>\n<p>&nbsp;<\/p>","protected":false},"excerpt":{"rendered":"<p><span style=\"color: #000080;\">Circuit de 12 jours de Tanger au Sahara :<\/span> Embarquez pour un voyage passionnant de 12 jours au d\u00e9part de Tanger et explorez la topographie vari\u00e9e et la riche histoire du Maroc.<\/p>","protected":false},"featured_media":1314,"comment_status":"closed","ping_status":"closed","template":"","meta":{"_monsterinsights_skip_tracking":false,"_monsterinsights_sitenote_active":false,"_monsterinsights_sitenote_note":"","_monsterinsights_sitenote_category":0},"product_brand":[],"product_cat":[21],"product_tag":[107,106,87,74,110,111,109,105,108],"class_list":{"0":"post-1337","1":"product","2":"type-product","3":"status-publish","4":"has-post-thumbnail","6":"product_cat-moroccan-tours","7":"product_tag-12-days","8":"product_tag-12-days-tour-from-tangier-to-sahara","9":"product_tag-art-desert-tours","10":"product_tag-merzouga","11":"product_tag-morocco-sahara-tours","12":"product_tag-sahara-tours","13":"product_tag-tangier","14":"product_tag-tours-from-tangier","15":"product_tag-what-to-do-in-tangier","16":"tour_category-tours-from-tangier","18":"first","19":"instock","20":"shipping-taxable","21":"product-type-tour"},"aioseo_notices":[],"_links":{"self":[{"href":"https:\/\/artdeserttours.com\/fr\/wp-json\/wp\/v2\/product\/1337","targetHints":{"allow":["GET"]}}],"collection":[{"href":"https:\/\/artdeserttours.com\/fr\/wp-json\/wp\/v2\/product"}],"about":[{"href":"https:\/\/artdeserttours.com\/fr\/wp-json\/wp\/v2\/types\/product"}],"replies":[{"embeddable":true,"href":"https:\/\/artdeserttours.com\/fr\/wp-json\/wp\/v2\/comments?post=1337"}],"wp:featuredmedia":[{"embeddable":true,"href":"https:\/\/artdeserttours.com\/fr\/wp-json\/wp\/v2\/media\/1314"}],"wp:attachment":[{"href":"https:\/\/artdeserttours.com\/fr\/wp-json\/wp\/v2\/media?parent=1337"}],"wp:term":[{"taxonomy":"product_brand","embeddable":true,"href":"https:\/\/artdeserttours.com\/fr\/wp-json\/wp\/v2\/product_brand?post=1337"},{"taxonomy":"product_cat","embeddable":true,"href":"https:\/\/artdeserttours.com\/fr\/wp-json\/wp\/v2\/product_cat?post=1337"},{"taxonomy":"product_tag","embeddable":true,"href":"https:\/\/artdeserttours.com\/fr\/wp-json\/wp\/v2\/product_tag?post=1337"}],"curies":[{"name":"wp","href":"https:\/\/api.w.org\/{rel}","templated":true}]}}