{"id":1338,"date":"2024-09-21T19:09:46","date_gmt":"2024-09-21T19:09:46","guid":{"rendered":"https:\/\/artdeserttours.com\/?post_type=product&#038;p=1338"},"modified":"2026-05-17T10:16:38","modified_gmt":"2026-05-17T10:16:38","slug":"4-days-tour-from-fes-to-merzouga","status":"publish","type":"product","link":"https:\/\/artdeserttours.com\/fr\/tours\/circuit-de-4-jours-de-fes-a-merzouga\/","title":{"rendered":"Circuit de 4 jours de F\u00e8s \u00e0 Merzouga"},"content":{"rendered":"<div>\n<div>\n<div><span style=\"color: #000080;\"><strong> 4 days tour from fes to merzouga :<\/strong><\/span> Partez pour un voyage extraordinaire de 4 jours de <span style=\"color: #8f3a1b;\"><strong><a style=\"color: #8f3a1b;\" href=\"https:\/\/artdeserttours.com\/fr\/tour-category\/tours-from-fes\/\">F\u00e8s<\/a> <\/strong><\/span>Admirez les vues \u00e9poustouflantes de la vall\u00e9e du Ziz et de ses palmeraies en commen\u00e7ant votre voyage par un trajet tranquille via Ifrane, Azrou et la for\u00eat de c\u00e8dres.  Le deuxi\u00e8me jour, vous explorerez le d\u00e9sert de Merzouga, rencontrerez des familles nomades et ferez une promenade \u00e0 dos de chameau pour admirer le magnifique coucher de soleil dans le d\u00e9sert. Le troisi\u00e8me jour, vous voyagez via <strong><span style=\"color: #8f3a1b;\"><a style=\"color: #8f3a1b;\" href=\"https:\/\/en.wikipedia.org\/wiki\/Rissani\">Rissani<\/a> <\/span><\/strong>jusqu'aux gorges du Todra, o\u00f9 vous pourrez visiter le souk et vous impr\u00e9gner du mode de vie des autochtones. Enfin, vous retournerez \u00e0 F\u00e8s en traversant les montagnes de l'Atlas, en vous arr\u00eatant en chemin pour admirer les diff\u00e9rents paysages et les communaut\u00e9s berb\u00e8res.<\/div>\n<div><\/div>\n<div><\/div>\n<\/div>\n<\/div>\n<table class=\"table table-bordered tours-tabs__table\" style=\"height: 233px;\" width=\"862\">\n<tbody>\n<tr>\n<td><strong>LIEU DU D\u00c9PART<\/strong><\/td>\n<td>F\u00e8s<\/td>\n<\/tr>\n<tr>\n<td><strong>LIEU DE DESTINATION<\/strong><\/td>\n<td>F\u00e8s<\/td>\n<\/tr>\n<tr>\n<td><strong>INCLURE<\/strong><\/td>\n<td>\n<table class=\"table table-bordered\" style=\"height: 384px;\" width=\"514\">\n<tbody>\n<tr>\n<td><i class=\"fa fa-check icon-tick icon-tick--on\"><\/i><span style=\"font-family: inherit; font-size: inherit;\">Passer une nuit dans un campement nomade dans le d\u00e9sert avec une tente priv\u00e9e<\/span><\/td>\n<td><i class=\"fa fa-check icon-tick icon-tick--on\"><\/i><span style=\"font-family: inherit; font-size: inherit;\">Guide parlant fran\u00e7ais avec <\/span><span style=\"font-family: inherit; font-size: inherit;\">Conducteur <\/span><span style=\"font-family: inherit; font-size: inherit;\">pendant la visite<\/span><\/td>\n<\/tr>\n<tr>\n<td><i class=\"fa fa-check icon-tick icon-tick--on\"><\/i><span style=\"font-family: inherit; font-size: inherit;\">Randonn\u00e9e \u00e0 dos de chameau dans les dunes de Merzouga<\/span><\/td>\n<td><i class=\"fa fa-check icon-tick icon-tick--on\"><\/i><span style=\"font-family: inherit; font-size: inherit;\">Prise en charge et d\u00e9p\u00f4t \u00e0 votre<\/span>\n<p><span style=\"font-family: inherit; font-size: inherit;\">h\u00e9bergement<\/span><\/p><\/td>\n<\/tr>\n<\/tbody>\n<\/table>\n<p><i class=\"fa fa-check icon-tick icon-tick--on\"><\/i>Camp berb\u00e8re (lit, d\u00eener et petit d\u00e9jeuner)<\/p>\n<p><i class=\"fa fa-check icon-tick icon-tick--on\"><\/i>H\u00f4tel authentique dans la vall\u00e9e du Dad\u00e8s (lit,<br \/>\nd\u00eener. et petit d\u00e9jeuner )<\/p><\/td>\n<\/tr>\n<tr>\n<td><b>NON COMPRIS<\/b><\/td>\n<td>\n<table class=\"table table-bordered\" style=\"height: 62px;\" width=\"300\">\n<tbody>\n<tr>\n<td><i class=\"fa fa-times icon-tick icon-tick--off\"><\/i><span style=\"font-family: inherit; font-size: inherit;\">Tarifs a\u00e9riens {billets d'avion}<\/span><\/td>\n<\/tr>\n<tr>\n<td><i class=\"fa fa-times icon-tick icon-tick--off\"><\/i>D\u00e9jeuners, boissons<\/td>\n<\/tr>\n<\/tbody>\n<\/table>\n<\/td>\n<\/tr>\n<\/tbody>\n<\/table>\n<p>&nbsp;<\/p>","protected":false},"excerpt":{"rendered":"<p><span style=\"color: #000080;\">4 days tour from fes to merzouga :<\/span> Partez pour un voyage extraordinaire de 4 jours de <a href=\"https:\/\/artdeserttours.com\/fr\/tour-category\/tours-from-fes\/\">F\u00e8s<\/a> to the breathtaking Merzouga Desert.<\/p>","protected":false},"featured_media":1642,"comment_status":"closed","ping_status":"closed","template":"","meta":{"_monsterinsights_skip_tracking":false,"_monsterinsights_sitenote_active":false,"_monsterinsights_sitenote_note":"","_monsterinsights_sitenote_category":0},"product_brand":[],"product_cat":[21],"product_tag":[91,90,87,86,75,89],"class_list":{"0":"post-1338","1":"product","2":"type-product","3":"status-publish","4":"has-post-thumbnail","6":"product_cat-moroccan-tours","7":"product_tag-4-days-in-morocco","8":"product_tag-4-days-tour-from-fes","9":"product_tag-art-desert-tours","10":"product_tag-morocco-desert-tour","11":"product_tag-sahara-desert","12":"product_tag-tours-from-fes","13":"tour_category-tours-from-fes","15":"first","16":"instock","17":"shipping-taxable","18":"product-type-tour"},"aioseo_notices":[],"_links":{"self":[{"href":"https:\/\/artdeserttours.com\/fr\/wp-json\/wp\/v2\/product\/1338","targetHints":{"allow":["GET"]}}],"collection":[{"href":"https:\/\/artdeserttours.com\/fr\/wp-json\/wp\/v2\/product"}],"about":[{"href":"https:\/\/artdeserttours.com\/fr\/wp-json\/wp\/v2\/types\/product"}],"replies":[{"embeddable":true,"href":"https:\/\/artdeserttours.com\/fr\/wp-json\/wp\/v2\/comments?post=1338"}],"wp:featuredmedia":[{"embeddable":true,"href":"https:\/\/artdeserttours.com\/fr\/wp-json\/wp\/v2\/media\/1642"}],"wp:attachment":[{"href":"https:\/\/artdeserttours.com\/fr\/wp-json\/wp\/v2\/media?parent=1338"}],"wp:term":[{"taxonomy":"product_brand","embeddable":true,"href":"https:\/\/artdeserttours.com\/fr\/wp-json\/wp\/v2\/product_brand?post=1338"},{"taxonomy":"product_cat","embeddable":true,"href":"https:\/\/artdeserttours.com\/fr\/wp-json\/wp\/v2\/product_cat?post=1338"},{"taxonomy":"product_tag","embeddable":true,"href":"https:\/\/artdeserttours.com\/fr\/wp-json\/wp\/v2\/product_tag?post=1338"}],"curies":[{"name":"wp","href":"https:\/\/api.w.org\/{rel}","templated":true}]}}