{"id":1339,"date":"2024-09-21T19:19:41","date_gmt":"2024-09-21T19:19:41","guid":{"rendered":"https:\/\/artdeserttours.com\/?post_type=product&#038;p=1339"},"modified":"2026-05-17T10:26:10","modified_gmt":"2026-05-17T10:26:10","slug":"5-days-tour-from-fes-to-marrakech","status":"publish","type":"product","link":"https:\/\/artdeserttours.com\/fr\/tours\/circuit-de-5-jours-de-fes-a-marrakech\/","title":{"rendered":"Circuit de 5 jours de F\u00e8s \u00e0 Marrakech"},"content":{"rendered":"<div>\n<div>\n<div><span style=\"color: #000080;\"><strong> Circuit de 5 jours de F\u00e8s \u00e0 Marrakech :<\/strong><\/span> Esta excursi\u00f3n de 5 d\u00edas de Fez a Marrakech le permitir\u00e1 conocer a fondo la cultura marroqu\u00ed. Explore primero Fez, con la famosa Medersa Bouinania, la Medina y sus antiguas mellahs. Explore las impresionantes regiones de Azrou y <span style=\"color: #8f3a1b;\"><strong><a style=\"color: #8f3a1b;\" href=\"https:\/\/en.wikipedia.org\/wiki\/Ifrane\">Ifrane<\/a><\/strong><\/span>Vous passerez une nuit dans les dunes de Merzouga et ferez une promenade \u00e0 dos de chameau pour d\u00e9couvrir le d\u00e9sert du Sahara. Poursuivez vers Ouarzazate, r\u00e9put\u00e9e pour son pass\u00e9 cin\u00e9matographique et ses Kasbahs \u00e0 couper le souffle. Enfin, vous traverserez les montagnes de l'Atlas pour arriver \u00e0 Ouarzazate. <span style=\"color: #8f3a1b;\"><strong><a style=\"color: #8f3a1b;\" href=\"https:\/\/artdeserttours.com\/fr\/tour-category\/tours-from-marrakech\/\">Marrakech<\/a><\/strong><\/span>Vous y d\u00e9couvrirez une culture dynamique et des sites remarquables, comme la c\u00e9l\u00e8bre place Jemaa El Fna.<\/div>\n<\/div>\n<\/div>\n<table class=\"table table-bordered tours-tabs__table\" style=\"height: 233px;\" width=\"862\">\n<tbody>\n<tr>\n<td><strong>LIEU DU D\u00c9PART<\/strong><\/td>\n<td>Marrakech<\/td>\n<\/tr>\n<tr>\n<td><strong>LIEU DE DESTINATION<\/strong><\/td>\n<td>F\u00e8s<\/td>\n<\/tr>\n<tr>\n<td><strong>INCLURE<\/strong><\/td>\n<td>\n<table class=\"table table-bordered\" style=\"height: 384px;\" width=\"514\">\n<tbody>\n<tr>\n<td><i class=\"fa fa-check icon-tick icon-tick--on\"><\/i><span style=\"font-family: inherit; font-size: inherit;\">Passer une nuit dans un campement nomade dans le d\u00e9sert avec une tente priv\u00e9e<\/span><\/td>\n<td><i class=\"fa fa-check icon-tick icon-tick--on\"><\/i><span style=\"font-family: inherit; font-size: inherit;\">Guide parlant fran\u00e7ais avec <\/span><span style=\"font-family: inherit; font-size: inherit;\">Conducteur <\/span><span style=\"font-family: inherit; font-size: inherit;\">pendant la visite<\/span><\/td>\n<\/tr>\n<tr>\n<td><i class=\"fa fa-check icon-tick icon-tick--on\"><\/i><span style=\"font-family: inherit; font-size: inherit;\">Randonn\u00e9e \u00e0 dos de chameau dans les dunes de Merzouga<\/span><\/td>\n<td><i class=\"fa fa-check icon-tick icon-tick--on\"><\/i><span style=\"font-family: inherit; font-size: inherit;\">Prise en charge et d\u00e9p\u00f4t \u00e0 votre<\/span>\n<p><span style=\"font-family: inherit; font-size: inherit;\">h\u00e9bergement<\/span><\/p><\/td>\n<\/tr>\n<\/tbody>\n<\/table>\n<p><i class=\"fa fa-check icon-tick icon-tick--on\"><\/i>D\u00e9jeuners\/d\u00eeners<\/p><\/td>\n<\/tr>\n<tr>\n<td><b>NON COMPRIS<\/b><\/td>\n<td>\n<table class=\"table table-bordered\" style=\"height: 62px;\" width=\"300\">\n<tbody>\n<tr>\n<td><i class=\"fa fa-times icon-tick icon-tick--off\"><\/i><span style=\"font-family: inherit; font-size: inherit;\">Tarifs a\u00e9riens {billets d'avion}<\/span><\/td>\n<\/tr>\n<tr>\n<td><i class=\"fa fa-times icon-tick icon-tick--off\"><\/i>D\u00e9jeuners, boissons<\/td>\n<\/tr>\n<\/tbody>\n<\/table>\n<\/td>\n<\/tr>\n<\/tbody>\n<\/table>\n<p>&nbsp;<\/p>","protected":false},"excerpt":{"rendered":"<p><span style=\"color: #000080;\">Circuit de 5 jours de F\u00e8s \u00e0 Marrakech :<\/span> Circuit de 5 jours de F\u00e8s \u00e0 Marrakech : Cette excursion de 5 jours de F\u00e8s \u00e0 Marrakech vous donnera un v\u00e9ritable aper\u00e7u de la culture marocaine.<\/p>","protected":false},"featured_media":1647,"comment_status":"closed","ping_status":"closed","template":"","meta":{"_monsterinsights_skip_tracking":false,"_monsterinsights_sitenote_active":false,"_monsterinsights_sitenote_note":"","_monsterinsights_sitenote_category":0},"product_brand":[],"product_cat":[21],"product_tag":[95,94,88,74,75,89],"class_list":{"0":"post-1339","1":"product","2":"type-product","3":"status-publish","4":"has-post-thumbnail","6":"product_cat-moroccan-tours","7":"product_tag-5-days","8":"product_tag-5-days-tour-from-fes-to-marrakech","9":"product_tag-fes-tours","10":"product_tag-merzouga","11":"product_tag-sahara-desert","12":"product_tag-tours-from-fes","13":"tour_category-tours-from-fes","15":"first","16":"instock","17":"shipping-taxable","18":"product-type-tour"},"aioseo_notices":[],"_links":{"self":[{"href":"https:\/\/artdeserttours.com\/fr\/wp-json\/wp\/v2\/product\/1339","targetHints":{"allow":["GET"]}}],"collection":[{"href":"https:\/\/artdeserttours.com\/fr\/wp-json\/wp\/v2\/product"}],"about":[{"href":"https:\/\/artdeserttours.com\/fr\/wp-json\/wp\/v2\/types\/product"}],"replies":[{"embeddable":true,"href":"https:\/\/artdeserttours.com\/fr\/wp-json\/wp\/v2\/comments?post=1339"}],"wp:featuredmedia":[{"embeddable":true,"href":"https:\/\/artdeserttours.com\/fr\/wp-json\/wp\/v2\/media\/1647"}],"wp:attachment":[{"href":"https:\/\/artdeserttours.com\/fr\/wp-json\/wp\/v2\/media?parent=1339"}],"wp:term":[{"taxonomy":"product_brand","embeddable":true,"href":"https:\/\/artdeserttours.com\/fr\/wp-json\/wp\/v2\/product_brand?post=1339"},{"taxonomy":"product_cat","embeddable":true,"href":"https:\/\/artdeserttours.com\/fr\/wp-json\/wp\/v2\/product_cat?post=1339"},{"taxonomy":"product_tag","embeddable":true,"href":"https:\/\/artdeserttours.com\/fr\/wp-json\/wp\/v2\/product_tag?post=1339"}],"curies":[{"name":"wp","href":"https:\/\/api.w.org\/{rel}","templated":true}]}}