{"id":1341,"date":"2024-09-21T19:35:50","date_gmt":"2024-09-21T19:35:50","guid":{"rendered":"https:\/\/artdeserttours.com\/?post_type=product&#038;p=1341"},"modified":"2026-05-17T10:29:53","modified_gmt":"2026-05-17T10:29:53","slug":"6-days-tour-from-fes-to-desert-landscape","status":"publish","type":"product","link":"https:\/\/artdeserttours.com\/fr\/tours\/circuit-de-6-jours-de-fes-au-desert\/","title":{"rendered":"Circuit de 6 jours de F\u00e8s au d\u00e9sert"},"content":{"rendered":"<div>\n<div>\n<div><span style=\"color: #000080;\"><strong> Circuit de 6 jours au d\u00e9part de F\u00e8s vers les paysages d\u00e9sertiques :<\/strong> <\/span>Partez de F\u00e8s pour un voyage de 6 jours \u00e0 la d\u00e9couverte des captivantes r\u00e9gions d\u00e9sertiques du Maroc. D\u00e9couvrez la riche histoire de F\u00e8s au d\u00e9but de votre aventure avant de vous rendre dans le d\u00e9sert de Merzouga. Faites des trajets tranquilles \u00e0 travers les montagnes du Moyen Atlas, en vous arr\u00eatant dans des villages pittoresques tels que <span style=\"color: #8f3a1b;\"><strong><a style=\"color: #8f3a1b;\" href=\"https:\/\/en.wikipedia.org\/wiki\/Azrou\">Azrou<\/a> <\/strong><\/span>et Ifrane. Les randonn\u00e9es \u00e0 pied et les \u00e9changes culturels avec les nomades locaux sont d'excellents moyens de d\u00e9couvrir le charme du d\u00e9sert. Vous vous rendrez \u00e0 Ouarzazate, c\u00e9l\u00e8bre pour son r\u00f4le dans l'histoire du cin\u00e9ma, puis vous traverserez les montagnes du Haut Atlas pour arriver \u00e0 <span style=\"color: #8f3a1b;\"><strong><a style=\"color: #8f3a1b;\" href=\"https:\/\/artdeserttours.com\/fr\/tour-category\/tours-from-marrakech\/\">Marrakech<\/a><\/strong><\/span>. Explorez la culture dynamique de Marrakech, qui comprend \u00e0 la fois la place anim\u00e9e Jemaa El Fna et les attractions historiques.  Ce voyage permet de d\u00e9couvrir en profondeur la topographie vari\u00e9e et les joyaux culturels du Maroc.<\/div>\n<\/div>\n<\/div>\n<table class=\"table table-bordered tours-tabs__table\" style=\"height: 233px;\" width=\"862\">\n<tbody>\n<tr>\n<td><strong>LIEU DU D\u00c9PART<\/strong><\/td>\n<td>Marrakech<\/td>\n<\/tr>\n<tr>\n<td><strong>LIEU DE DESTINATION<\/strong><\/td>\n<td>F\u00e8s<\/td>\n<\/tr>\n<tr>\n<td><strong>INCLURE<\/strong><\/td>\n<td>\n<table class=\"table table-bordered\" style=\"height: 384px;\" width=\"514\">\n<tbody>\n<tr>\n<td><i class=\"fa fa-check icon-tick icon-tick--on\"><\/i><span style=\"font-family: inherit; font-size: inherit;\">Passer une nuit dans un campement nomade dans le d\u00e9sert avec une tente priv\u00e9e<\/span><\/td>\n<td><i class=\"fa fa-check icon-tick icon-tick--on\"><\/i><span style=\"font-family: inherit; font-size: inherit;\">Guide parlant fran\u00e7ais avec <\/span><span style=\"font-family: inherit; font-size: inherit;\">Conducteur <\/span><span style=\"font-family: inherit; font-size: inherit;\">pendant la visite<\/span><\/td>\n<\/tr>\n<tr>\n<td><i class=\"fa fa-check icon-tick icon-tick--on\"><\/i><span style=\"font-family: inherit; font-size: inherit;\">Randonn\u00e9e \u00e0 dos de chameau dans les dunes de Merzouga<\/span><\/td>\n<td><i class=\"fa fa-check icon-tick icon-tick--on\"><\/i><span style=\"font-family: inherit; font-size: inherit;\">Prise en charge et d\u00e9p\u00f4t \u00e0 votre<\/span>\n<p><span style=\"font-family: inherit; font-size: inherit;\">h\u00e9bergement<\/span><\/p><\/td>\n<\/tr>\n<\/tbody>\n<\/table>\n<p><i class=\"fa fa-check icon-tick icon-tick--on\"><\/i>Petits d\u00e9jeuners \/ D\u00eeners<\/p><\/td>\n<\/tr>\n<tr>\n<td><b>NON COMPRIS<\/b><\/td>\n<td>\n<table class=\"table table-bordered\" style=\"height: 62px;\" width=\"300\">\n<tbody>\n<tr>\n<td><i class=\"fa fa-times icon-tick icon-tick--off\"><\/i><span style=\"font-family: inherit; font-size: inherit;\">Tarifs a\u00e9riens {billets d'avion}<\/span><\/td>\n<\/tr>\n<tr>\n<td><i class=\"fa fa-times icon-tick icon-tick--off\"><\/i>D\u00e9jeuners, boissons<\/td>\n<\/tr>\n<\/tbody>\n<\/table>\n<\/td>\n<\/tr>\n<\/tbody>\n<\/table>\n<p>&nbsp;<\/p>","protected":false},"excerpt":{"rendered":"<p><span style=\"color: #000080;\">Circuit de 6 jours au d\u00e9part de F\u00e8s vers les paysages d\u00e9sertiques : <\/span>Circuit de 6 jours au d\u00e9part de F\u00e8s pour d\u00e9couvrir les paysages d\u00e9sertiques : Partez pour un voyage de 6 jours au d\u00e9part de F\u00e8s pour explorer les captivantes r\u00e9gions d\u00e9sertiques du Maroc. D\u00e9couvrez la riche histoire<\/p>","protected":false},"featured_media":1307,"comment_status":"closed","ping_status":"closed","template":"","meta":{"_monsterinsights_skip_tracking":false,"_monsterinsights_sitenote_active":false,"_monsterinsights_sitenote_note":"","_monsterinsights_sitenote_category":0},"product_brand":[],"product_cat":[21],"product_tag":[93,92,87,88,85,89],"class_list":{"0":"post-1341","1":"product","2":"type-product","3":"status-publish","4":"has-post-thumbnail","6":"product_cat-moroccan-tours","7":"product_tag-6-days","8":"product_tag-6-days-tour-from-fes-to-desert-landscape","9":"product_tag-art-desert-tours","10":"product_tag-fes-tours","11":"product_tag-sahara-desert-tours","12":"product_tag-tours-from-fes","13":"tour_category-tours-from-fes","15":"first","16":"instock","17":"shipping-taxable","18":"product-type-tour"},"aioseo_notices":[],"_links":{"self":[{"href":"https:\/\/artdeserttours.com\/fr\/wp-json\/wp\/v2\/product\/1341","targetHints":{"allow":["GET"]}}],"collection":[{"href":"https:\/\/artdeserttours.com\/fr\/wp-json\/wp\/v2\/product"}],"about":[{"href":"https:\/\/artdeserttours.com\/fr\/wp-json\/wp\/v2\/types\/product"}],"replies":[{"embeddable":true,"href":"https:\/\/artdeserttours.com\/fr\/wp-json\/wp\/v2\/comments?post=1341"}],"wp:featuredmedia":[{"embeddable":true,"href":"https:\/\/artdeserttours.com\/fr\/wp-json\/wp\/v2\/media\/1307"}],"wp:attachment":[{"href":"https:\/\/artdeserttours.com\/fr\/wp-json\/wp\/v2\/media?parent=1341"}],"wp:term":[{"taxonomy":"product_brand","embeddable":true,"href":"https:\/\/artdeserttours.com\/fr\/wp-json\/wp\/v2\/product_brand?post=1341"},{"taxonomy":"product_cat","embeddable":true,"href":"https:\/\/artdeserttours.com\/fr\/wp-json\/wp\/v2\/product_cat?post=1341"},{"taxonomy":"product_tag","embeddable":true,"href":"https:\/\/artdeserttours.com\/fr\/wp-json\/wp\/v2\/product_tag?post=1341"}],"curies":[{"name":"wp","href":"https:\/\/api.w.org\/{rel}","templated":true}]}}