{"id":1345,"date":"2024-09-21T20:23:44","date_gmt":"2024-09-21T20:23:44","guid":{"rendered":"https:\/\/artdeserttours.com\/?post_type=product&#038;p=1345"},"modified":"2026-05-17T10:50:49","modified_gmt":"2026-05-17T10:50:49","slug":"4-days-tour-from-marrakech-to-merzouga","status":"publish","type":"product","link":"https:\/\/artdeserttours.com\/fr\/tours\/circuit-de-4-jours-de-marrakech-a-merzouga\/","title":{"rendered":"Circuit de 4 jours de Marrakech \u00e0 Merzouga"},"content":{"rendered":"<div>\n<div>\n<div><span style=\"color: #000080;\"><strong> Circuit de 4 jours de Marrakech \u00e0 Merzouga :<\/strong><\/span> Partez pour une excursion passionnante de 4 jours dans le fascinant d\u00e9sert de Merzouga au d\u00e9part de Marrakech. Commencez votre voyage en traversant les magnifiques montagnes du Haut Atlas, avec des arr\u00eats \u00e0 la pittoresque vall\u00e9e du Dad\u00e8s et \u00e0 la Kasbah d'Ait Ben Haddou, class\u00e9e par l'UNESCO. Poursuivez vers le captivant d\u00e9sert de l'Ouzina, o\u00f9 vous pourrez vous immerger dans la culture berb\u00e8re, en passant par les pittoresques gorges de Todra. Faites une promenade \u00e0 dos de chameau pour d\u00e9couvrir le charme des dunes de l'Erg Chebbi, et passez la nuit \u00e0 la belle \u00e9toile dans le parc national de l'Erg Chebbi. <span style=\"color: #8f3a1b;\"><strong><a style=\"color: #8f3a1b;\" href=\"https:\/\/en.wikipedia.org\/wiki\/Merzouga\">Sahara<\/a><\/strong><\/span>Le dernier jour, vous assisterez au lever du soleil dans le d\u00e9sert et vous retournerez \u00e0 l'a\u00e9roport. <span style=\"color: #8f3a1b;\"><strong><a style=\"color: #8f3a1b;\" href=\"https:\/\/artdeserttours.com\/fr\/tour-category\/tours-from-marrakech\/\">Marrakech<\/a> <\/strong><\/span>par des routes pittoresques, avec des arr\u00eats sur des sites historiques et pittoresques en cours de route. Ce circuit offre un m\u00e9lange de beaut\u00e9 naturelle, d'immersion culturelle et d'exp\u00e9riences inoubliables dans le d\u00e9sert.<\/div>\n<\/div>\n<\/div>\n<table class=\"table table-bordered tours-tabs__table\" style=\"height: 233px;\" width=\"862\">\n<tbody>\n<tr>\n<td><strong>LIEU DU D\u00c9PART<\/strong><\/td>\n<td>Marrakech<\/td>\n<\/tr>\n<tr>\n<td><strong>LIEU DE DESTINATION<\/strong><\/td>\n<td>Marrakech<\/td>\n<\/tr>\n<tr>\n<td><strong>INCLURE<\/strong><\/td>\n<td>\n<table class=\"table table-bordered\" style=\"height: 384px;\" width=\"514\">\n<tbody>\n<tr>\n<td><i class=\"fa fa-check icon-tick icon-tick--on\"><\/i><span style=\"font-family: inherit; font-size: inherit;\">Passer une nuit dans un camp nomade dans le d\u00e9sert avec une tente priv\u00e9e (lit, d\u00eener),<br \/>\nbreakfast et sahara music group)<\/span><\/td>\n<td><i class=\"fa fa-check icon-tick icon-tick--on\"><\/i><span style=\"font-family: inherit; font-size: inherit;\">Guide parlant fran\u00e7ais avec <\/span><span style=\"font-family: inherit; font-size: inherit;\">Conducteur <\/span><span style=\"font-family: inherit; font-size: inherit;\">pendant la visite<\/span><\/td>\n<\/tr>\n<tr>\n<td><i class=\"fa fa-check icon-tick icon-tick--on\"><\/i><span style=\"font-family: inherit; font-size: inherit;\">Randonn\u00e9e \u00e0 dos de chameau dans les dunes de Merzouga<\/span><\/td>\n<td><i class=\"fa fa-check icon-tick icon-tick--on\"><\/i><span style=\"font-family: inherit; font-size: inherit;\">Prise en charge et d\u00e9p\u00f4t \u00e0 votre<\/span>\n<p><span style=\"font-family: inherit; font-size: inherit;\">h\u00e9bergement<\/span><\/p><\/td>\n<\/tr>\n<\/tbody>\n<\/table>\n<p><i class=\"fa fa-check icon-tick icon-tick--on\"><\/i>h\u00f4tel\/riad dans les gorges du Dad\u00e8s<br \/>\nincluding (bed, dinner, breakfast)<i class=\"fa fa-check icon-tick icon-tick--on\"><\/i><span style=\"font-family: inherit; font-size: inherit;\">planche \u00e0 sable, feu de camp...<\/span><\/p>\n<p><i class=\"fa fa-check icon-tick icon-tick--on\"><\/i><span style=\"font-family: inherit; font-size: inherit;\">hotel\/riad in Ouarzazate,<br \/>\n(Lit, d\u00eener, petit d\u00e9jeuner) comprenant<\/span><\/p><\/td>\n<\/tr>\n<tr>\n<td><b>NON COMPRIS<\/b><\/td>\n<td>\n<table class=\"table table-bordered\" style=\"height: 62px;\" width=\"300\">\n<tbody>\n<tr>\n<td><i class=\"fa fa-times icon-tick icon-tick--off\"><\/i><span style=\"font-family: inherit; font-size: inherit;\">Tarifs a\u00e9riens {billets d'avion}<\/span><\/td>\n<\/tr>\n<tr>\n<td><i class=\"fa fa-times icon-tick icon-tick--off\"><\/i>D\u00e9jeuners, boissons<\/td>\n<\/tr>\n<\/tbody>\n<\/table>\n<\/td>\n<\/tr>\n<\/tbody>\n<\/table>\n<p>&nbsp;<\/p>","protected":false},"excerpt":{"rendered":"<p><span style=\"color: #000080;\">Circuit de 4 jours de Marrakech \u00e0 Merzouga :<\/span> Circuit de 4 jours de Marrakech \u00e0 Merzouga : Partez pour une excursion passionnante de 4 jours dans le fascinant d\u00e9sert de Merzouga au d\u00e9part de Marrakech. Commencez votre voyage<\/p>","protected":false},"featured_media":1652,"comment_status":"closed","ping_status":"closed","template":"","meta":{"_monsterinsights_skip_tracking":false,"_monsterinsights_sitenote_active":false,"_monsterinsights_sitenote_note":"","_monsterinsights_sitenote_category":0},"product_brand":[],"product_cat":[21],"product_tag":[102,101,87,103,74,96],"class_list":{"0":"post-1345","1":"product","2":"type-product","3":"status-publish","4":"has-post-thumbnail","6":"product_cat-moroccan-tours","7":"product_tag-4-days","8":"product_tag-4-days-tour-from-marrakech-to-merzouga","9":"product_tag-art-desert-tours","10":"product_tag-marrakech-to-sahara","11":"product_tag-merzouga","12":"product_tag-tours-from-marrakech","13":"tour_category-tours-from-marrakech","15":"first","16":"instock","17":"shipping-taxable","18":"product-type-tour"},"aioseo_notices":[],"_links":{"self":[{"href":"https:\/\/artdeserttours.com\/fr\/wp-json\/wp\/v2\/product\/1345","targetHints":{"allow":["GET"]}}],"collection":[{"href":"https:\/\/artdeserttours.com\/fr\/wp-json\/wp\/v2\/product"}],"about":[{"href":"https:\/\/artdeserttours.com\/fr\/wp-json\/wp\/v2\/types\/product"}],"replies":[{"embeddable":true,"href":"https:\/\/artdeserttours.com\/fr\/wp-json\/wp\/v2\/comments?post=1345"}],"wp:featuredmedia":[{"embeddable":true,"href":"https:\/\/artdeserttours.com\/fr\/wp-json\/wp\/v2\/media\/1652"}],"wp:attachment":[{"href":"https:\/\/artdeserttours.com\/fr\/wp-json\/wp\/v2\/media?parent=1345"}],"wp:term":[{"taxonomy":"product_brand","embeddable":true,"href":"https:\/\/artdeserttours.com\/fr\/wp-json\/wp\/v2\/product_brand?post=1345"},{"taxonomy":"product_cat","embeddable":true,"href":"https:\/\/artdeserttours.com\/fr\/wp-json\/wp\/v2\/product_cat?post=1345"},{"taxonomy":"product_tag","embeddable":true,"href":"https:\/\/artdeserttours.com\/fr\/wp-json\/wp\/v2\/product_tag?post=1345"}],"curies":[{"name":"wp","href":"https:\/\/api.w.org\/{rel}","templated":true}]}}