{"id":1347,"date":"2024-09-21T20:39:40","date_gmt":"2024-09-21T20:39:40","guid":{"rendered":"https:\/\/artdeserttours.com\/?post_type=product&#038;p=1347"},"modified":"2026-05-17T10:59:35","modified_gmt":"2026-05-17T10:59:35","slug":"5-days-tour-from-marrakech-to-fes","status":"publish","type":"product","link":"https:\/\/artdeserttours.com\/fr\/tours\/circuit-de-5-jours-de-marrakech-a-fes\/","title":{"rendered":"Circuit de 5 jours de Marrakech \u00e0 F\u00e8s"},"content":{"rendered":"<div><span style=\"color: #000080;\"><strong>Circuit de 5 jours de Marrakech \u00e0 F\u00e8s<\/strong> : <\/span>Combinant exploration culturelle et activit\u00e9s dans le d\u00e9sert, notre voyage de 5 jours de Marrakech \u00e0 F\u00e8s vous donnera un v\u00e9ritable aper\u00e7u de la vie en Europe. <span style=\"color: #8f3a1b;\"><strong><a style=\"color: #8f3a1b;\" href=\"https:\/\/artdeserttours.com\/fr\/\">le Maroc<\/a><\/strong><\/span>. Commencez par traverser les magnifiques montagnes du Haut Atlas jusqu'\u00e0 Ait Ben Haddou, site class\u00e9 au patrimoine mondial de l'UNESCO. Traversez l'\u00e9poustouflante vall\u00e9e du Dad\u00e8s pour atteindre le vaste d\u00e9sert de Merzouga, o\u00f9 vous pourrez faire des balades en 4\u00d74 dans les dunes ou des randonn\u00e9es \u00e0 dos de chameau. Dirigez-vous vers le village de Midelt, situ\u00e9 sur les hauts plateaux, apr\u00e8s avoir explor\u00e9 le captivant d\u00e9sert de Merzouga. <a href=\"https:\/\/en.wikipedia.org\/wiki\/Erg_Chebbi\"><span style=\"color: #8f3a1b;\"><strong>Erg Chebbi<\/strong><\/span><\/a>. Vous traverserez de charmantes villes et les for\u00eats de c\u00e8dres d'Azrou pour terminer votre voyage dans l'ancienne ville de F\u00e8s. La diversit\u00e9 de la culture marocaine, la richesse de son histoire et la beaut\u00e9 de son environnement naturel sont autant d'\u00e9l\u00e9ments que ce voyage promet d'inclure.<\/div>\n<table class=\"table table-bordered tours-tabs__table\" style=\"height: 233px;\" width=\"862\">\n<tbody>\n<tr>\n<td><strong>LIEU DU D\u00c9PART<\/strong><\/td>\n<td>F\u00e8s<\/td>\n<\/tr>\n<tr>\n<td><strong>LIEU DE DESTINATION<\/strong><\/td>\n<td>Marrakech<\/td>\n<\/tr>\n<tr>\n<td><strong>INCLURE<\/strong><\/td>\n<td>\n<table class=\"table table-bordered\" style=\"height: 384px;\" width=\"514\">\n<tbody>\n<tr>\n<td><i class=\"fa fa-check icon-tick icon-tick--on\"><\/i><span style=\"font-family: inherit; font-size: inherit;\">Passer une nuit dans un campement nomade dans le d\u00e9sert avec une tente priv\u00e9e<\/span><\/td>\n<td><i class=\"fa fa-check icon-tick icon-tick--on\"><\/i><span style=\"font-family: inherit; font-size: inherit;\">Guide parlant fran\u00e7ais avec <\/span><span style=\"font-family: inherit; font-size: inherit;\">Conducteur <\/span><span style=\"font-family: inherit; font-size: inherit;\">pendant la visite<\/span><\/td>\n<\/tr>\n<tr>\n<td><i class=\"fa fa-check icon-tick icon-tick--on\"><\/i><span style=\"font-family: inherit; font-size: inherit;\">Randonn\u00e9e \u00e0 dos de chameau dans les dunes de Merzouga<\/span><\/td>\n<td><i class=\"fa fa-check icon-tick icon-tick--on\"><\/i><span style=\"font-family: inherit; font-size: inherit;\">Prise en charge et d\u00e9p\u00f4t \u00e0 votre<\/span>\n<p><span style=\"font-family: inherit; font-size: inherit;\">h\u00e9bergement<\/span><\/p><\/td>\n<\/tr>\n<\/tbody>\n<\/table>\n<\/td>\n<\/tr>\n<tr>\n<td><b>NON COMPRIS<\/b><\/td>\n<td>\n<table class=\"table table-bordered\" style=\"height: 62px;\" width=\"300\">\n<tbody>\n<tr>\n<td><i class=\"fa fa-times icon-tick icon-tick--off\"><\/i><span style=\"font-family: inherit; font-size: inherit;\">Tarifs a\u00e9riens {billets d'avion}<\/span><\/td>\n<\/tr>\n<tr>\n<td><i class=\"fa fa-times icon-tick icon-tick--off\"><\/i>D\u00e9jeuners, boissons<\/td>\n<\/tr>\n<\/tbody>\n<\/table>\n<\/td>\n<\/tr>\n<\/tbody>\n<\/table>\n<p>&nbsp;<\/p>","protected":false},"excerpt":{"rendered":"<p><span style=\"color: #000080;\">5 days tour from marrakech to fes : <\/span>Combinant exploration culturelle et activit\u00e9s dans le d\u00e9sert, notre voyage de 5 jours de Marrakech \u00e0 F\u00e8s vous donnera un v\u00e9ritable aper\u00e7u de la vie en Europe.<\/p>","protected":false},"featured_media":2025,"comment_status":"closed","ping_status":"closed","template":"","meta":{"_monsterinsights_skip_tracking":false,"_monsterinsights_sitenote_active":false,"_monsterinsights_sitenote_note":"","_monsterinsights_sitenote_category":0},"product_brand":[],"product_cat":[21],"product_tag":[87,123,74,111,96],"class_list":{"0":"post-1347","1":"product","2":"type-product","3":"status-publish","4":"has-post-thumbnail","6":"product_cat-moroccan-tours","7":"product_tag-art-desert-tours","8":"product_tag-marrakech","9":"product_tag-merzouga","10":"product_tag-sahara-tours","11":"product_tag-tours-from-marrakech","12":"tour_category-tours-from-marrakech","14":"first","15":"instock","16":"shipping-taxable","17":"product-type-tour"},"aioseo_notices":[],"_links":{"self":[{"href":"https:\/\/artdeserttours.com\/fr\/wp-json\/wp\/v2\/product\/1347","targetHints":{"allow":["GET"]}}],"collection":[{"href":"https:\/\/artdeserttours.com\/fr\/wp-json\/wp\/v2\/product"}],"about":[{"href":"https:\/\/artdeserttours.com\/fr\/wp-json\/wp\/v2\/types\/product"}],"replies":[{"embeddable":true,"href":"https:\/\/artdeserttours.com\/fr\/wp-json\/wp\/v2\/comments?post=1347"}],"wp:featuredmedia":[{"embeddable":true,"href":"https:\/\/artdeserttours.com\/fr\/wp-json\/wp\/v2\/media\/2025"}],"wp:attachment":[{"href":"https:\/\/artdeserttours.com\/fr\/wp-json\/wp\/v2\/media?parent=1347"}],"wp:term":[{"taxonomy":"product_brand","embeddable":true,"href":"https:\/\/artdeserttours.com\/fr\/wp-json\/wp\/v2\/product_brand?post=1347"},{"taxonomy":"product_cat","embeddable":true,"href":"https:\/\/artdeserttours.com\/fr\/wp-json\/wp\/v2\/product_cat?post=1347"},{"taxonomy":"product_tag","embeddable":true,"href":"https:\/\/artdeserttours.com\/fr\/wp-json\/wp\/v2\/product_tag?post=1347"}],"curies":[{"name":"wp","href":"https:\/\/api.w.org\/{rel}","templated":true}]}}