{"id":1348,"date":"2024-09-21T22:22:14","date_gmt":"2024-09-21T22:22:14","guid":{"rendered":"https:\/\/artdeserttours.com\/?post_type=product&#038;p=1348"},"modified":"2026-05-17T11:04:19","modified_gmt":"2026-05-17T11:04:19","slug":"7-days-tour-from-marrakech-to-merzouga","status":"publish","type":"product","link":"https:\/\/artdeserttours.com\/fr\/tours\/circuit-de-7-jours-de-marrakech-a-merzouga\/","title":{"rendered":"Circuit de 7 jours de Marrakech \u00e0 Merzouga"},"content":{"rendered":"<div>\n<div>\n<div><span style=\"color: #000080;\"><strong> Circuit de 7 jours de Marrakech \u00e0 Merzouga :<\/strong><\/span> Partez pour une excursion remarquable de 6 jours au d\u00e9part de Marrakech vers le captivant d\u00e9sert de Merzouga. Votre voyage commence par un trajet \u00e0 couper le souffle \u00e0 travers les montagnes du Haut Atlas, avec un arr\u00eat \u00e0 la c\u00e9l\u00e8bre Kasbah d'Ait Ben Haddou, qui est reconnue comme site du patrimoine mondial de l'UNESCO. Vous d\u00e9couvrirez la vall\u00e9e du Dad\u00e8s et profiterez de l'attrait du d\u00e9sert d'Ouzina lorsque vous traverserez ces paysages \u00e0 couper le souffle. Montez en selle pour une promenade \u00e0 dos de chameau dans les dunes de l'Erg Chebbi, et passez la nuit \u00e0 la belle \u00e9toile dans d'authentiques campements du d\u00e9sert. Vous explorerez la fascinante Kasbah de<span style=\"color: #8f3a1b;\"><strong> <a style=\"color: #8f3a1b;\" href=\"https:\/\/en.wikipedia.org\/wiki\/At_Benhaddou\">Ait Ben Haddou<\/a> <\/strong><\/span>et la ville m\u00e9di\u00e9vale de Ouarzazate sur le chemin du retour. <strong><span style=\"color: #8f3a1b;\"><a style=\"color: #8f3a1b;\" href=\"https:\/\/artdeserttours.com\/fr\/tour-category\/tours-from-marrakech\/\">Marrakech<\/a><\/span><\/strong>. Visitez la ville de Marrakech vers la fin de votre voyage, en vous arr\u00eatant dans des sites c\u00e9l\u00e8bres comme le jardin Majorelle et la mosqu\u00e9e Koutoubia.<\/div>\n<\/div>\n<\/div>\n<table class=\"table table-bordered tours-tabs__table\" style=\"height: 233px;\" width=\"862\">\n<tbody>\n<tr>\n<td><strong>LIEU DU D\u00c9PART<\/strong><\/td>\n<td>Marrakech<\/td>\n<\/tr>\n<tr>\n<td><strong>LIEU DE DESTINATION<\/strong><\/td>\n<td>Marrakech<\/td>\n<\/tr>\n<tr>\n<td><strong>INCLURE<\/strong><\/td>\n<td>\n<table class=\"table table-bordered\" style=\"height: 384px;\" width=\"514\">\n<tbody>\n<tr>\n<td><i class=\"fa fa-check icon-tick icon-tick--on\"><\/i><span style=\"font-family: inherit; font-size: inherit;\">Passer une nuit dans un campement nomade dans le d\u00e9sert avec une tente priv\u00e9e (lit, d\u00eener, petit d\u00e9jeuner, musique du d\u00e9sert).<\/span><\/td>\n<td><i class=\"fa fa-check icon-tick icon-tick--on\"><\/i><span style=\"font-family: inherit; font-size: inherit;\">Guide parlant fran\u00e7ais avec <\/span><span style=\"font-family: inherit; font-size: inherit;\">Conducteur <\/span><span style=\"font-family: inherit; font-size: inherit;\">pendant la visite<\/span><\/td>\n<\/tr>\n<tr>\n<td><i class=\"fa fa-check icon-tick icon-tick--on\"><\/i><span style=\"font-family: inherit; font-size: inherit;\">Randonn\u00e9e \u00e0 dos de chameau dans les dunes de Merzouga<\/span><\/td>\n<td><i class=\"fa fa-check icon-tick icon-tick--on\"><\/i><span style=\"font-family: inherit; font-size: inherit;\">Prise en charge et d\u00e9p\u00f4t \u00e0 votre<\/span>\n<p><span style=\"font-family: inherit; font-size: inherit;\">h\u00e9bergement<\/span><\/p><\/td>\n<\/tr>\n<\/tbody>\n<\/table>\n<p><i class=\"fa fa-check icon-tick icon-tick--on\"><\/i><span style=\"font-family: inherit; font-size: inherit;\">H\u00f4tel\/Riad (petit d\u00e9jeuner, d\u00eener, lit compris)<\/span><\/p><\/td>\n<\/tr>\n<tr>\n<td><b>NON COMPRIS<\/b><\/td>\n<td>\n<table class=\"table table-bordered\" style=\"height: 62px;\" width=\"300\">\n<tbody>\n<tr>\n<td><i class=\"fa fa-times icon-tick icon-tick--off\"><\/i><span style=\"font-family: inherit; font-size: inherit;\">Tarifs a\u00e9riens {billets d'avion}<\/span><\/td>\n<\/tr>\n<tr>\n<td><i class=\"fa fa-times icon-tick icon-tick--off\"><\/i>D\u00e9jeuners, boissons<\/td>\n<\/tr>\n<\/tbody>\n<\/table>\n<\/td>\n<\/tr>\n<\/tbody>\n<\/table>\n<p>&nbsp;<\/p>","protected":false},"excerpt":{"rendered":"<p><span style=\"color: #000080;\">Circuit de 7 jours de Marrakech \u00e0 Merzouga :<\/span> Circuit de 7 jours de Marrakech \u00e0 Merzouga : Partez pour une excursion remarquable de 6 jours de Marrakech au d\u00e9sert captivant de Merzouga. Votre voyage commence<\/p>","protected":false},"featured_media":2654,"comment_status":"closed","ping_status":"closed","template":"","meta":{"_monsterinsights_skip_tracking":false,"_monsterinsights_sitenote_active":false,"_monsterinsights_sitenote_note":"","_monsterinsights_sitenote_category":0},"product_brand":[],"product_cat":[21],"product_tag":[80,104,87,86,85,96],"class_list":{"0":"post-1348","1":"product","2":"type-product","3":"status-publish","4":"has-post-thumbnail","6":"product_cat-moroccan-tours","7":"product_tag-7-days-in-morocco","8":"product_tag-7-days-tour-from-marrakech-to-merzouga","9":"product_tag-art-desert-tours","10":"product_tag-morocco-desert-tour","11":"product_tag-sahara-desert-tours","12":"product_tag-tours-from-marrakech","13":"tour_category-tours-from-marrakech","15":"first","16":"instock","17":"shipping-taxable","18":"product-type-tour"},"aioseo_notices":[],"_links":{"self":[{"href":"https:\/\/artdeserttours.com\/fr\/wp-json\/wp\/v2\/product\/1348","targetHints":{"allow":["GET"]}}],"collection":[{"href":"https:\/\/artdeserttours.com\/fr\/wp-json\/wp\/v2\/product"}],"about":[{"href":"https:\/\/artdeserttours.com\/fr\/wp-json\/wp\/v2\/types\/product"}],"replies":[{"embeddable":true,"href":"https:\/\/artdeserttours.com\/fr\/wp-json\/wp\/v2\/comments?post=1348"}],"wp:featuredmedia":[{"embeddable":true,"href":"https:\/\/artdeserttours.com\/fr\/wp-json\/wp\/v2\/media\/2654"}],"wp:attachment":[{"href":"https:\/\/artdeserttours.com\/fr\/wp-json\/wp\/v2\/media?parent=1348"}],"wp:term":[{"taxonomy":"product_brand","embeddable":true,"href":"https:\/\/artdeserttours.com\/fr\/wp-json\/wp\/v2\/product_brand?post=1348"},{"taxonomy":"product_cat","embeddable":true,"href":"https:\/\/artdeserttours.com\/fr\/wp-json\/wp\/v2\/product_cat?post=1348"},{"taxonomy":"product_tag","embeddable":true,"href":"https:\/\/artdeserttours.com\/fr\/wp-json\/wp\/v2\/product_tag?post=1348"}],"curies":[{"name":"wp","href":"https:\/\/api.w.org\/{rel}","templated":true}]}}