{"id":1355,"date":"2024-09-22T12:25:16","date_gmt":"2024-09-22T12:25:16","guid":{"rendered":"https:\/\/artdeserttours.com\/?post_type=product&#038;p=1355"},"modified":"2026-05-17T09:53:10","modified_gmt":"2026-05-17T09:53:10","slug":"4-days-tour-from-casablanca","status":"publish","type":"product","link":"https:\/\/artdeserttours.com\/fr\/tours\/circuit-de-4-jours-au-depart-de-casablanca\/","title":{"rendered":"Circuit de 4 jours depuis Casablanca"},"content":{"rendered":"<div>\n<div>\n<div><span style=\"color: #000080;\"><strong> Circuit de 4 jours au d\u00e9part de Casablanca :<\/strong> <\/span>Partez de Casablanca pour un circuit de 4 jours au Maroc. Apr\u00e8s avoir visit\u00e9 les principales attractions de la ville, dont la mosqu\u00e9e Hassan II, vous vous rendrez \u00e0 F\u00e8s. Pendant votre voyage, arr\u00eatez-vous aux sites historiques de Rabat. Explorez la m\u00e9dina et les sites voisins \u00e0 <span style=\"color: #8f3a1b;\"><strong><a style=\"color: #8f3a1b;\" href=\"https:\/\/artdeserttours.com\/fr\/tour-category\/tours-from-fes\/\">F\u00e8s<\/a> <\/strong><\/span>avant de se rendre dans le d\u00e9sert du Sahara. Profitez d'un repas berb\u00e8re traditionnel et d'une promenade \u00e0 dos de chameau tout en explorant les \u00e9poustouflantes dunes de l'Erg Chebbi. Voyage vers le d\u00e9sert via Azrou,<strong><span style=\"color: #8f3a1b;\"><a style=\"color: #8f3a1b;\" href=\"https:\/\/en.wikipedia.org\/wiki\/Ifrane\"> Ifrane<\/a><\/span><\/strong>et la vall\u00e9e du Ziz.  Le troisi\u00e8me jour, vous traverserez les pittoresques gorges de Todra et les march\u00e9s locaux anim\u00e9s avant de vous rendre dans les gorges du Dad\u00e8s.<\/div>\n<\/div>\n<\/div>\n<table class=\"table table-bordered tours-tabs__table\" style=\"height: 233px;\" width=\"862\">\n<tbody>\n<tr>\n<td><strong>LIEU DU D\u00c9PART<\/strong><\/td>\n<td>Marrakech<\/td>\n<\/tr>\n<tr>\n<td><strong>LIEU DE DESTINATION<\/strong><\/td>\n<td>Casablanca<\/td>\n<\/tr>\n<tr>\n<td><strong>INCLURE<\/strong><\/td>\n<td>\n<table class=\"table table-bordered\" style=\"height: 384px;\" width=\"514\">\n<tbody>\n<tr>\n<td><i class=\"fa fa-check icon-tick icon-tick--on\"><\/i><span style=\"font-family: inherit; font-size: inherit;\">Passer une nuit dans un campement nomade dans le d\u00e9sert avec une tente priv\u00e9e<\/span><\/td>\n<td><i class=\"fa fa-check icon-tick icon-tick--on\"><\/i><span style=\"font-family: inherit; font-size: inherit;\">Guide parlant fran\u00e7ais avec <\/span><span style=\"font-family: inherit; font-size: inherit;\">Conducteur <\/span><span style=\"font-family: inherit; font-size: inherit;\">pendant la visite<\/span><\/td>\n<\/tr>\n<tr>\n<td><i class=\"fa fa-check icon-tick icon-tick--on\"><\/i><span style=\"font-family: inherit; font-size: inherit;\">Randonn\u00e9e \u00e0 dos de chameau dans les dunes de Merzouga<\/span><\/td>\n<td><i class=\"fa fa-check icon-tick icon-tick--on\"><\/i><span style=\"font-family: inherit; font-size: inherit;\">Prise en charge et d\u00e9p\u00f4t \u00e0 votre<\/span>\n<p><span style=\"font-family: inherit; font-size: inherit;\">h\u00e9bergement<\/span><\/p><\/td>\n<\/tr>\n<\/tbody>\n<\/table>\n<p><i class=\"fa fa-check icon-tick icon-tick--on\"><\/i>First,second and third-night accommondations<\/p>\n<p><i class=\"fa fa-check icon-tick icon-tick--on\"><\/i>3 Breakfasts\/ 2 Dinners<\/p><\/td>\n<\/tr>\n<tr>\n<td><b>NON COMPRIS<\/b><\/td>\n<td>\n<table class=\"table table-bordered\" style=\"height: 62px;\" width=\"300\">\n<tbody>\n<tr>\n<td><i class=\"fa fa-times icon-tick icon-tick--off\"><\/i><span style=\"font-family: inherit; font-size: inherit;\">Tarifs a\u00e9riens {billets d'avion}<\/span><\/td>\n<\/tr>\n<tr>\n<td><i class=\"fa fa-times icon-tick icon-tick--off\"><\/i>D\u00e9jeuners, boissons<\/td>\n<\/tr>\n<\/tbody>\n<\/table>\n<\/td>\n<\/tr>\n<\/tbody>\n<\/table>\n<p>&nbsp;<\/p>","protected":false},"excerpt":{"rendered":"<p><span style=\"color: #000080;\">Circuit de 4 jours au d\u00e9part de Casablanca : <\/span>Partez de Casablanca pour un circuit de 4 jours au Maroc. Apr\u00e8s avoir visit\u00e9 les principales attractions de la ville, dont la mosqu\u00e9e Hassan II, vous vous rendrez \u00e0 F\u00e8s. Pendant votre voyage, arr\u00eatez-vous aux sites historiques de Rabat. Explorez la m\u00e9dina et les sites voisins \u00e0<\/p>","protected":false},"featured_media":2219,"comment_status":"closed","ping_status":"closed","template":"","meta":{"_monsterinsights_skip_tracking":false,"_monsterinsights_sitenote_active":false,"_monsterinsights_sitenote_note":"","_monsterinsights_sitenote_category":0},"product_brand":[],"product_cat":[21],"product_tag":[73,68,74,75,76],"class_list":{"0":"post-1355","1":"product","2":"type-product","3":"status-publish","4":"has-post-thumbnail","6":"product_cat-moroccan-tours","7":"product_tag-4-days-tour-from-casablanca","8":"product_tag-casablanca","9":"product_tag-merzouga","10":"product_tag-sahara-desert","11":"product_tag-tours-from-casablanca","12":"tour_category-tours-from-casablanca","14":"first","15":"instock","16":"shipping-taxable","17":"product-type-tour"},"aioseo_notices":[],"_links":{"self":[{"href":"https:\/\/artdeserttours.com\/fr\/wp-json\/wp\/v2\/product\/1355","targetHints":{"allow":["GET"]}}],"collection":[{"href":"https:\/\/artdeserttours.com\/fr\/wp-json\/wp\/v2\/product"}],"about":[{"href":"https:\/\/artdeserttours.com\/fr\/wp-json\/wp\/v2\/types\/product"}],"replies":[{"embeddable":true,"href":"https:\/\/artdeserttours.com\/fr\/wp-json\/wp\/v2\/comments?post=1355"}],"wp:featuredmedia":[{"embeddable":true,"href":"https:\/\/artdeserttours.com\/fr\/wp-json\/wp\/v2\/media\/2219"}],"wp:attachment":[{"href":"https:\/\/artdeserttours.com\/fr\/wp-json\/wp\/v2\/media?parent=1355"}],"wp:term":[{"taxonomy":"product_brand","embeddable":true,"href":"https:\/\/artdeserttours.com\/fr\/wp-json\/wp\/v2\/product_brand?post=1355"},{"taxonomy":"product_cat","embeddable":true,"href":"https:\/\/artdeserttours.com\/fr\/wp-json\/wp\/v2\/product_cat?post=1355"},{"taxonomy":"product_tag","embeddable":true,"href":"https:\/\/artdeserttours.com\/fr\/wp-json\/wp\/v2\/product_tag?post=1355"}],"curies":[{"name":"wp","href":"https:\/\/api.w.org\/{rel}","templated":true}]}}