{"id":1357,"date":"2024-09-22T13:07:44","date_gmt":"2024-09-22T13:07:44","guid":{"rendered":"https:\/\/artdeserttours.com\/?post_type=product&#038;p=1357"},"modified":"2026-05-17T10:05:14","modified_gmt":"2026-05-17T10:05:14","slug":"the-best-6-days-tour-from-casablanca-to-marrakech","status":"publish","type":"product","link":"https:\/\/artdeserttours.com\/fr\/tours\/le-meilleur-circuit-de-6-jours-de-casablanca-a-marrakech\/","title":{"rendered":"Circuit de 6 jours de Casablanca \u00e0 Marrakech"},"content":{"rendered":"<div>\n<div>\n<div><span style=\"color: #000080;\"><strong>\u00a0Circuit de 6 jours de Casablanca \u00e0 Marrakech :<\/strong> <\/span>Lors de ce voyage de 6 jours de Casablanca \u00e0 Marrakech, vous d\u00e9couvrirez le meilleur du Maroc. Visitez la mosqu\u00e9e Hassan II \u00e0 <span style=\"color: #8f3a1b;\"><strong><a style=\"color: #8f3a1b;\" href=\"https:\/\/artdeserttours.com\/fr\/tour-category\/tours-from-casablanca\/\">Casablanca<\/a> <\/strong><\/span>puis se rendre \u00e0 F\u00e8s pour d\u00e9couvrir la m\u00e9dina, le palais royal et les c\u00e9l\u00e8bres tanneries. Voyage via la vall\u00e9e du Ziz et Azrou pour arriver \u00e0 <strong><span style=\"color: #8f3a1b;\"><a style=\"color: #8f3a1b;\" href=\"https:\/\/en.wikipedia.org\/wiki\/Merzouga\">Merzouga<\/a> <\/span><\/strong>dans le d\u00e9sert du Sahara, o\u00f9 vous pourrez faire une randonn\u00e9e \u00e0 dos de chameau et passer la nuit dans un campement du d\u00e9sert. Continuation vers le Todra<\/div>\n<div>Le dernier jour, vous vous rendrez \u00e0 Marrakech en vous arr\u00eatant \u00e0 Ouarzazate et \u00e0 la pittoresque Kasbah d'Ait Ben Haddou. Le dernier jour, vous vous rendrez \u00e0 Marrakech, en vous arr\u00eatant en chemin \u00e0 Ouarzazate et \u00e0 la pittoresque Kasbah d'Ait Ben Haddou.<\/div>\n<\/div>\n<\/div>\n<table class=\"table table-bordered tours-tabs__table\" style=\"height: 233px;\" width=\"862\">\n<tbody>\n<tr>\n<td><strong>LIEU DU D\u00c9PART<\/strong><\/td>\n<td>Marrakech<\/td>\n<\/tr>\n<tr>\n<td><strong>LIEU DE DESTINATION<\/strong><\/td>\n<td>Casablanca<\/td>\n<\/tr>\n<tr>\n<td><strong>INCLURE<\/strong><\/td>\n<td>\n<table class=\"table table-bordered\" style=\"height: 384px;\" width=\"514\">\n<tbody>\n<tr>\n<td><i class=\"fa fa-check icon-tick icon-tick--on\"><\/i>Randonn\u00e9e \u00e0 dos de chameau et <span style=\"font-family: inherit; font-size: inherit;\">Passer une nuit dans un campement nomade dans le d\u00e9sert avec une tente priv\u00e9e<\/span><\/td>\n<td><i class=\"fa fa-check icon-tick icon-tick--on\"><\/i><span style=\"font-family: inherit; font-size: inherit;\">Guide parlant fran\u00e7ais avec <\/span><span style=\"font-family: inherit; font-size: inherit;\">Conducteur <\/span><span style=\"font-family: inherit; font-size: inherit;\">pendant la visite<\/span><\/td>\n<\/tr>\n<tr>\n<td><i class=\"fa fa-check icon-tick icon-tick--on\"><\/i>Guides locaux \u00e0 F\u00e8s, Marrakech<\/td>\n<td><i class=\"fa fa-check icon-tick icon-tick--on\"><\/i><span style=\"font-family: inherit; font-size: inherit;\">Prise en charge et d\u00e9p\u00f4t \u00e0 votre<\/span>\n<p><span style=\"font-family: inherit; font-size: inherit;\">h\u00e9bergement<\/span><\/p><\/td>\n<\/tr>\n<\/tbody>\n<\/table>\n<p><i class=\"fa fa-check icon-tick icon-tick--on\"><\/i>8 nuits dans de v\u00e9ritables riads ou motels<\/p><\/td>\n<\/tr>\n<tr>\n<td><b>NON COMPRIS<\/b><\/td>\n<td>\n<table class=\"table table-bordered\" style=\"height: 62px;\" width=\"300\">\n<tbody>\n<tr>\n<td><i class=\"fa fa-times icon-tick icon-tick--off\"><\/i><span style=\"font-family: inherit; font-size: inherit;\">Tarifs a\u00e9riens {billets d'avion}<\/span><\/td>\n<\/tr>\n<tr>\n<td><i class=\"fa fa-times icon-tick icon-tick--off\"><\/i>D\u00e9jeuners, boissons<\/td>\n<\/tr>\n<\/tbody>\n<\/table>\n<\/td>\n<\/tr>\n<\/tbody>\n<\/table>\n<p>&nbsp;<\/p>","protected":false},"excerpt":{"rendered":"<p><span style=\"color: #000080;\"> Circuit de 6 jours de Casablanca \u00e0 Marrakech : <\/span>Circuit de 7 jours de Casablanca \u00e0 Merzouga : Lors de ce circuit de 6 jours de Casablanca \u00e0 Marrakech, d\u00e9couvrez le meilleur du Maroc.<\/p>","protected":false},"featured_media":1358,"comment_status":"closed","ping_status":"closed","template":"","meta":{"_monsterinsights_skip_tracking":false,"_monsterinsights_sitenote_active":false,"_monsterinsights_sitenote_note":"","_monsterinsights_sitenote_category":0},"product_brand":[],"product_cat":[21],"product_tag":[77,68,78,74,76],"class_list":{"0":"post-1357","1":"product","2":"type-product","3":"status-publish","4":"has-post-thumbnail","6":"product_cat-moroccan-tours","7":"product_tag-4-days-tours-from-casablanca-to-marrakech","8":"product_tag-casablanca","9":"product_tag-marrakech-from-casablanca","10":"product_tag-merzouga","11":"product_tag-tours-from-casablanca","12":"tour_category-tours-from-casablanca","14":"first","15":"instock","16":"shipping-taxable","17":"product-type-tour"},"aioseo_notices":[],"_links":{"self":[{"href":"https:\/\/artdeserttours.com\/fr\/wp-json\/wp\/v2\/product\/1357","targetHints":{"allow":["GET"]}}],"collection":[{"href":"https:\/\/artdeserttours.com\/fr\/wp-json\/wp\/v2\/product"}],"about":[{"href":"https:\/\/artdeserttours.com\/fr\/wp-json\/wp\/v2\/types\/product"}],"replies":[{"embeddable":true,"href":"https:\/\/artdeserttours.com\/fr\/wp-json\/wp\/v2\/comments?post=1357"}],"wp:featuredmedia":[{"embeddable":true,"href":"https:\/\/artdeserttours.com\/fr\/wp-json\/wp\/v2\/media\/1358"}],"wp:attachment":[{"href":"https:\/\/artdeserttours.com\/fr\/wp-json\/wp\/v2\/media?parent=1357"}],"wp:term":[{"taxonomy":"product_brand","embeddable":true,"href":"https:\/\/artdeserttours.com\/fr\/wp-json\/wp\/v2\/product_brand?post=1357"},{"taxonomy":"product_cat","embeddable":true,"href":"https:\/\/artdeserttours.com\/fr\/wp-json\/wp\/v2\/product_cat?post=1357"},{"taxonomy":"product_tag","embeddable":true,"href":"https:\/\/artdeserttours.com\/fr\/wp-json\/wp\/v2\/product_tag?post=1357"}],"curies":[{"name":"wp","href":"https:\/\/api.w.org\/{rel}","templated":true}]}}