{"id":1359,"date":"2024-09-22T13:24:54","date_gmt":"2024-09-22T13:24:54","guid":{"rendered":"https:\/\/artdeserttours.com\/?post_type=product&#038;p=1359"},"modified":"2026-05-17T10:09:57","modified_gmt":"2026-05-17T10:09:57","slug":"7-days-tour-from-casablanca-to-merzouga","status":"publish","type":"product","link":"https:\/\/artdeserttours.com\/fr\/tours\/circuit-de-7-jours-de-casablanca-a-merzouga\/","title":{"rendered":"Circuit de 7 jours de Casablanca \u00e0 Merzouga"},"content":{"rendered":"<div>\n<div>\n<div><span style=\"color: #000080;\"><strong>Circuit de 7 jours de Casablanca \u00e0 Merzouga :<\/strong><\/span> Au cours de ce circuit de 7 jours entre Casablanca et Marrakech, d\u00e9couvrez le meilleur du Maroc. Commencez par visiter la mosqu\u00e9e Hassan II \u00e0 Casablanca, puis rendez-vous \u00e0 F\u00e8s pour d\u00e9couvrir la m\u00e9dina, le palais royal et les c\u00e9l\u00e8bres tanneries. Traversez la vall\u00e9e du Ziz et Azrou pour arriver \u00e0 Merzouga dans le <a href=\"https:\/\/artdeserttours.com\/fr\/morocoo-tours\/desert-excursion-44\/\"><span style=\"color: #8f3a1b;\"><strong>Sahara<\/strong> <strong>Desert<\/strong><\/span><\/a>Vous pourrez y faire une randonn\u00e9e \u00e0 dos de chameau et passer la nuit dans un campement dans le d\u00e9sert. Continuation vers le Todra<\/div>\n<div>Le dernier jour, vous vous rendrez \u00e0 Marrakech, en vous arr\u00eatant en cours de route dans les gorges de l'Alaska et dans la vall\u00e9e du Dad\u00e8s, pour admirer les paysages saisissants de ces deux sites. Le dernier jour, vous vous rendrez \u00e0 Marrakech, en vous arr\u00eatant en cours de route \u00e0 <strong><span style=\"color: #8f3a1b;\"><a style=\"color: #8f3a1b;\" href=\"https:\/\/en.wikipedia.org\/wiki\/Ouarzazate\">Ouarzazate<\/a> <\/span><\/strong>et la pittoresque Kasbah d'Ait Ben Haddou.<\/div>\n<\/div>\n<\/div>\n<table class=\"table table-bordered tours-tabs__table\" style=\"height: 233px;\" width=\"862\">\n<tbody>\n<tr>\n<td><strong>LIEU DU D\u00c9PART<\/strong><\/td>\n<td>Casablanca<\/td>\n<\/tr>\n<tr>\n<td><strong>LIEU DE DESTINATION<\/strong><\/td>\n<td>Casablanca<\/td>\n<\/tr>\n<tr>\n<td><strong>INCLURE<\/strong><\/td>\n<td>\n<table class=\"table table-bordered\" style=\"height: 384px;\" width=\"514\">\n<tbody>\n<tr>\n<td><i class=\"fa fa-check icon-tick icon-tick--on\"><\/i>Randonn\u00e9e \u00e0 dos de chameau et <span style=\"font-family: inherit; font-size: inherit;\">Passer une nuit dans un campement nomade dans le d\u00e9sert avec une tente priv\u00e9e<\/span><\/td>\n<td><i class=\"fa fa-check icon-tick icon-tick--on\"><\/i><span style=\"font-family: inherit; font-size: inherit;\">Guide parlant fran\u00e7ais avec <\/span><span style=\"font-family: inherit; font-size: inherit;\">Conducteur <\/span><span style=\"font-family: inherit; font-size: inherit;\">pendant la visite<\/span><\/td>\n<\/tr>\n<tr>\n<td><i class=\"fa fa-check icon-tick icon-tick--on\"><\/i><span style=\"font-family: inherit; font-size: inherit;\">Randonn\u00e9e \u00e0 dos de chameau dans les dunes de Merzouga<\/span><\/td>\n<td><i class=\"fa fa-check icon-tick icon-tick--on\"><\/i><span style=\"font-family: inherit; font-size: inherit;\">Prise en charge et d\u00e9p\u00f4t \u00e0 votre<\/span>\n<p><span style=\"font-family: inherit; font-size: inherit;\">h\u00e9bergement<\/span><\/p><\/td>\n<\/tr>\n<\/tbody>\n<\/table>\n<p><i class=\"fa fa-check icon-tick icon-tick--on\"><\/i>6 nuits dans de v\u00e9ritables riads ou motels<\/p>\n<p><i class=\"fa fa-check icon-tick icon-tick--on\"><\/i>Guides locaux \u00e0 F\u00e8s, Marrakech<\/p><\/td>\n<\/tr>\n<tr>\n<td><b>NON COMPRIS<\/b><\/td>\n<td>\n<table class=\"table table-bordered\" style=\"height: 62px;\" width=\"300\">\n<tbody>\n<tr>\n<td><i class=\"fa fa-times icon-tick icon-tick--off\"><\/i><span style=\"font-family: inherit; font-size: inherit;\">Tarifs a\u00e9riens {billets d'avion}<\/span><\/td>\n<\/tr>\n<tr>\n<td><i class=\"fa fa-times icon-tick icon-tick--off\"><\/i>D\u00e9jeuners, boissons<\/td>\n<\/tr>\n<\/tbody>\n<\/table>\n<\/td>\n<\/tr>\n<\/tbody>\n<\/table>\n<p>&nbsp;<\/p>","protected":false},"excerpt":{"rendered":"<p><span style=\"color: #000080;\">Circuit de 7 jours de Casablanca \u00e0 Merzouga :<\/span> Circuit de 7 jours de Casablanca \u00e0 Merzouga : Lors de ce circuit de 6 jours de Casablanca \u00e0 Marrakech, d\u00e9couvrez le meilleur du Maroc.<\/p>","protected":false},"featured_media":1635,"comment_status":"closed","ping_status":"closed","template":"","meta":{"_monsterinsights_skip_tracking":false,"_monsterinsights_sitenote_active":false,"_monsterinsights_sitenote_note":"","_monsterinsights_sitenote_category":0},"product_brand":[],"product_cat":[21],"product_tag":[81,69,80,79,68,82],"class_list":{"0":"post-1359","1":"product","2":"type-product","3":"status-publish","4":"has-post-thumbnail","6":"product_cat-moroccan-tours","7":"product_tag-1-weekend-in-morocco-from-casablanca","8":"product_tag-10-days-tour-from-casablanca","9":"product_tag-7-days-in-morocco","10":"product_tag-7-days-tour-from-casablanca-to-merzouga","11":"product_tag-casablanca","12":"product_tag-morocco-tours-from-casablanca","13":"tour_category-tours-from-casablanca","15":"first","16":"instock","17":"shipping-taxable","18":"product-type-tour"},"aioseo_notices":[],"_links":{"self":[{"href":"https:\/\/artdeserttours.com\/fr\/wp-json\/wp\/v2\/product\/1359","targetHints":{"allow":["GET"]}}],"collection":[{"href":"https:\/\/artdeserttours.com\/fr\/wp-json\/wp\/v2\/product"}],"about":[{"href":"https:\/\/artdeserttours.com\/fr\/wp-json\/wp\/v2\/types\/product"}],"replies":[{"embeddable":true,"href":"https:\/\/artdeserttours.com\/fr\/wp-json\/wp\/v2\/comments?post=1359"}],"wp:featuredmedia":[{"embeddable":true,"href":"https:\/\/artdeserttours.com\/fr\/wp-json\/wp\/v2\/media\/1635"}],"wp:attachment":[{"href":"https:\/\/artdeserttours.com\/fr\/wp-json\/wp\/v2\/media?parent=1359"}],"wp:term":[{"taxonomy":"product_brand","embeddable":true,"href":"https:\/\/artdeserttours.com\/fr\/wp-json\/wp\/v2\/product_brand?post=1359"},{"taxonomy":"product_cat","embeddable":true,"href":"https:\/\/artdeserttours.com\/fr\/wp-json\/wp\/v2\/product_cat?post=1359"},{"taxonomy":"product_tag","embeddable":true,"href":"https:\/\/artdeserttours.com\/fr\/wp-json\/wp\/v2\/product_tag?post=1359"}],"curies":[{"name":"wp","href":"https:\/\/api.w.org\/{rel}","templated":true}]}}