{"id":1365,"date":"2024-09-22T14:51:08","date_gmt":"2024-09-22T14:51:08","guid":{"rendered":"https:\/\/artdeserttours.com\/?post_type=product&#038;p=1365"},"modified":"2026-01-16T16:38:28","modified_gmt":"2026-01-16T16:38:28","slug":"8-days-from-tangier-to-sahara-desert","status":"publish","type":"product","link":"https:\/\/artdeserttours.com\/fr\/tours\/8-jours-de-tanger-au-desert-du-sahara\/","title":{"rendered":"8 jours de Tanger au d\u00e9sert du Sahara"},"content":{"rendered":"<div>\n<div>\n<div><span style=\"color: #000080;\"><strong> 8 jours de Tanger au d\u00e9sert du Sahara<\/strong><\/span> Partez pour une incroyable excursion de 8 jours au d\u00e9part de Tanger pour d\u00e9couvrir les tr\u00e9sors naturels et culturels du Maroc au c\u0153ur du d\u00e9sert du Sahara. Ce circuit immersif commence par une belle route vers Chefchaouen, r\u00e9put\u00e9e pour ses march\u00e9s anim\u00e9s et ses jolies rues bleues, \u00e0 travers les montagnes du Rif. Poursuivez jusqu'\u00e0 <strong><span style=\"color: #8f3a1b;\"><a style=\"color: #8f3a1b;\" href=\"https:\/\/en.wikipedia.org\/wiki\/Fez,_Morocco\">F\u00e8s<\/a><\/span><\/strong>Vous y d\u00e9couvrirez des sites historiques et des m\u00e9dinas anciennes. Traversez le Moyen Atlas jusqu'\u00e0 Merzouga, o\u00f9 vous pourrez faire des randonn\u00e9es \u00e0 dos de chameau et admirer le soleil couchant sur les dunes dor\u00e9es, tout en \u00e9tant immerg\u00e9 dans le captivant d\u00e9sert du Sahara. Admirez les paysages \u00e0 couper le souffle des gorges du Dad\u00e8s et de Todra, arr\u00eatez-vous dans les c\u00e9l\u00e8bres kasbahs de Ouarzazate et terminez votre voyage dans la ville \u00e9nergique de <span style=\"color: #8f3a1b;\"><strong><a style=\"color: #8f3a1b;\" href=\"https:\/\/artdeserttours.com\/fr\/tour-category\/tours-from-marrakech\/\">Marrakech<\/a><\/strong><\/span>.<\/div>\n<\/div>\n<\/div>\n<table class=\"table table-bordered tours-tabs__table\" style=\"height: 233px;\" width=\"862\">\n<tbody>\n<tr>\n<td><strong>LIEU DU D\u00c9PART<\/strong><\/td>\n<td>Marrakech<\/td>\n<\/tr>\n<tr>\n<td><strong>LIEU DE DESTINATION<\/strong><\/td>\n<td>Tanger<\/td>\n<\/tr>\n<tr>\n<td><strong>INCLURE<\/strong><\/td>\n<td>\n<table class=\"table table-bordered\" style=\"height: 384px;\" width=\"514\">\n<tbody>\n<tr>\n<td><i class=\"fa fa-check icon-tick icon-tick--on\"><\/i><span style=\"font-family: inherit; font-size: inherit;\">Passer une nuit dans un campement nomade dans le d\u00e9sert avec une tente priv\u00e9e<\/span><\/td>\n<td><i class=\"fa fa-check icon-tick icon-tick--on\"><\/i><span style=\"font-family: inherit; font-size: inherit;\">Guide parlant fran\u00e7ais avec <\/span><span style=\"font-family: inherit; font-size: inherit;\">Conducteur <\/span><span style=\"font-family: inherit; font-size: inherit;\">pendant le circuit (guide local \u00e0 F\u00e8s et \u00e0 Marrakech)<\/span><\/td>\n<\/tr>\n<tr>\n<td><i class=\"fa fa-check icon-tick icon-tick--on\"><\/i><span style=\"font-family: inherit; font-size: inherit;\">Randonn\u00e9e \u00e0 dos de chameau dans les dunes de Merzouga<\/span><\/td>\n<td><i class=\"fa fa-check icon-tick icon-tick--on\"><\/i><span style=\"font-family: inherit; font-size: inherit;\">Prise en charge et d\u00e9p\u00f4t \u00e0 votre<\/span>\n<p><span style=\"font-family: inherit; font-size: inherit;\">h\u00e9bergement<\/span><\/p><\/td>\n<\/tr>\n<\/tbody>\n<\/table>\n<p>&nbsp;<\/p><\/td>\n<\/tr>\n<tr>\n<td><b>NON COMPRIS<\/b><\/td>\n<td>\n<table class=\"table table-bordered\" style=\"height: 62px;\" width=\"300\">\n<tbody>\n<tr>\n<td><i class=\"fa fa-times icon-tick icon-tick--off\"><\/i><span style=\"font-family: inherit; font-size: inherit;\">Tarifs a\u00e9riens {billets d'avion}<\/span><\/td>\n<\/tr>\n<tr>\n<td><i class=\"fa fa-times icon-tick icon-tick--off\"><\/i>D\u00e9jeuners, boissons<\/td>\n<\/tr>\n<\/tbody>\n<\/table>\n<\/td>\n<\/tr>\n<\/tbody>\n<\/table>\n<p>&nbsp;<\/p>","protected":false},"excerpt":{"rendered":"<p><span style=\"color: #000080;\">8 jours de Tanger au d\u00e9sert du Sahara<\/span> 8 jours de Tanger au d\u00e9sert du Sahara : Partez pour une incroyable excursion de 8 jours au d\u00e9part de Tanger pour d\u00e9couvrir les tr\u00e9sors naturels et culturels du Maroc en profondeur.<\/p>","protected":false},"featured_media":1682,"comment_status":"closed","ping_status":"closed","template":"","meta":{"_monsterinsights_skip_tracking":false,"_monsterinsights_sitenote_active":false,"_monsterinsights_sitenote_note":"","_monsterinsights_sitenote_category":0,"_uf_show_specific_survey":0,"_uf_disable_surveys":false},"product_brand":[],"product_cat":[21],"product_tag":[115,114,87,85,109,105,108],"class_list":{"0":"post-1365","1":"product","2":"type-product","3":"status-publish","4":"has-post-thumbnail","6":"product_cat-moroccan-tours","7":"product_tag-8-days","8":"product_tag-8-days-from-tangier-to-sahara-desert","9":"product_tag-art-desert-tours","10":"product_tag-sahara-desert-tours","11":"product_tag-tangier","12":"product_tag-tours-from-tangier","13":"product_tag-what-to-do-in-tangier","14":"tour_category-tours-from-tangier","16":"first","17":"instock","18":"shipping-taxable","19":"product-type-tour"},"aioseo_notices":[],"_links":{"self":[{"href":"https:\/\/artdeserttours.com\/fr\/wp-json\/wp\/v2\/product\/1365","targetHints":{"allow":["GET"]}}],"collection":[{"href":"https:\/\/artdeserttours.com\/fr\/wp-json\/wp\/v2\/product"}],"about":[{"href":"https:\/\/artdeserttours.com\/fr\/wp-json\/wp\/v2\/types\/product"}],"replies":[{"embeddable":true,"href":"https:\/\/artdeserttours.com\/fr\/wp-json\/wp\/v2\/comments?post=1365"}],"wp:featuredmedia":[{"embeddable":true,"href":"https:\/\/artdeserttours.com\/fr\/wp-json\/wp\/v2\/media\/1682"}],"wp:attachment":[{"href":"https:\/\/artdeserttours.com\/fr\/wp-json\/wp\/v2\/media?parent=1365"}],"wp:term":[{"taxonomy":"product_brand","embeddable":true,"href":"https:\/\/artdeserttours.com\/fr\/wp-json\/wp\/v2\/product_brand?post=1365"},{"taxonomy":"product_cat","embeddable":true,"href":"https:\/\/artdeserttours.com\/fr\/wp-json\/wp\/v2\/product_cat?post=1365"},{"taxonomy":"product_tag","embeddable":true,"href":"https:\/\/artdeserttours.com\/fr\/wp-json\/wp\/v2\/product_tag?post=1365"}],"curies":[{"name":"wp","href":"https:\/\/api.w.org\/{rel}","templated":true}]}}