{"id":1474,"date":"2024-09-23T17:35:11","date_gmt":"2024-09-23T17:35:11","guid":{"rendered":"https:\/\/artdeserttours.com\/?post_type=product&#038;p=1474"},"modified":"2026-05-17T09:48:41","modified_gmt":"2026-05-17T09:48:41","slug":"10-days-tour-from-casablanca","status":"publish","type":"product","link":"https:\/\/artdeserttours.com\/fr\/tours\/circuit-de-10-jours-au-depart-de-casablanca\/","title":{"rendered":"Circuit de 10 jours au d\u00e9part de Casablanca"},"content":{"rendered":"<div>\n<div>\n<div><span style=\"color: #000080;\"><strong> Circuit de 10 jours au d\u00e9part de Casablanca :<\/strong><\/span> Partez de Casablanca pour un voyage de 10 jours \u00e0 travers le Maroc afin d'explorer des lieux c\u00e9l\u00e8bres et de profiter de l'ambiance du pays. <span style=\"color: #000080;\">dynamique<\/span> culture. Commencez par la mosqu\u00e9e Hassan II \u00e0 Casablanca et les c\u00e9l\u00e8bres sites de <strong><span style=\"color: #8f3a1b;\"><a style=\"color: #8f3a1b;\" href=\"https:\/\/fr.wikipedia.org\/wiki\/Rabat\">Rabat<\/a><\/span><\/strong>Explorez le magnifique d\u00e9sert du Sahara, les m\u00e9dinas historiques de F\u00e8s et les ruelles turquoises de Chefchaouen. D\u00e9couvrez les quartiers anim\u00e9s de<strong><span style=\"color: #8f3a1b;\"><a style=\"color: #8f3a1b;\" href=\"https:\/\/artdeserttours.com\/fr\/tour-category\/tours-from-marrakech\/\"> Marrakech<\/a><\/span><\/strong>Vous pourrez \u00e9galement visiter des sites historiques et participer \u00e0 des activit\u00e9s inhabituelles comme monter \u00e0 dos de chameau et \u00e9couter de la musique autochtone. Apr\u00e8s votre visite, vous vous rendrez \u00e0 l'a\u00e9roport pour un transfert.<\/div>\n<\/div>\n<\/div>\n<table class=\"table table-bordered tours-tabs__table\" style=\"height: 233px;\" width=\"862\">\n<tbody>\n<tr>\n<td><strong>LIEU DU D\u00c9PART<\/strong><\/td>\n<td>Agadir<\/td>\n<\/tr>\n<tr>\n<td><strong>LIEU DE DESTINATION<\/strong><\/td>\n<td>Casablanca<\/td>\n<\/tr>\n<tr>\n<td><strong>INCLURE<\/strong><\/td>\n<td>\n<table class=\"table table-bordered\" style=\"height: 384px;\" width=\"514\">\n<tbody>\n<tr>\n<td><i class=\"fa fa-check icon-tick icon-tick--on\"><\/i> <span style=\"font-family: inherit; font-size: inherit;\">Passer une nuit dans un campement nomade dans le d\u00e9sert avec une tente priv\u00e9e<\/span>\n<p>&nbsp;<\/p><\/td>\n<td><i class=\"fa fa-check icon-tick icon-tick--on\"><\/i><span style=\"font-family: inherit; font-size: inherit;\">Guide parlant fran\u00e7ais avec <\/span><span style=\"font-family: inherit; font-size: inherit;\">Conducteur <\/span><span style=\"font-family: inherit; font-size: inherit;\">pendant la visite<\/span><\/td>\n<\/tr>\n<tr>\n<td><i class=\"fa fa-check icon-tick icon-tick--on\"><\/i>Guides locaux \u00e0 F\u00e8s, Marrakech<\/td>\n<td><i class=\"fa fa-check icon-tick icon-tick--on\"><\/i><span style=\"font-family: inherit; font-size: inherit;\">Prise en charge et d\u00e9p\u00f4t \u00e0 votre<\/span>\n<p><span style=\"font-family: inherit; font-size: inherit;\">h\u00e9bergement<\/span><\/p><\/td>\n<\/tr>\n<\/tbody>\n<\/table>\n<table class=\"table table-bordered\" style=\"height: 117px;\" width=\"510\">\n<tbody>\n<tr>\n<td><i class=\"fa fa-check icon-tick icon-tick--on\"><\/i>Tous les repas plus quelques d\u00eeners comme sp\u00e9cifi\u00e9 dans l'emploi du temps<\/td>\n<\/tr>\n<\/tbody>\n<\/table>\n<p><i class=\"fa fa-check icon-tick icon-tick--on\"><\/i>8 nuits dans de v\u00e9ritables riads ou motels<\/p><\/td>\n<\/tr>\n<tr>\n<td><b>NON COMPRIS<\/b><\/td>\n<td>\n<table class=\"table table-bordered\" style=\"height: 62px;\" width=\"300\">\n<tbody>\n<tr>\n<td><i class=\"fa fa-times icon-tick icon-tick--off\"><\/i><span style=\"font-family: inherit; font-size: inherit;\">Tarifs a\u00e9riens {billets d'avion}<\/span><\/td>\n<\/tr>\n<tr>\n<td><i class=\"fa fa-times icon-tick icon-tick--off\"><\/i>D\u00e9jeuners, boissons<\/td>\n<\/tr>\n<\/tbody>\n<\/table>\n<\/td>\n<\/tr>\n<\/tbody>\n<\/table>\n<p>&nbsp;<\/p>","protected":false},"excerpt":{"rendered":"<p><span style=\"color: #000080;\"><strong>Circuit de 10 jours au d\u00e9part de Casablanca :<\/strong><\/span> Partez de Casablanca pour un voyage de 10 jours \u00e0 travers le Maroc afin d'explorer des lieux c\u00e9l\u00e8bres et de profiter de l'ambiance du pays. <span style=\"color: #000080;\">dynamique<\/span> culture.<\/p>","protected":false},"featured_media":2653,"comment_status":"closed","ping_status":"closed","template":"","meta":{"_monsterinsights_skip_tracking":false,"_monsterinsights_sitenote_active":false,"_monsterinsights_sitenote_note":"","_monsterinsights_sitenote_category":0},"product_brand":[],"product_cat":[21],"product_tag":[87,68,182,76],"class_list":{"0":"post-1474","1":"product","2":"type-product","3":"status-publish","4":"has-post-thumbnail","6":"product_cat-moroccan-tours","7":"product_tag-art-desert-tours","8":"product_tag-casablanca","9":"product_tag-morocco-tours","10":"product_tag-tours-from-casablanca","11":"tour_category-tours-from-casablanca","13":"first","14":"instock","15":"shipping-taxable","16":"product-type-tour"},"aioseo_notices":[],"_links":{"self":[{"href":"https:\/\/artdeserttours.com\/fr\/wp-json\/wp\/v2\/product\/1474","targetHints":{"allow":["GET"]}}],"collection":[{"href":"https:\/\/artdeserttours.com\/fr\/wp-json\/wp\/v2\/product"}],"about":[{"href":"https:\/\/artdeserttours.com\/fr\/wp-json\/wp\/v2\/types\/product"}],"replies":[{"embeddable":true,"href":"https:\/\/artdeserttours.com\/fr\/wp-json\/wp\/v2\/comments?post=1474"}],"wp:featuredmedia":[{"embeddable":true,"href":"https:\/\/artdeserttours.com\/fr\/wp-json\/wp\/v2\/media\/2653"}],"wp:attachment":[{"href":"https:\/\/artdeserttours.com\/fr\/wp-json\/wp\/v2\/media?parent=1474"}],"wp:term":[{"taxonomy":"product_brand","embeddable":true,"href":"https:\/\/artdeserttours.com\/fr\/wp-json\/wp\/v2\/product_brand?post=1474"},{"taxonomy":"product_cat","embeddable":true,"href":"https:\/\/artdeserttours.com\/fr\/wp-json\/wp\/v2\/product_cat?post=1474"},{"taxonomy":"product_tag","embeddable":true,"href":"https:\/\/artdeserttours.com\/fr\/wp-json\/wp\/v2\/product_tag?post=1474"}],"curies":[{"name":"wp","href":"https:\/\/api.w.org\/{rel}","templated":true}]}}