{"id":1510,"date":"2024-09-24T19:23:48","date_gmt":"2024-09-24T19:23:48","guid":{"rendered":"https:\/\/artdeserttours.com\/?post_type=product&#038;p=1510"},"modified":"2026-01-16T16:54:49","modified_gmt":"2026-01-16T16:54:49","slug":"desert-atv-quads","status":"publish","type":"product","link":"https:\/\/artdeserttours.com\/fr\/tours\/quads-tout-terrain-dans-le-desert\/","title":{"rendered":"Quads de d\u00e9sert"},"content":{"rendered":"<div><span style=\"color: #000080;\"><strong>d\u00e9sert Atv Quads : <\/strong><\/span>Aventures \u00e0 v\u00e9lo dans les <a href=\"https:\/\/en.wikipedia.org\/wiki\/Morocco\">Marocain<\/a> Sahara Desert: With art desert <a href=\"https:\/\/artdeserttours.com\/fr\/tour-category\/tours-from-marrakech\/\">Tour<\/a> Company, you may have an unforgettable vacation that you won&#8217;t soon forget while driving over the sand dunes and having a great time.<\/div>\n<table class=\"table table-bordered tours-tabs__table\" style=\"height: 205px;\" width=\"866\">\n<tbody>\n<tr>\n<td><strong>LIEU DE D\u00c9PART\/RETOUR<\/strong><\/td>\n<td>Merzouga -d\u00e9sert -&gt;Merzouga<\/td>\n<\/tr>\n<tr>\n<td><strong>DUR\u00c9E TEMPS<\/strong><\/td>\n<td>1 HEURE<\/td>\n<\/tr>\n<tr>\n<td><b>POSSIBILIT\u00c9 D'OBTENIR PLUS DE TEMPS<\/b><\/td>\n<td>oui<\/td>\n<\/tr>\n<tr>\n<td><\/td>\n<td><\/td>\n<\/tr>\n<tr>\n<td><\/td>\n<td><\/td>\n<\/tr>\n<tr>\n<td><\/td>\n<td><\/td>\n<\/tr>\n<\/tbody>\n<\/table>\n<p>&nbsp;<\/p>","protected":false},"excerpt":{"rendered":"<p><span style=\"color: #000080;\">d\u00e9sert Atv Quads : <\/span>Quads dans le d\u00e9sert : aventures \u00e0 v\u00e9lo dans le d\u00e9sert du Sahara marocain : avec Marrakech Tour Company, vous passerez des vacances inoubliables en parcourant les dunes de sable et en vous amusant.<\/p>","protected":false},"featured_media":1624,"comment_status":"closed","ping_status":"closed","template":"","meta":{"_monsterinsights_skip_tracking":false,"_monsterinsights_sitenote_active":false,"_monsterinsights_sitenote_note":"","_monsterinsights_sitenote_category":0},"product_brand":[],"product_cat":[21],"product_tag":[],"class_list":{"0":"post-1510","1":"product","2":"type-product","3":"status-publish","4":"has-post-thumbnail","6":"product_cat-moroccan-tours","8":"first","9":"instock","10":"sale","11":"shipping-taxable","12":"purchasable","13":"product-type-tour"},"aioseo_notices":[],"_links":{"self":[{"href":"https:\/\/artdeserttours.com\/fr\/wp-json\/wp\/v2\/product\/1510","targetHints":{"allow":["GET"]}}],"collection":[{"href":"https:\/\/artdeserttours.com\/fr\/wp-json\/wp\/v2\/product"}],"about":[{"href":"https:\/\/artdeserttours.com\/fr\/wp-json\/wp\/v2\/types\/product"}],"replies":[{"embeddable":true,"href":"https:\/\/artdeserttours.com\/fr\/wp-json\/wp\/v2\/comments?post=1510"}],"wp:featuredmedia":[{"embeddable":true,"href":"https:\/\/artdeserttours.com\/fr\/wp-json\/wp\/v2\/media\/1624"}],"wp:attachment":[{"href":"https:\/\/artdeserttours.com\/fr\/wp-json\/wp\/v2\/media?parent=1510"}],"wp:term":[{"taxonomy":"product_brand","embeddable":true,"href":"https:\/\/artdeserttours.com\/fr\/wp-json\/wp\/v2\/product_brand?post=1510"},{"taxonomy":"product_cat","embeddable":true,"href":"https:\/\/artdeserttours.com\/fr\/wp-json\/wp\/v2\/product_cat?post=1510"},{"taxonomy":"product_tag","embeddable":true,"href":"https:\/\/artdeserttours.com\/fr\/wp-json\/wp\/v2\/product_tag?post=1510"}],"curies":[{"name":"wp","href":"https:\/\/api.w.org\/{rel}","templated":true}]}}