{"id":1514,"date":"2024-09-24T19:39:11","date_gmt":"2024-09-24T19:39:11","guid":{"rendered":"https:\/\/artdeserttours.com\/?post_type=product&#038;p=1514"},"modified":"2026-01-16T17:01:15","modified_gmt":"2026-01-16T17:01:15","slug":"camel-trekking-in-merzouga","status":"publish","type":"product","link":"https:\/\/artdeserttours.com\/fr\/tours\/trekking-a-dos-de-chameau-a-merzouga\/","title":{"rendered":"randonn\u00e9e chameli\u00e8re \u00e0 merzouga"},"content":{"rendered":"<div><span style=\"color: #000080;\"><strong>Randonn\u00e9e chameli\u00e8re \u00e0 Merzouga<\/strong><\/span> ou (<strong>chameau<\/strong> trajet) cr\u00e9puscule <a href=\"https:\/\/en.wikipedia.org\/wiki\/Erg_Chebbi\">Erg Chebbi<\/a>Ce petit tour \u00e0 dos de chameau au coucher du soleil sera une exp\u00e9rience incroyable. <a href=\"https:\/\/artdeserttours.com\/fr\/galerie\/\">images<\/a>. regarder le soleil se coucher sur le village, les dunes se colorer d'orange et de blanc, . et respirer l'odeur agr\u00e9able du d\u00e9sert du Sahara. Vous n'\u00eates pas pr\u00eat d'oublier ce moment.<\/div>\n<p>&nbsp;<\/p>\n<p>&nbsp;<\/p>\n<table class=\"table table-bordered tours-tabs__table\" style=\"height: 205px;\" width=\"866\">\n<tbody>\n<tr>\n<td><strong>LIEU DE D\u00c9PART\/RETOUR<\/strong><\/td>\n<td>Merzouga -Camp (nuit\u00e9e)-&gt;Merzouga<\/td>\n<\/tr>\n<tr>\n<td><strong>DUR\u00c9E TEMPS<\/strong><\/td>\n<td>1 HEURE entre le d\u00e9part et le campement<\/td>\n<\/tr>\n<tr>\n<td><b>POSSIBILIT\u00c9 D'OBTENIR PLUS DE TEMPS<\/b><\/td>\n<td>oui<\/td>\n<\/tr>\n<\/tbody>\n<\/table>\n<p>&nbsp;<\/p>","protected":false},"excerpt":{"rendered":"<p><span style=\"color: #000080;\">Randonn\u00e9e chameli\u00e8re \u00e0 Merzouga<\/span> Randonn\u00e9e \u00e0 dos de chameau \u00e0 Merzouga ou (balade \u00e0 dos de chameau) au cr\u00e9puscule \u00e0 Erg Chebbi, cette petite excursion \u00e0 dos de chameau au coucher du soleil sera une exp\u00e9rience incroyable. Vous pourrez prendre de magnifiques photos.<\/p>","protected":false},"featured_media":1507,"comment_status":"closed","ping_status":"closed","template":"","meta":{"_monsterinsights_skip_tracking":false,"_monsterinsights_sitenote_active":false,"_monsterinsights_sitenote_note":"","_monsterinsights_sitenote_category":0},"product_brand":[],"product_cat":[21],"product_tag":[],"class_list":{"0":"post-1514","1":"product","2":"type-product","3":"status-publish","4":"has-post-thumbnail","6":"product_cat-moroccan-tours","8":"first","9":"instock","10":"sale","11":"shipping-taxable","12":"purchasable","13":"product-type-tour"},"aioseo_notices":[],"_links":{"self":[{"href":"https:\/\/artdeserttours.com\/fr\/wp-json\/wp\/v2\/product\/1514","targetHints":{"allow":["GET"]}}],"collection":[{"href":"https:\/\/artdeserttours.com\/fr\/wp-json\/wp\/v2\/product"}],"about":[{"href":"https:\/\/artdeserttours.com\/fr\/wp-json\/wp\/v2\/types\/product"}],"replies":[{"embeddable":true,"href":"https:\/\/artdeserttours.com\/fr\/wp-json\/wp\/v2\/comments?post=1514"}],"wp:featuredmedia":[{"embeddable":true,"href":"https:\/\/artdeserttours.com\/fr\/wp-json\/wp\/v2\/media\/1507"}],"wp:attachment":[{"href":"https:\/\/artdeserttours.com\/fr\/wp-json\/wp\/v2\/media?parent=1514"}],"wp:term":[{"taxonomy":"product_brand","embeddable":true,"href":"https:\/\/artdeserttours.com\/fr\/wp-json\/wp\/v2\/product_brand?post=1514"},{"taxonomy":"product_cat","embeddable":true,"href":"https:\/\/artdeserttours.com\/fr\/wp-json\/wp\/v2\/product_cat?post=1514"},{"taxonomy":"product_tag","embeddable":true,"href":"https:\/\/artdeserttours.com\/fr\/wp-json\/wp\/v2\/product_tag?post=1514"}],"curies":[{"name":"wp","href":"https:\/\/api.w.org\/{rel}","templated":true}]}}