{"id":1515,"date":"2024-09-24T19:43:02","date_gmt":"2024-09-24T19:43:02","guid":{"rendered":"https:\/\/artdeserttours.com\/?post_type=product&#038;p=1515"},"modified":"2026-01-16T17:01:12","modified_gmt":"2026-01-16T17:01:12","slug":"desert-excursion-44","status":"publish","type":"product","link":"https:\/\/artdeserttours.com\/fr\/tours\/excursion-dans-le-desert-44\/","title":{"rendered":"Excursion au d\u00e9sert 4*4"},"content":{"rendered":"<div><span style=\"color: #333300;\"><strong><span style=\"color: #000080;\">excursion dans le d\u00e9sert 4*4 :<\/span> <\/strong><\/span>La location d'un 4\u00d74 pour le d\u00e9sert de Merzouga est une activit\u00e9 rapide et agr\u00e9able. <a href=\"https:\/\/en.wikipedia.org\/wiki\/Khamlia\">Khamlia<\/a> Village, o\u00f9 vous pourrez appr\u00e9cier la musique Gnawa, les habitants nomades, les fossiles dans le d\u00e9sert, les villes berb\u00e8res et historiques, et l'oasis. Voici quelques d\u00e9tails concernant le <a href=\"https:\/\/artdeserttours.com\/fr\/morocoo-tours\/\">voyages<\/a> Cependant, nous pouvons travailler avec vous pour adapter l'horaire \u00e0 vos pr\u00e9f\u00e9rences.<\/div>\n<table class=\"table table-bordered tours-tabs__table\" style=\"height: 205px;\" width=\"866\">\n<tbody>\n<tr>\n<td><strong>LIEU DE D\u00c9PART\/RETOUR<\/strong><\/td>\n<td>Merzouga -d\u00e9sert -&gt;Merzouga<\/td>\n<\/tr>\n<tr>\n<td><strong>DUR\u00c9E TEMPS<\/strong><\/td>\n<td>1 HEURE<\/td>\n<\/tr>\n<tr>\n<td><b>POSSIBILIT\u00c9 D'OBTENIR PLUS DE TEMPS<\/b><\/td>\n<td>oui<\/td>\n<\/tr>\n<tr>\n<td><\/td>\n<td><\/td>\n<\/tr>\n<tr>\n<td><\/td>\n<td><\/td>\n<\/tr>\n<tr>\n<td><\/td>\n<td><\/td>\n<\/tr>\n<\/tbody>\n<\/table>\n<p>&nbsp;<\/p>","protected":false},"excerpt":{"rendered":"<p><span style=\"color: #333300;\"><span style=\"color: #000080;\">excursion dans le d\u00e9sert 4*4 :<\/span> <\/span>Excursion dans le d\u00e9sert en 4x4 : louer un 4x4 pour visiter le d\u00e9sert de Merzouga est une activit\u00e9 rapide et agr\u00e9able ! Vous pourrez d\u00e9couvrir le village de Khamlia, o\u00f9 vous pourrez \u00e9couter de la musique gnawa.<\/p>","protected":false},"featured_media":1622,"comment_status":"closed","ping_status":"closed","template":"","meta":{"_monsterinsights_skip_tracking":false,"_monsterinsights_sitenote_active":false,"_monsterinsights_sitenote_note":"","_monsterinsights_sitenote_category":0},"product_brand":[],"product_cat":[21],"product_tag":[87,74,86,75],"class_list":{"0":"post-1515","1":"product","2":"type-product","3":"status-publish","4":"has-post-thumbnail","6":"product_cat-moroccan-tours","7":"product_tag-art-desert-tours","8":"product_tag-merzouga","9":"product_tag-morocco-desert-tour","10":"product_tag-sahara-desert","12":"first","13":"instock","14":"sale","15":"shipping-taxable","16":"purchasable","17":"product-type-tour"},"aioseo_notices":[],"_links":{"self":[{"href":"https:\/\/artdeserttours.com\/fr\/wp-json\/wp\/v2\/product\/1515","targetHints":{"allow":["GET"]}}],"collection":[{"href":"https:\/\/artdeserttours.com\/fr\/wp-json\/wp\/v2\/product"}],"about":[{"href":"https:\/\/artdeserttours.com\/fr\/wp-json\/wp\/v2\/types\/product"}],"replies":[{"embeddable":true,"href":"https:\/\/artdeserttours.com\/fr\/wp-json\/wp\/v2\/comments?post=1515"}],"wp:featuredmedia":[{"embeddable":true,"href":"https:\/\/artdeserttours.com\/fr\/wp-json\/wp\/v2\/media\/1622"}],"wp:attachment":[{"href":"https:\/\/artdeserttours.com\/fr\/wp-json\/wp\/v2\/media?parent=1515"}],"wp:term":[{"taxonomy":"product_brand","embeddable":true,"href":"https:\/\/artdeserttours.com\/fr\/wp-json\/wp\/v2\/product_brand?post=1515"},{"taxonomy":"product_cat","embeddable":true,"href":"https:\/\/artdeserttours.com\/fr\/wp-json\/wp\/v2\/product_cat?post=1515"},{"taxonomy":"product_tag","embeddable":true,"href":"https:\/\/artdeserttours.com\/fr\/wp-json\/wp\/v2\/product_tag?post=1515"}],"curies":[{"name":"wp","href":"https:\/\/api.w.org\/{rel}","templated":true}]}}