{"id":2122,"date":"2024-11-09T16:20:09","date_gmt":"2024-11-09T16:20:09","guid":{"rendered":"https:\/\/artdeserttours.com\/?post_type=product&#038;p=2122"},"modified":"2026-02-27T17:15:28","modified_gmt":"2026-02-27T17:15:28","slug":"day-trip-from-marrakech-to-essaouira","status":"publish","type":"product","link":"https:\/\/artdeserttours.com\/fr\/tours\/excursion-dune-journee-de-marrakech-a-essaouira\/","title":{"rendered":"Excursion d'une journ\u00e9e au d\u00e9part de Marrakech vers Essaouira"},"content":{"rendered":"<div><em><span style=\"color: #000080;\"><strong>Excursion d'une journ\u00e9e au d\u00e9part de Marrakech vers Essaouira<\/strong><\/span><\/em> Pour une bouff\u00e9e d'air marin, faites de la<a href=\"https:\/\/artdeserttours.com\/fr\/tour-category\/moroccan-day-trips\/\"> excursion d'une journ\u00e9e<\/a> \u00e0 Essaouira de <a href=\"https:\/\/en.wikipedia.org\/wiki\/Marrakesh\">Marrakech <\/a>- Essaouira prend la majeure partie de la journ\u00e9e, mais elle en vaut la peine pour sa m\u00e9dina bord\u00e9e de plages et ses bazars sinueux, couronn\u00e9s par un centre en plein air o\u00f9 l'on trouve des caf\u00e9s et des fruits de mer. Vous voyagerez dans un minibus climatis\u00e9, et TOUS les transports sont inclus. Il est donc facile de r\u00e9server \u00e0 l'avance un trajet pour Essaouira. Nous proposons des services de prise en charge et de restitution dans des h\u00f4tels bien situ\u00e9s \u00e0 Marrakech.<\/div>\n<div><\/div>\n<ul>\n<li>Transport aller-retour de Marrakech \u00e0 Essaouira.<\/li>\n<li>voir la m\u00e9dina de la ville, class\u00e9e au patrimoine mondial de l'UNESCO.<\/li>\n<li>Vous aurez du temps libre pour explorer le centre historique et le front de mer de la ville.<\/li>\n<li>et \u00eatre pris en charge et d\u00e9pos\u00e9 dans des h\u00f4tels bien situ\u00e9s \u00e0 Marrakech.<\/li>\n<\/ul>\n<table class=\"table table-bordered tours-tabs__table\" style=\"height: 233px;\" width=\"862\">\n<tbody>\n<tr>\n<td><strong>LIEU DE D\u00c9PART\/RETOUR<\/strong><\/td>\n<td>Marrakech-&gt;essaouira -&gt;Marrakech<\/td>\n<\/tr>\n<tr>\n<td><strong>HEURE DE D\u00c9PART<\/strong><\/td>\n<td>07:30<\/td>\n<\/tr>\n<tr>\n<td><strong>D\u00c9LAI DE RETOUR<\/strong><\/td>\n<td>19: 00<\/td>\n<\/tr>\n<tr>\n<td><strong>INCLURE<\/strong><\/td>\n<td>\n<table class=\"table table-bordered\" style=\"height: 384px;\" width=\"514\">\n<tbody>\n<tr>\n<td><i class=\"fa fa-check icon-tick icon-tick--on\"><\/i>Prise en charge et retour \u00e0 l'h\u00f4tel\n<p>&nbsp;<\/p><\/td>\n<td><i class=\"fa fa-check icon-tick icon-tick--on\"><\/i><span style=\"font-family: inherit; font-size: inherit;\">Guide parlant fran\u00e7ais avec <\/span><span style=\"font-family: inherit; font-size: inherit;\">Conducteur <\/span><span style=\"font-family: inherit; font-size: inherit;\">pendant le voyage<\/span><\/td>\n<\/tr>\n<tr>\n<td><i class=\"fa fa-check icon-tick icon-tick--on\"><\/i><span style=\"font-family: inherit; font-size: inherit;\">3 heures de temps libre pour visiter la ville d'Essaouira<\/span><\/td>\n<\/tr>\n<\/tbody>\n<\/table>\n<table class=\"table table-bordered\" style=\"height: 117px;\" width=\"510\">\n<tbody>\n<tr>\n<td><\/td>\n<\/tr>\n<\/tbody>\n<\/table>\n<p>&nbsp;<\/p><\/td>\n<\/tr>\n<tr>\n<td><b>NON COMPRIS<\/b><\/td>\n<td>\n<table class=\"table table-bordered\" style=\"height: 62px;\" width=\"300\">\n<tbody>\n<tr>\n<td><i class=\"fa fa-times icon-tick icon-tick--off\"><\/i>Aliments<\/td>\n<\/tr>\n<tr>\n<td><i class=\"fa fa-times icon-tick icon-tick--off\"><\/i>D\u00e9jeuners, boissons<\/td>\n<\/tr>\n<\/tbody>\n<\/table>\n<\/td>\n<\/tr>\n<\/tbody>\n<\/table>\n<p>&nbsp;<\/p>","protected":false},"excerpt":{"rendered":"<p>Essaouira est une ville pittoresque souvent qualifi\u00e9e de \u00ab joyau de l'Atlantique \u00bb en raison de ses maisons blanchies \u00e0 la chaux, de ses remparts historiques, de son charme incontestable et de l'amabilit\u00e9 de ses habitants.<\/p>","protected":false},"featured_media":2123,"comment_status":"closed","ping_status":"closed","template":"","meta":{"_monsterinsights_skip_tracking":false,"_monsterinsights_sitenote_active":false,"_monsterinsights_sitenote_note":"","_monsterinsights_sitenote_category":0},"product_brand":[],"product_cat":[21],"product_tag":[171,172,170,169,123,168],"class_list":{"0":"post-2122","1":"product","2":"type-product","3":"status-publish","4":"has-post-thumbnail","6":"product_cat-moroccan-tours","7":"product_tag-day-trip","8":"product_tag-day-trip-from-marrakech","9":"product_tag-essaouira-day-trip-from-marrakech","10":"product_tag-essaouira-morocco","11":"product_tag-marrakech","12":"product_tag-marrakech-to-essaouira","13":"tour_category-moroccan-day-trips","15":"first","16":"instock","17":"shipping-taxable","18":"product-type-tour"},"aioseo_notices":[],"_links":{"self":[{"href":"https:\/\/artdeserttours.com\/fr\/wp-json\/wp\/v2\/product\/2122","targetHints":{"allow":["GET"]}}],"collection":[{"href":"https:\/\/artdeserttours.com\/fr\/wp-json\/wp\/v2\/product"}],"about":[{"href":"https:\/\/artdeserttours.com\/fr\/wp-json\/wp\/v2\/types\/product"}],"replies":[{"embeddable":true,"href":"https:\/\/artdeserttours.com\/fr\/wp-json\/wp\/v2\/comments?post=2122"}],"wp:featuredmedia":[{"embeddable":true,"href":"https:\/\/artdeserttours.com\/fr\/wp-json\/wp\/v2\/media\/2123"}],"wp:attachment":[{"href":"https:\/\/artdeserttours.com\/fr\/wp-json\/wp\/v2\/media?parent=2122"}],"wp:term":[{"taxonomy":"product_brand","embeddable":true,"href":"https:\/\/artdeserttours.com\/fr\/wp-json\/wp\/v2\/product_brand?post=2122"},{"taxonomy":"product_cat","embeddable":true,"href":"https:\/\/artdeserttours.com\/fr\/wp-json\/wp\/v2\/product_cat?post=2122"},{"taxonomy":"product_tag","embeddable":true,"href":"https:\/\/artdeserttours.com\/fr\/wp-json\/wp\/v2\/product_tag?post=2122"}],"curies":[{"name":"wp","href":"https:\/\/api.w.org\/{rel}","templated":true}]}}