{"id":2149,"date":"2024-11-13T12:48:46","date_gmt":"2024-11-13T12:48:46","guid":{"rendered":"https:\/\/artdeserttours.com\/?post_type=product&#038;p=2149"},"modified":"2026-01-16T17:03:27","modified_gmt":"2026-01-16T17:03:27","slug":"1-day-trip-from-fes-to-volubilis","status":"publish","type":"product","link":"https:\/\/artdeserttours.com\/fr\/tours\/excursion-dune-journee-a-moulay-idriss-et-volubilis-au-depart-de-fes\/","title":{"rendered":"Excursion d'une journ\u00e9e de F\u00e8s \u00e0 Volubilis"},"content":{"rendered":"<div><em><span style=\"color: #000080;\"><strong>\u00a0Excursion d'une journ\u00e9e au d\u00e9part de F\u00e8s vers Volubilis : <\/strong><\/span><\/em><span style=\"color: #000080;\"><span style=\"color: #000000;\">Profitez d'une journ\u00e9e compl\u00e8te \u00e0 <a href=\"https:\/\/en.wikipedia.org\/wiki\/Fez,_Morocco\">F\u00e8s<\/a>Les participants \u00e0 l'atelier peuvent profiter d'un voyage exp\u00e9riment\u00e9 pour visiter trois sites, ce qui leur laisse beaucoup de temps pour explorer cette r\u00e9gion de l'Europe. <a href=\"https:\/\/artdeserttours.com\/fr\/tour-category\/tours-from-fes\/\">F\u00e8s<\/a> C'est un voyage d'une journ\u00e9e \u00e0 travers le temps, \u00e0 ne pas manquer. Vous d\u00e9couvrirez la cit\u00e9 imp\u00e9riale, les ruines romaines et la ville sainte. Ce circuit en petit groupe est id\u00e9al pour \u00e9conomiser de l'argent sur le voyage, mais vous b\u00e9n\u00e9ficierez toujours d'un transport priv\u00e9 depuis chaque lieu ! Vous visiterez les sites \u00e0 votre rythme, puis vous vous rendrez en voiture au site suivant avant de rentrer \u00e0 F\u00e8s.<\/span><\/span><\/div>\n<div>\n<table class=\"table table-bordered tours-tabs__table\" style=\"height: 233px;\" width=\"862\">\n<tbody>\n<tr>\n<td><strong>LIEU DE D\u00c9PART\/RETOUR<\/strong><\/td>\n<td>fes\u2013&gt;Meknes \u2013&gt; Volubilis\u2014&gt;fes<\/td>\n<\/tr>\n<tr>\n<td><strong>HEURE DE D\u00c9PART<\/strong><\/td>\n<td>matin\u00e9e<\/td>\n<\/tr>\n<tr>\n<td><strong>D\u00c9LAI DE RETOUR<\/strong><\/td>\n<td>apr\u00e8s-midi<\/td>\n<\/tr>\n<tr>\n<td><strong>INCLURE<\/strong><\/td>\n<td>\n<table class=\"table table-bordered\" style=\"height: 384px;\" width=\"514\">\n<tbody>\n<tr>\n<td><i class=\"fa fa-check icon-tick icon-tick--on\"><\/i>Prise en charge et retour \u00e0 l'h\u00f4tel\n<p>&nbsp;<\/p><\/td>\n<td><i class=\"fa fa-check icon-tick icon-tick--on\"><\/i><span style=\"font-family: inherit; font-size: inherit;\">Guide parlant fran\u00e7ais avec <\/span><span style=\"font-family: inherit; font-size: inherit;\">Conducteur <\/span><span style=\"font-family: inherit; font-size: inherit;\">pendant le voyage<\/span><\/td>\n<\/tr>\n<tr>\n<td><i class=\"fa fa-check icon-tick icon-tick--on\"><\/i>Temps libre pour explorer les sites, promenades, canyons, pauses photos.<\/td>\n<\/tr>\n<\/tbody>\n<\/table>\n<table class=\"table table-bordered\" style=\"height: 117px;\" width=\"510\">\n<tbody>\n<tr>\n<td><\/td>\n<\/tr>\n<\/tbody>\n<\/table>\n<p>&nbsp;<\/p><\/td>\n<\/tr>\n<tr>\n<td><b>NON COMPRIS<\/b><\/td>\n<td>\n<table class=\"table table-bordered\" style=\"height: 62px;\" width=\"300\">\n<tbody>\n<tr>\n<td><i class=\"fa fa-times icon-tick icon-tick--off\"><\/i>Aliments<\/td>\n<\/tr>\n<tr>\n<td><i class=\"fa fa-times icon-tick icon-tick--off\"><\/i>D\u00e9jeuners, boissons<\/td>\n<\/tr>\n<\/tbody>\n<\/table>\n<\/td>\n<\/tr>\n<\/tbody>\n<\/table>\n<\/div>\n<p>&nbsp;<\/p>","protected":false},"excerpt":{"rendered":"<p><em><span style=\"color: #000080;\">Moulay Idriss et Volubilis : excursion d'une journ\u00e9e au d\u00e9part de F\u00e8s : <\/span><\/em><span style=\"color: #000080;\"><span style=\"color: #000000;\">Profitez d'une journ\u00e9e compl\u00e8te \u00e0 F\u00e8s, en profitant d'une excursion guid\u00e9e vers trois sites, avec suffisamment de temps pour explorer cette ville. <a href=\"https:\/\/artdeserttours.com\/fr\/tour-category\/tours-from-fes\/\">F\u00e8s<\/a> Une excursion d'une journ\u00e9e \u00e0 travers le temps ; ne la manquez pas. <\/span><\/span><\/p>","protected":false},"featured_media":2152,"comment_status":"closed","ping_status":"closed","template":"","meta":{"_monsterinsights_skip_tracking":false,"_monsterinsights_sitenote_active":false,"_monsterinsights_sitenote_note":"","_monsterinsights_sitenote_category":0},"product_brand":[],"product_cat":[21],"product_tag":[171,180,181,88,178,182,179],"class_list":{"0":"post-2149","1":"product","2":"type-product","3":"status-publish","4":"has-post-thumbnail","6":"product_cat-moroccan-tours","7":"product_tag-day-trip","8":"product_tag-day-trip-from-fes","9":"product_tag-fes","10":"product_tag-fes-tours","11":"product_tag-morocco-day-trips","12":"product_tag-morocco-tours","13":"product_tag-moulay-idriss-and-volubilis-day-trip-from-fes","14":"tour_category-moroccan-day-trips","16":"first","17":"instock","18":"shipping-taxable","19":"product-type-tour"},"aioseo_notices":[],"_links":{"self":[{"href":"https:\/\/artdeserttours.com\/fr\/wp-json\/wp\/v2\/product\/2149","targetHints":{"allow":["GET"]}}],"collection":[{"href":"https:\/\/artdeserttours.com\/fr\/wp-json\/wp\/v2\/product"}],"about":[{"href":"https:\/\/artdeserttours.com\/fr\/wp-json\/wp\/v2\/types\/product"}],"replies":[{"embeddable":true,"href":"https:\/\/artdeserttours.com\/fr\/wp-json\/wp\/v2\/comments?post=2149"}],"wp:featuredmedia":[{"embeddable":true,"href":"https:\/\/artdeserttours.com\/fr\/wp-json\/wp\/v2\/media\/2152"}],"wp:attachment":[{"href":"https:\/\/artdeserttours.com\/fr\/wp-json\/wp\/v2\/media?parent=2149"}],"wp:term":[{"taxonomy":"product_brand","embeddable":true,"href":"https:\/\/artdeserttours.com\/fr\/wp-json\/wp\/v2\/product_brand?post=2149"},{"taxonomy":"product_cat","embeddable":true,"href":"https:\/\/artdeserttours.com\/fr\/wp-json\/wp\/v2\/product_cat?post=2149"},{"taxonomy":"product_tag","embeddable":true,"href":"https:\/\/artdeserttours.com\/fr\/wp-json\/wp\/v2\/product_tag?post=2149"}],"curies":[{"name":"wp","href":"https:\/\/api.w.org\/{rel}","templated":true}]}}