{"id":2225,"date":"2024-12-05T09:59:38","date_gmt":"2024-12-05T09:59:38","guid":{"rendered":"https:\/\/artdeserttours.com\/?post_type=product&#038;p=2225"},"modified":"2026-01-16T16:38:38","modified_gmt":"2026-01-16T16:38:38","slug":"4-days-tour-from-agadir-to-zagora-desert","status":"publish","type":"product","link":"https:\/\/artdeserttours.com\/fr\/tours\/circuit-de-4-jours-dagadir-a-zagora-dans-le-desert\/","title":{"rendered":"Circuit de 4 jours d'Agadir au d\u00e9sert de Zagora"},"content":{"rendered":"<div>\n<div>\n<div><span style=\"color: #000080;\"><strong>Circuit de 4 jours d'Agadir au d\u00e9sert de Zagora :<\/strong><\/span>Participez \u00e0 une excursion m\u00e9morable de 4 jours au d\u00e9part de <span style=\"color: #8f3a1b;\"><strong><a style=\"color: #8f3a1b;\" href=\"https:\/\/en.wikipedia.org\/wiki\/Agadir\">Agadir<\/a> <\/strong><\/span>au d\u00e9sert de Zagora et appr\u00e9cier la beaut\u00e9 du sud du Maroc, depuis la ville anim\u00e9e d'Agadir jusqu'aux pentes tranquilles de l'\u00eele d'Agadir. <a href=\"https:\/\/artdeserttours.com\/fr\/morocco-tours\/camel-trekking-in-merzouga\/\"><span style=\"color: #8f3a1b;\"><strong>D\u00e9sert du Sahara<\/strong><\/span><\/a>. Ne vous inqui\u00e9tez plus, ce voyage est id\u00e9al pour les personnes qui souhaitent appr\u00e9cier une immersion culturelle, des sites pittoresques et une v\u00e9ritable culture du d\u00e9sert.<\/div>\n<\/div>\n<\/div>\n<table class=\"table table-bordered tours-tabs__table\" style=\"height: 233px;\" width=\"862\">\n<tbody>\n<tr>\n<td><strong>LIEU DU D\u00c9PART<\/strong><\/td>\n<td>Agadir<\/td>\n<\/tr>\n<tr>\n<td><strong>LIEU DE DESTINATION<\/strong><\/td>\n<td>Agadir<\/td>\n<\/tr>\n<tr>\n<td><strong>INCLURE<\/strong><\/td>\n<td>\n<table class=\"table table-bordered\" style=\"height: 384px;\" width=\"514\">\n<tbody>\n<tr>\n<td><i class=\"fa fa-check icon-tick icon-tick--on\"><\/i><span style=\"font-family: inherit; font-size: inherit;\">Passer une nuit dans un campement nomade dans le d\u00e9sert avec une tente priv\u00e9e<\/span><\/td>\n<td><i class=\"fa fa-check icon-tick icon-tick--on\"><\/i><span style=\"font-family: inherit; font-size: inherit;\">Guide parlant fran\u00e7ais avec <\/span><span style=\"font-family: inherit; font-size: inherit;\">Conducteur <\/span><span style=\"font-family: inherit; font-size: inherit;\">pendant la visite<\/span><\/td>\n<\/tr>\n<tr>\n<td><i class=\"fa fa-check icon-tick icon-tick--on\"><\/i><span style=\"font-family: inherit; font-size: inherit;\">Prise en charge et d\u00e9p\u00f4t \u00e0 votre <\/span><span style=\"font-family: inherit; font-size: inherit;\">h\u00e9bergement<\/span><\/td>\n<\/tr>\n<\/tbody>\n<\/table>\n<p>&nbsp;<\/p><\/td>\n<\/tr>\n<tr>\n<td><b>NON COMPRIS<\/b><\/td>\n<td>\n<table class=\"table table-bordered\" style=\"height: 62px;\" width=\"300\">\n<tbody>\n<tr>\n<td><i class=\"fa fa-times icon-tick icon-tick--off\"><\/i><span style=\"font-family: inherit; font-size: inherit;\">Tarifs a\u00e9riens {billets d'avion}<\/span><\/td>\n<\/tr>\n<tr>\n<td><i class=\"fa fa-times icon-tick icon-tick--off\"><\/i>D\u00e9jeuners, boissons<\/td>\n<\/tr>\n<\/tbody>\n<\/table>\n<\/td>\n<\/tr>\n<\/tbody>\n<\/table>\n<p>&nbsp;<\/p>","protected":false},"excerpt":{"rendered":"<p><span style=\"color: #000080;\">Circuit de 4 jours d'Agadir au d\u00e9sert de Zagora :<\/span>Participez \u00e0 une excursion m\u00e9morable de 4 jours au d\u00e9part d'Agadir vers le d\u00e9sert de Zagora et appr\u00e9ciez la beaut\u00e9 du sud du Maroc, depuis la ville anim\u00e9e d'Agadir jusqu'aux pentes tranquilles du d\u00e9sert du Sahara.<\/p>","protected":false},"featured_media":2206,"comment_status":"closed","ping_status":"closed","template":"","meta":{"_monsterinsights_skip_tracking":false,"_monsterinsights_sitenote_active":false,"_monsterinsights_sitenote_note":"","_monsterinsights_sitenote_category":0},"product_brand":[],"product_cat":[21],"product_tag":[91,204,202,87,182,198],"class_list":{"0":"post-2225","1":"product","2":"type-product","3":"status-publish","4":"has-post-thumbnail","6":"product_cat-moroccan-tours","7":"product_tag-4-days-in-morocco","8":"product_tag-4-days-tour-from-agadir-to-zagora-desert","9":"product_tag-agadir","10":"product_tag-art-desert-tours","11":"product_tag-morocco-tours","12":"product_tag-zagora","13":"tour_category-tours-from-agadir","15":"first","16":"instock","17":"shipping-taxable","18":"product-type-tour"},"aioseo_notices":[],"_links":{"self":[{"href":"https:\/\/artdeserttours.com\/fr\/wp-json\/wp\/v2\/product\/2225","targetHints":{"allow":["GET"]}}],"collection":[{"href":"https:\/\/artdeserttours.com\/fr\/wp-json\/wp\/v2\/product"}],"about":[{"href":"https:\/\/artdeserttours.com\/fr\/wp-json\/wp\/v2\/types\/product"}],"replies":[{"embeddable":true,"href":"https:\/\/artdeserttours.com\/fr\/wp-json\/wp\/v2\/comments?post=2225"}],"wp:featuredmedia":[{"embeddable":true,"href":"https:\/\/artdeserttours.com\/fr\/wp-json\/wp\/v2\/media\/2206"}],"wp:attachment":[{"href":"https:\/\/artdeserttours.com\/fr\/wp-json\/wp\/v2\/media?parent=2225"}],"wp:term":[{"taxonomy":"product_brand","embeddable":true,"href":"https:\/\/artdeserttours.com\/fr\/wp-json\/wp\/v2\/product_brand?post=2225"},{"taxonomy":"product_cat","embeddable":true,"href":"https:\/\/artdeserttours.com\/fr\/wp-json\/wp\/v2\/product_cat?post=2225"},{"taxonomy":"product_tag","embeddable":true,"href":"https:\/\/artdeserttours.com\/fr\/wp-json\/wp\/v2\/product_tag?post=2225"}],"curies":[{"name":"wp","href":"https:\/\/api.w.org\/{rel}","templated":true}]}}