{"id":2226,"date":"2024-12-05T10:19:49","date_gmt":"2024-12-05T10:19:49","guid":{"rendered":"https:\/\/artdeserttours.com\/?post_type=product&#038;p=2226"},"modified":"2026-05-17T15:21:56","modified_gmt":"2026-05-17T15:21:56","slug":"7-days-tour-from-agadir-to-casablanca","status":"publish","type":"product","link":"https:\/\/artdeserttours.com\/fr\/tours\/7-jours-a-travers-le-desert-dagadir-a-casablanca\/","title":{"rendered":"7 Days tour from Agadir to Casablanca"},"content":{"rendered":"<div>\n<div>\n<p><span style=\"color: #000080;\"><strong>7 Days tour from Agadir to Casablanca:<\/strong><\/span>Voyagez au Maroc et ressentez l'essence du Maroc lors d'un circuit de 7 jours d'Agadir \u00e0 Casablanca, \u00e0 travers le d\u00e9sert. Ce circuit permet au voyageur d'appr\u00e9cier les diff\u00e9rentes r\u00e9gions du Maroc. <strong><span style=\"color: #8f3a1b;\"><a style=\"color: #8f3a1b;\" href=\"https:\/\/en.wikipedia.org\/wiki\/Morocco\">le Maroc<\/a> <\/span><\/strong>qui vont de la ville c\u00f4ti\u00e8re d'Agadir \u00e0 la r\u00e9gion m\u00e9tropolitaine de Casablanca en passant par des sites historiques, des vall\u00e9es captivantes, des gorges \u00e9poustouflantes et les spectaculaires <a href=\"https:\/\/artdeserttours.com\/fr\/morocco-tours\/desert-excursion-44\/\"><span style=\"color: #8f3a1b;\"><strong>D\u00e9sert du Sahara<\/strong><\/span><\/a>. Ne manquez pas cette occasion de d\u00e9couvrir la merveilleuse culture du Maroc, la glorieuse nature et les sites de l'histoire de l'art marocain au cours de ce voyage \u00e0 couper le souffle !<\/p>\n<\/div>\n<\/div>\n<table class=\"table table-bordered tours-tabs__table\" style=\"height: 233px;\" width=\"862\">\n<tbody>\n<tr>\n<td><strong>LIEU DU D\u00c9PART<\/strong><\/td>\n<td>Agadir<\/td>\n<\/tr>\n<tr>\n<td><strong>LIEU DE DESTINATION<\/strong><\/td>\n<td>Casablanca<\/td>\n<\/tr>\n<tr>\n<td><strong>INCLURE<\/strong><\/td>\n<td>\n<table class=\"table table-bordered\" style=\"height: 384px;\" width=\"514\">\n<tbody>\n<tr>\n<td><i class=\"fa fa-check icon-tick icon-tick--on\"><\/i>Randonn\u00e9e \u00e0 dos de chameau et <span style=\"font-family: inherit; font-size: inherit;\">Passer une nuit dans un campement nomade dans le d\u00e9sert avec une tente priv\u00e9e<\/span><\/td>\n<td><i class=\"fa fa-check icon-tick icon-tick--on\"><\/i><span style=\"font-family: inherit; font-size: inherit;\">Guide parlant fran\u00e7ais avec <\/span><span style=\"font-family: inherit; font-size: inherit;\">Conducteur <\/span><span style=\"font-family: inherit; font-size: inherit;\">pendant la visite<\/span><\/td>\n<\/tr>\n<tr>\n<td><i class=\"fa fa-check icon-tick icon-tick--on\"><\/i><span style=\"font-family: inherit; font-size: inherit;\">Randonn\u00e9e \u00e0 dos de chameau dans les dunes de Merzouga<\/span><\/td>\n<td><i class=\"fa fa-check icon-tick icon-tick--on\"><\/i><span style=\"font-family: inherit; font-size: inherit;\">Prise en charge et d\u00e9p\u00f4t \u00e0 votre<\/span>\n<p><span style=\"font-family: inherit; font-size: inherit;\">h\u00e9bergement<\/span><\/p><\/td>\n<\/tr>\n<\/tbody>\n<\/table>\n<p><i class=\"fa fa-check icon-tick icon-tick--on\"><\/i>6 nuits dans de v\u00e9ritables riads ou motels<\/p>\n<p><i class=\"fa fa-check icon-tick icon-tick--on\"><\/i>Guides locaux \u00e0 F\u00e8s<\/p><\/td>\n<\/tr>\n<tr>\n<td><b>NON COMPRIS<\/b><\/td>\n<td>\n<table class=\"table table-bordered\" style=\"height: 62px;\" width=\"300\">\n<tbody>\n<tr>\n<td><i class=\"fa fa-times icon-tick icon-tick--off\"><\/i><span style=\"font-family: inherit; font-size: inherit;\">Tarifs a\u00e9riens {billets d'avion}<\/span><\/td>\n<\/tr>\n<tr>\n<td><i class=\"fa fa-times icon-tick icon-tick--off\"><\/i>D\u00e9jeuners, boissons<\/td>\n<\/tr>\n<\/tbody>\n<\/table>\n<\/td>\n<\/tr>\n<\/tbody>\n<\/table>\n<p>&nbsp;<\/p>","protected":false},"excerpt":{"rendered":"<p><span style=\"color: #000080;\">7 jours \u00e0 travers le d\u00e9sert d'Agadir \u00e0 Casablanca :<\/span>7 jours \u00e0 travers le d\u00e9sert d'Agadir \u00e0 Casablanca:Voyagez au Maroc et ressentez l'essence du Maroc lors d'un circuit de 7 jours d'Agadir \u00e0 Casablanca,<\/p>","protected":false},"featured_media":2221,"comment_status":"closed","ping_status":"closed","template":"","meta":{"_monsterinsights_skip_tracking":false,"_monsterinsights_sitenote_active":false,"_monsterinsights_sitenote_note":"","_monsterinsights_sitenote_category":0},"product_brand":[],"product_cat":[21],"product_tag":[80,203,206,201,205],"class_list":{"0":"post-2226","1":"product","2":"type-product","3":"status-publish","4":"has-post-thumbnail","6":"product_cat-moroccan-tours","7":"product_tag-7-days-in-morocco","8":"product_tag-7-days-through-the-desert-from-agadir-to-casablanca","9":"product_tag-agadir-morocco","10":"product_tag-morocco-tours-from-agadir","11":"product_tag-weekend-in-morocco-from-agadir","12":"tour_category-tours-from-agadir","14":"first","15":"instock","16":"shipping-taxable","17":"product-type-tour"},"aioseo_notices":[],"_links":{"self":[{"href":"https:\/\/artdeserttours.com\/fr\/wp-json\/wp\/v2\/product\/2226","targetHints":{"allow":["GET"]}}],"collection":[{"href":"https:\/\/artdeserttours.com\/fr\/wp-json\/wp\/v2\/product"}],"about":[{"href":"https:\/\/artdeserttours.com\/fr\/wp-json\/wp\/v2\/types\/product"}],"replies":[{"embeddable":true,"href":"https:\/\/artdeserttours.com\/fr\/wp-json\/wp\/v2\/comments?post=2226"}],"wp:featuredmedia":[{"embeddable":true,"href":"https:\/\/artdeserttours.com\/fr\/wp-json\/wp\/v2\/media\/2221"}],"wp:attachment":[{"href":"https:\/\/artdeserttours.com\/fr\/wp-json\/wp\/v2\/media?parent=2226"}],"wp:term":[{"taxonomy":"product_brand","embeddable":true,"href":"https:\/\/artdeserttours.com\/fr\/wp-json\/wp\/v2\/product_brand?post=2226"},{"taxonomy":"product_cat","embeddable":true,"href":"https:\/\/artdeserttours.com\/fr\/wp-json\/wp\/v2\/product_cat?post=2226"},{"taxonomy":"product_tag","embeddable":true,"href":"https:\/\/artdeserttours.com\/fr\/wp-json\/wp\/v2\/product_tag?post=2226"}],"curies":[{"name":"wp","href":"https:\/\/api.w.org\/{rel}","templated":true}]}}