{"id":2404,"date":"2025-01-19T12:17:38","date_gmt":"2025-01-19T12:17:38","guid":{"rendered":"https:\/\/artdeserttours.com\/?post_type=product&#038;p=2404"},"modified":"2026-02-04T12:55:34","modified_gmt":"2026-02-04T12:55:34","slug":"4-days-tour-from-errachidia-to-marrakech","status":"publish","type":"product","link":"https:\/\/artdeserttours.com\/fr\/tours\/circuit-de-4-jours-derrachidia-a-marrakech\/","title":{"rendered":"Circuit de 4 jours d'Errachidia \u00e0 Marrakech"},"content":{"rendered":"<div><span style=\"color: #000080;\"><span style=\"color: #000080;\"><strong>Circuit de 4 jours d'Errachidia \u00e0 Marrakech :<\/strong><\/span><\/span>J<span style=\"color: #000000;\">4-day tour from Errachidia to Marrakech : <a style=\"color: #000000;\" href=\"https:\/\/artdeserttours.com\/fr\/tour-category\/tour-from-errachidia\/\">Errachidia<\/a>. Durante su estancia, disfrute visitando a los gitanos en sus tiendas y tambi\u00e9n a los gnaoua, y no olvide ir a ver las antiguas minas de delineador. Y por \u00faltimo, disfrute de su estancia con nosotros durante 3 noches a lo largo del desierto. Comience su viaje con <a style=\"color: #000000;\" href=\"https:\/\/en.wikipedia.org\/wiki\/Merzouga\">Merzouga<\/a>A continuaci\u00f3n, cabalgaremos en Satras, las rosas reci\u00e9n criadas que se encuentran a orillas del lago y que albergan una gran variedad de vida salvaje, lo que a su vez le ofrecer\u00e1 una experiencia estimulante. La tienda en la que dormir\u00e1 estar\u00e1 situada justo en el centro de los arbustos de palmeras, por no hablar de montar en camello y contemplar el amanecer y el atardecer en las dunas de arena. Despu\u00e9s de salir del lago, preparar\u00e9 una cena tradicional bereber de tagine, y podremos dormir mientras el cielo iluminado por las estrellas nos rodea tumbados junto al caldero.<\/span><\/div>\n<p>&nbsp;<\/p>\n<table class=\"table table-bordered tours-tabs__table\" style=\"height: 233px;\" width=\"862\">\n<tbody>\n<tr>\n<td><strong>LIEU DU D\u00c9PART<\/strong><\/td>\n<td>Marrakech<\/td>\n<\/tr>\n<tr>\n<td><strong>LIEU DE DESTINATION<\/strong><\/td>\n<td>Errachidia<\/td>\n<\/tr>\n<tr>\n<td><strong>INCLURE<\/strong><\/td>\n<td><span style=\"font-family: inherit; font-size: inherit;\">h\u00e9bergement<\/span>\n<table class=\"table table-bordered\" style=\"height: 384px;\" width=\"514\">\n<tbody>\n<tr>\n<td><i class=\"fa fa-check icon-tick icon-tick--on\"><\/i><span style=\"font-family: inherit; font-size: inherit;\">Passer une nuit dans un camp nomade dans le d\u00e9sert avec une tente priv\u00e9e (lit, d\u00eener),<br \/>\nbreakfast et sahara music group)<\/span><\/td>\n<td><i class=\"fa fa-check icon-tick icon-tick--on\"><\/i><span style=\"font-family: inherit; font-size: inherit;\">Guide parlant fran\u00e7ais avec <\/span><span style=\"font-family: inherit; font-size: inherit;\">Conducteur <\/span><span style=\"font-family: inherit; font-size: inherit;\">pendant la visite<\/span><\/td>\n<\/tr>\n<tr>\n<td><i class=\"fa fa-check icon-tick icon-tick--on\"><\/i><span style=\"font-family: inherit; font-size: inherit;\">Randonn\u00e9e \u00e0 dos de chameau dans les dunes de Merzouga<\/span><\/td>\n<td><i class=\"fa fa-check icon-tick icon-tick--on\"><\/i><span style=\"font-family: inherit; font-size: inherit;\">Prise en charge et d\u00e9p\u00f4t \u00e0 votre<\/span><\/td>\n<td><i class=\"fa fa-check icon-tick icon-tick--on\"><\/i><span style=\"font-family: inherit; font-size: inherit;\">coucher de soleil, lever de soleil<\/span><\/td>\n<\/tr>\n<\/tbody>\n<\/table>\n<\/td>\n<\/tr>\n<\/tbody>\n<\/table>\n<p><b>NON COMPRIS<\/b><\/p>\n<table class=\"table table-bordered\" style=\"height: 62px;\" width=\"300\">\n<tbody>\n<tr>\n<td><i class=\"fa fa-times icon-tick icon-tick--off\"><\/i><span style=\"font-family: inherit; font-size: inherit;\">Tarifs a\u00e9riens {billets d'avion}<\/span><\/td>\n<\/tr>\n<tr>\n<td><i class=\"fa fa-times icon-tick icon-tick--off\"><\/i>D\u00e9jeuners, boissons<\/td>\n<\/tr>\n<\/tbody>\n<\/table>\n<p>&nbsp;<\/p>\n<p>&nbsp;<\/p>","protected":false},"excerpt":{"rendered":"<p><span style=\"color: #000000;\">Circuit de 4 jours d'Errachidia \u00e0 Marrakech:Rejoignez-nous pour une aventure de 4 jours dans le d\u00e9sert marocain, au d\u00e9part d'Errachidia. Pendant votre s\u00e9jour, vous aurez le plaisir de rendre visite aux Gitans dans leurs tentes et aux Gnaouas, et n'oubliez pas d'aller voir les anciennes mines d'eyeliner.<\/span><\/p>","protected":false},"featured_media":2412,"comment_status":"closed","ping_status":"closed","template":"","meta":{"_monsterinsights_skip_tracking":false,"_monsterinsights_sitenote_active":false,"_monsterinsights_sitenote_note":"","_monsterinsights_sitenote_category":0,"_uf_show_specific_survey":0,"_uf_disable_surveys":false},"product_brand":[],"product_cat":[21],"product_tag":[91,214,87,182],"class_list":{"0":"post-2404","1":"product","2":"type-product","3":"status-publish","4":"has-post-thumbnail","6":"product_cat-moroccan-tours","7":"product_tag-4-days-in-morocco","8":"product_tag-4-days-tour-from-errachidia-to-marrakech","9":"product_tag-art-desert-tours","10":"product_tag-morocco-tours","11":"tour_category-tours-from-errachidia","13":"first","14":"instock","15":"shipping-taxable","16":"product-type-tour"},"aioseo_notices":[],"_links":{"self":[{"href":"https:\/\/artdeserttours.com\/fr\/wp-json\/wp\/v2\/product\/2404","targetHints":{"allow":["GET"]}}],"collection":[{"href":"https:\/\/artdeserttours.com\/fr\/wp-json\/wp\/v2\/product"}],"about":[{"href":"https:\/\/artdeserttours.com\/fr\/wp-json\/wp\/v2\/types\/product"}],"replies":[{"embeddable":true,"href":"https:\/\/artdeserttours.com\/fr\/wp-json\/wp\/v2\/comments?post=2404"}],"wp:featuredmedia":[{"embeddable":true,"href":"https:\/\/artdeserttours.com\/fr\/wp-json\/wp\/v2\/media\/2412"}],"wp:attachment":[{"href":"https:\/\/artdeserttours.com\/fr\/wp-json\/wp\/v2\/media?parent=2404"}],"wp:term":[{"taxonomy":"product_brand","embeddable":true,"href":"https:\/\/artdeserttours.com\/fr\/wp-json\/wp\/v2\/product_brand?post=2404"},{"taxonomy":"product_cat","embeddable":true,"href":"https:\/\/artdeserttours.com\/fr\/wp-json\/wp\/v2\/product_cat?post=2404"},{"taxonomy":"product_tag","embeddable":true,"href":"https:\/\/artdeserttours.com\/fr\/wp-json\/wp\/v2\/product_tag?post=2404"}],"curies":[{"name":"wp","href":"https:\/\/api.w.org\/{rel}","templated":true}]}}